{"id":717,"date":"2025-12-30T01:36:06","date_gmt":"2025-12-30T01:36:06","guid":{"rendered":"https:\/\/custompapertubeboxes.com\/?post_type=product&#038;p=717"},"modified":"2025-12-30T01:36:06","modified_gmt":"2025-12-30T01:36:06","slug":"paper-champagne-presentation-tubes-alcohol-tube-packaging","status":"publish","type":"product","link":"https:\/\/custompapertubeboxes.com\/es\/paper-champagne-presentation-tubes-alcohol-tube-packaging\/","title":{"rendered":"Tubos de presentaci\u00f3n de papel para champ\u00e1n Envases para tubos de alcohol"},"content":{"rendered":"<p>los tubos de presentaci\u00f3n de papel para champ\u00e1n el envase para tubos de alcohol est\u00e1 dise\u00f1ado para que su botella tenga un aire ceremonial desde el momento en que se coge. el robusto cuerpo de cart\u00f3n protege el cristal de los golpes al tiempo que mantiene el tubo ligero y f\u00e1cil de transportar. el laminado en caliente en oro rosa a\u00f1ade un refinado destello a los logotipos, bordes o motivos, como un brindis silencioso bajo una luz c\u00e1lida. la tapa y el fondo de hojalata met\u00e1lica refuerzan la estructura, ayudan a que el tubo quede plano y aumentan el valor percibido para regalos de calidad. elija tama\u00f1os personalizables para champ\u00e1n, co\u00f1ac, whisky o ediciones especiales. a\u00f1ada inserciones personalizadas, grabados en relieve o acabados mate para su marca.<\/p>","protected":false},"excerpt":{"rendered":"<p>tubos de presentaci\u00f3n de papel para champ\u00e1n envases de tubos de alcohol: resistente cilindro de cart\u00f3n con estampaci\u00f3n en caliente en oro rosa, tapa y fondo de hojalata y tama\u00f1o personalizado para convertir cada botella en un regalo.<\/p>","protected":false},"featured_media":719,"template":"","meta":{"_gspb_post_css":""},"product_brand":[],"product_cat":[20,26],"product_tag":[479,478,483,481,482,480],"class_list":{"0":"post-717","1":"product","2":"type-product","3":"status-publish","4":"has-post-thumbnail","6":"product_cat-food-paper-tubes","7":"product_cat-spirits-wine-paper-tubes","8":"product_tag-alcohol-presentation-tube","9":"product_tag-champagne-paper-tube","10":"product_tag-custom-spirits-packaging","11":"product_tag-hot-foil-paper-tube","12":"product_tag-tinplate-lid-tube-box","13":"product_tag-wine-bottle-tube-packaging","15":"first","16":"instock","17":"shipping-taxable","18":"product-type-simple"},"_links":{"self":[{"href":"https:\/\/custompapertubeboxes.com\/es\/wp-json\/wp\/v2\/product\/717","targetHints":{"allow":["GET"]}}],"collection":[{"href":"https:\/\/custompapertubeboxes.com\/es\/wp-json\/wp\/v2\/product"}],"about":[{"href":"https:\/\/custompapertubeboxes.com\/es\/wp-json\/wp\/v2\/types\/product"}],"wp:featuredmedia":[{"embeddable":true,"href":"https:\/\/custompapertubeboxes.com\/es\/wp-json\/wp\/v2\/media\/719"}],"wp:attachment":[{"href":"https:\/\/custompapertubeboxes.com\/es\/wp-json\/wp\/v2\/media?parent=717"}],"wp:term":[{"taxonomy":"product_brand","embeddable":true,"href":"https:\/\/custompapertubeboxes.com\/es\/wp-json\/wp\/v2\/product_brand?post=717"},{"taxonomy":"product_cat","embeddable":true,"href":"https:\/\/custompapertubeboxes.com\/es\/wp-json\/wp\/v2\/product_cat?post=717"},{"taxonomy":"product_tag","embeddable":true,"href":"https:\/\/custompapertubeboxes.com\/es\/wp-json\/wp\/v2\/product_tag?post=717"}],"curies":[{"name":"wp","href":"https:\/\/api.w.org\/{rel}","templated":true}]}}