{"id":723,"date":"2025-12-30T01:39:22","date_gmt":"2025-12-30T01:39:22","guid":{"rendered":"https:\/\/custompapertubeboxes.com\/?post_type=product&#038;p=723"},"modified":"2025-12-30T01:39:22","modified_gmt":"2025-12-30T01:39:22","slug":"child-resistant-paper-tube-box-for-concentrate-container","status":"publish","type":"product","link":"https:\/\/custompapertubeboxes.com\/es\/child-resistant-paper-tube-box-for-concentrate-container\/","title":{"rendered":"Caja de tubo de papel a prueba de ni\u00f1os para envases de concentrados"},"content":{"rendered":"<p>la caja de tubo de papel resistente a los ni\u00f1os para el envase de concentrados est\u00e1 fabricada con cart\u00f3n negro resistente que ofrece una sensaci\u00f3n de suavidad y seriedad en la estanter\u00eda. el cierre a prueba de ni\u00f1os est\u00e1 fabricado para soportar las necesidades de cumplimiento de normas sin dejar de abrirse con facilidad para los adultos. en el interior, un c\u00f3modo inserto o espuma puede mantener firme un tarro peque\u00f1o, reduciendo el traqueteo durante el transporte. el estampado en caliente destaca su logotipo sin sobrecargar el dise\u00f1o. cuando se acaba el producto, el cuerpo de papel biodegradable ayuda a reducir los residuos en comparaci\u00f3n con los envases pesados de pl\u00e1stico. personalice el di\u00e1metro, la altura y el acabado para cosm\u00e9ticos, suplementos u otros concentrados. con inserciones personalizadas opcionales en el interior.<\/p>","protected":false},"excerpt":{"rendered":"<p>Caja tubular de papel resistente a los ni\u00f1os para envases de concentrados: cart\u00f3n negro mate con cierre de estilo \"empujar y girar\", logotipo en caliente y estructura biodegradable que mantiene los tarros peque\u00f1os discretos y protegidos.<\/p>","protected":false},"featured_media":725,"template":"","meta":{"_gspb_post_css":""},"product_brand":[],"product_cat":[29],"product_tag":[485,484,72,486,487,274],"class_list":{"0":"post-723","1":"product","2":"type-product","3":"status-publish","4":"has-post-thumbnail","6":"product_cat-child-resistant-paper-tubes","7":"product_tag-biodegradable-cylinder-packaging","8":"product_tag-black-cardboard-tube-box","9":"product_tag-child-resistant-paper-tube","10":"product_tag-concentrate-container-packaging","11":"product_tag-custom-paper-tube-box","12":"product_tag-hot-foil-stamped-tube","14":"first","15":"instock","16":"shipping-taxable","17":"product-type-simple"},"_links":{"self":[{"href":"https:\/\/custompapertubeboxes.com\/es\/wp-json\/wp\/v2\/product\/723","targetHints":{"allow":["GET"]}}],"collection":[{"href":"https:\/\/custompapertubeboxes.com\/es\/wp-json\/wp\/v2\/product"}],"about":[{"href":"https:\/\/custompapertubeboxes.com\/es\/wp-json\/wp\/v2\/types\/product"}],"wp:featuredmedia":[{"embeddable":true,"href":"https:\/\/custompapertubeboxes.com\/es\/wp-json\/wp\/v2\/media\/725"}],"wp:attachment":[{"href":"https:\/\/custompapertubeboxes.com\/es\/wp-json\/wp\/v2\/media?parent=723"}],"wp:term":[{"taxonomy":"product_brand","embeddable":true,"href":"https:\/\/custompapertubeboxes.com\/es\/wp-json\/wp\/v2\/product_brand?post=723"},{"taxonomy":"product_cat","embeddable":true,"href":"https:\/\/custompapertubeboxes.com\/es\/wp-json\/wp\/v2\/product_cat?post=723"},{"taxonomy":"product_tag","embeddable":true,"href":"https:\/\/custompapertubeboxes.com\/es\/wp-json\/wp\/v2\/product_tag?post=723"}],"curies":[{"name":"wp","href":"https:\/\/api.w.org\/{rel}","templated":true}]}}