{"id":734,"date":"2025-12-30T01:45:53","date_gmt":"2025-12-30T01:45:53","guid":{"rendered":"https:\/\/custompapertubeboxes.com\/?post_type=product&#038;p=734"},"modified":"2025-12-30T01:45:53","modified_gmt":"2025-12-30T01:45:53","slug":"water-bottles-paper-tube-packaging-custom-round-cardboard-boxes-for-water-bottles","status":"publish","type":"product","link":"https:\/\/custompapertubeboxes.com\/es\/water-bottles-paper-tube-packaging-custom-round-cardboard-boxes-for-water-bottles\/","title":{"rendered":"Envasado de botellas de agua en tubo de papel, cajas de cart\u00f3n redondas personalizadas para botellas de agua"},"content":{"rendered":"<p>el envase de tubo de papel para botellas de agua, las cajas de cart\u00f3n redondas personalizadas para botellas de agua est\u00e1n hechas para proteger una botella y hacer que parezca un regalo. el n\u00facleo de papel r\u00edgido de 800 g\/m\u00b2 confiere al tubo una resistencia real, mientras que la envoltura de papel art\u00edstico de 125 g\/m\u00b2 crea una superficie lisa para la impresi\u00f3n offset, ideal para logotipos n\u00edtidos, texto fino y bloques de colores intensos como la muestra roja. a\u00f1ada estampaci\u00f3n en caliente para dar vida a su marca con un destello met\u00e1lico y, a continuaci\u00f3n, termine con un plastificado mate para darle un toque suave y moderno que resista las huellas dactilares. con un tama\u00f1o de 6\u00d715 cm, el tubo telesc\u00f3pico se abre limpiamente y se cierra con seguridad para la venta al por menor o para regalo.<\/p>","protected":false},"excerpt":{"rendered":"<p>envases de tubo de papel para botellas de agua, cajas de cart\u00f3n redondas personalizadas para botellas de agua: Tubo r\u00edgido de 6\u00d715 cm con plastificado mate, impresi\u00f3n offset n\u00edtida y logotipo estampado en caliente para un aspecto pulido y listo para regalo.<\/p>","protected":false},"featured_media":741,"template":"","meta":{"_gspb_post_css":""},"product_brand":[],"product_cat":[20,26],"product_tag":[179,274,493,496,495,494],"class_list":{"0":"post-734","1":"product","2":"type-product","3":"status-publish","4":"has-post-thumbnail","6":"product_cat-food-paper-tubes","7":"product_cat-spirits-wine-paper-tubes","8":"product_tag-custom-cylinder-packaging","9":"product_tag-hot-foil-stamped-tube","10":"product_tag-matte-laminated-tube-box","11":"product_tag-rigid-paper-tube-packaging","12":"product_tag-round-cardboard-bottle-box","13":"product_tag-water-bottle-paper-tube","15":"first","16":"instock","17":"shipping-taxable","18":"product-type-simple"},"_links":{"self":[{"href":"https:\/\/custompapertubeboxes.com\/es\/wp-json\/wp\/v2\/product\/734","targetHints":{"allow":["GET"]}}],"collection":[{"href":"https:\/\/custompapertubeboxes.com\/es\/wp-json\/wp\/v2\/product"}],"about":[{"href":"https:\/\/custompapertubeboxes.com\/es\/wp-json\/wp\/v2\/types\/product"}],"wp:featuredmedia":[{"embeddable":true,"href":"https:\/\/custompapertubeboxes.com\/es\/wp-json\/wp\/v2\/media\/741"}],"wp:attachment":[{"href":"https:\/\/custompapertubeboxes.com\/es\/wp-json\/wp\/v2\/media?parent=734"}],"wp:term":[{"taxonomy":"product_brand","embeddable":true,"href":"https:\/\/custompapertubeboxes.com\/es\/wp-json\/wp\/v2\/product_brand?post=734"},{"taxonomy":"product_cat","embeddable":true,"href":"https:\/\/custompapertubeboxes.com\/es\/wp-json\/wp\/v2\/product_cat?post=734"},{"taxonomy":"product_tag","embeddable":true,"href":"https:\/\/custompapertubeboxes.com\/es\/wp-json\/wp\/v2\/product_tag?post=734"}],"curies":[{"name":"wp","href":"https:\/\/api.w.org\/{rel}","templated":true}]}}