{"id":771,"date":"2025-12-30T02:02:05","date_gmt":"2025-12-30T02:02:05","guid":{"rendered":"https:\/\/custompapertubeboxes.com\/?post_type=product&#038;p=771"},"modified":"2025-12-30T02:02:05","modified_gmt":"2025-12-30T02:02:05","slug":"free-sample-tea-cylinder-paper-box-airtight-food-grade-packaging-tube-can-paper-tea-canister","status":"publish","type":"product","link":"https:\/\/custompapertubeboxes.com\/es\/free-sample-tea-cylinder-paper-box-airtight-food-grade-packaging-tube-can-paper-tea-canister\/","title":{"rendered":"Caja de papel cil\u00edndrica de t\u00e9 de muestra gratis, lata de tubo de envasado herm\u00e9tico para alimentos, bote de t\u00e9 de papel"},"content":{"rendered":"<p>caja de papel cil\u00edndrica para muestras gratuitas de t\u00e9, envase herm\u00e9tico de calidad alimentaria, el bote de t\u00e9 de papel est\u00e1 hecho para mantener el aroma donde debe estar: dentro del tubo. la estructura de papel r\u00edgido de 800 g\/m\u00b2 mantiene su forma, mientras que el papel art\u00edstico de 125 g\/m\u00b2 envuelve el exterior para una impresi\u00f3n offset suave. la estampaci\u00f3n en caliente a\u00f1ade detalles brillantes de hojas que dan una sensaci\u00f3n festiva sin parecer estridentes. el plastificado mate proporciona un acabado suave y ayuda a resistir los ara\u00f1azos durante el transporte. con un tama\u00f1o de 5\u00d710 cm, es ideal para juegos de muestras, t\u00e9 en hojas sueltas, bolsitas de matcha o peque\u00f1os aperitivos. a\u00f1ada ilustraciones personalizadas, forros interiores o inserciones para conseguir una presentaci\u00f3n herm\u00e9tica y apta para uso alimentario para la venta al por menor y como regalo.<\/p>","protected":false},"excerpt":{"rendered":"<p>caja de papel de cilindro de t\u00e9 de muestra gratis, lata de tubo de envasado herm\u00e9tico de grado alimenticio, bote de t\u00e9 de papel: Tubo r\u00edgido de 5\u00d710 cm con laminaci\u00f3n mate, impresi\u00f3n n\u00edtida y hojas de l\u00e1mina dorada para regalar frescura.<\/p>","protected":false},"featured_media":777,"template":"","meta":{"_gspb_post_css":""},"product_brand":[],"product_cat":[20,22],"product_tag":[514,515,209,516,517,513],"class_list":{"0":"post-771","1":"product","2":"type-product","3":"status-publish","4":"has-post-thumbnail","6":"product_cat-food-paper-tubes","7":"product_cat-tea-paper-tubes","8":"product_tag-airtight-tea-tube-packaging","9":"product_tag-cylinder-tea-box","10":"product_tag-food-grade-paper-tube","11":"product_tag-hot-foil-stamped-tea-can","12":"product_tag-matte-laminated-paper-canister","13":"product_tag-tea-paper-canister","15":"first","16":"instock","17":"shipping-taxable","18":"product-type-simple"},"_links":{"self":[{"href":"https:\/\/custompapertubeboxes.com\/es\/wp-json\/wp\/v2\/product\/771","targetHints":{"allow":["GET"]}}],"collection":[{"href":"https:\/\/custompapertubeboxes.com\/es\/wp-json\/wp\/v2\/product"}],"about":[{"href":"https:\/\/custompapertubeboxes.com\/es\/wp-json\/wp\/v2\/types\/product"}],"wp:featuredmedia":[{"embeddable":true,"href":"https:\/\/custompapertubeboxes.com\/es\/wp-json\/wp\/v2\/media\/777"}],"wp:attachment":[{"href":"https:\/\/custompapertubeboxes.com\/es\/wp-json\/wp\/v2\/media?parent=771"}],"wp:term":[{"taxonomy":"product_brand","embeddable":true,"href":"https:\/\/custompapertubeboxes.com\/es\/wp-json\/wp\/v2\/product_brand?post=771"},{"taxonomy":"product_cat","embeddable":true,"href":"https:\/\/custompapertubeboxes.com\/es\/wp-json\/wp\/v2\/product_cat?post=771"},{"taxonomy":"product_tag","embeddable":true,"href":"https:\/\/custompapertubeboxes.com\/es\/wp-json\/wp\/v2\/product_tag?post=771"}],"curies":[{"name":"wp","href":"https:\/\/api.w.org\/{rel}","templated":true}]}}