{"id":816,"date":"2025-12-30T02:24:03","date_gmt":"2025-12-30T02:24:03","guid":{"rendered":"https:\/\/custompapertubeboxes.com\/?post_type=product&#038;p=816"},"modified":"2025-12-30T02:24:03","modified_gmt":"2025-12-30T02:24:03","slug":"protective-paper-cylinder-boxes-for-skin-saver-kit-packaging","status":"publish","type":"product","link":"https:\/\/custompapertubeboxes.com\/es\/protective-paper-cylinder-boxes-for-skin-saver-kit-packaging\/","title":{"rendered":"Cajas cil\u00edndricas de papel protectoras para el embalaje de kits Skin Saver"},"content":{"rendered":"<p>las cajas cil\u00edndricas de papel protector para el envasado de kits protectores de la piel est\u00e1n pensadas para los sets de cuidado de la piel m\u00e1s grandes que necesitan una estructura real, no cartones endebles. el resistente cilindro de cart\u00f3n ayuda a evitar el aplastamiento y mantiene los frascos, tubos y tarros juntos en una unidad limpia. la impresi\u00f3n de alta calidad maneja ilustraciones atrevidas y modernas como la de la muestra, por lo que los colores se mantienen suaves y los bordes n\u00edtidos. a\u00f1ada estampaci\u00f3n en caliente plateada para resaltar su logotipo o texto clave con un atractivo destello met\u00e1lico que luce de primera calidad bajo la luz de la tienda. el gran tama\u00f1o ofrece espacio para inserciones y embalaje en capas, creando un desembalaje organizado y satisfactorio. personalice el di\u00e1metro, la altura, la profundidad de la tapa y los ajustes interiores para que se adapten a su kit protector de la piel.<\/p>","protected":false},"excerpt":{"rendered":"<p>Cajas cil\u00edndricas de papel protectoras para el envasado de kits para el cuidado de la piel: tubo grande y resistente de cart\u00f3n con impresi\u00f3n de alta calidad y detalles de l\u00e1mina plateada en caliente, hecho para proteger los kits para el cuidado de la piel y que parezca digno de regalo.<\/p>","protected":false},"featured_media":820,"template":"","meta":{"_gspb_post_css":""},"product_brand":[],"product_cat":[15],"product_tag":[537,477,538,536,527,535],"class_list":{"0":"post-816","1":"product","2":"type-product","3":"status-publish","4":"has-post-thumbnail","6":"product_cat-cosmetics-paper-tubes","7":"product_tag-cosmetic-gift-tube-box","8":"product_tag-custom-printed-cylinder-box","9":"product_tag-large-size-paper-tube","10":"product_tag-protective-paper-cylinder-box","11":"product_tag-silver-foil-stamped-tube","12":"product_tag-skin-care-kit-tube-packaging","14":"first","15":"instock","16":"shipping-taxable","17":"product-type-simple"},"_links":{"self":[{"href":"https:\/\/custompapertubeboxes.com\/es\/wp-json\/wp\/v2\/product\/816","targetHints":{"allow":["GET"]}}],"collection":[{"href":"https:\/\/custompapertubeboxes.com\/es\/wp-json\/wp\/v2\/product"}],"about":[{"href":"https:\/\/custompapertubeboxes.com\/es\/wp-json\/wp\/v2\/types\/product"}],"wp:featuredmedia":[{"embeddable":true,"href":"https:\/\/custompapertubeboxes.com\/es\/wp-json\/wp\/v2\/media\/820"}],"wp:attachment":[{"href":"https:\/\/custompapertubeboxes.com\/es\/wp-json\/wp\/v2\/media?parent=816"}],"wp:term":[{"taxonomy":"product_brand","embeddable":true,"href":"https:\/\/custompapertubeboxes.com\/es\/wp-json\/wp\/v2\/product_brand?post=816"},{"taxonomy":"product_cat","embeddable":true,"href":"https:\/\/custompapertubeboxes.com\/es\/wp-json\/wp\/v2\/product_cat?post=816"},{"taxonomy":"product_tag","embeddable":true,"href":"https:\/\/custompapertubeboxes.com\/es\/wp-json\/wp\/v2\/product_tag?post=816"}],"curies":[{"name":"wp","href":"https:\/\/api.w.org\/{rel}","templated":true}]}}