{"id":855,"date":"2025-12-30T02:44:20","date_gmt":"2025-12-30T02:44:20","guid":{"rendered":"https:\/\/custompapertubeboxes.com\/?post_type=product&#038;p=855"},"modified":"2026-01-30T02:39:25","modified_gmt":"2026-01-30T02:39:25","slug":"eco-friendly-spice-paper-tube-food-grade-wholesale-powder-food-packaging-paper-tube","status":"publish","type":"product","link":"https:\/\/custompapertubeboxes.com\/es\/eco-friendly-spice-paper-tube-food-grade-wholesale-powder-food-packaging-paper-tube\/","title":{"rendered":"Eco Friendly Spice Tubo de papel de grado alimenticio al por mayor de alimentos en polvo tubo de papel de embalaje"},"content":{"rendered":"<p>tubo de papel ecol\u00f3gico para especias envasado de alimentos en polvo al por mayor el tubo de papel para envasado de alimentos en polvo est\u00e1 hecho para los polvos que merecen un envase m\u00e1s limpio y natural. el n\u00facleo de papel r\u00edgido de 800 g\/m\u00b2 mantiene el tubo resistente y apilable, mientras que el papel art\u00edstico de 125 g\/m\u00b2 admite una impresi\u00f3n offset suave para listas de ingredientes, c\u00f3digos de barras y gr\u00e1ficos de marca. el laminado mate a\u00f1ade un tacto suave y ayuda a resistir los ara\u00f1azos de las cocinas ajetreadas y las cajas de env\u00edo. a\u00f1ada estampaci\u00f3n en caliente para resaltar su logotipo o nombre de sabor con un sutil matiz met\u00e1lico. con un tama\u00f1o de 6\u00d710 cm, se adapta a mezclas de especias, condimentos en polvo, mezclas para bebidas o suplementos. personalice el di\u00e1metro, la altura, la profundidad de la tapa y los revestimientos interiores para satisfacer las necesidades de calidad alimentaria y frescura.<\/p>","protected":false},"excerpt":{"rendered":"<p>tubo de papel ecol\u00f3gico para especias de calidad alimentaria al por mayor tubo de papel para envasado de alimentos en polvo: Bote r\u00edgido estilo kraft de 6\u00d710 cm con laminaci\u00f3n mate, impresi\u00f3n n\u00edtida y tapa herm\u00e9tica para un almacenamiento ordenado en la despensa.<\/p>","protected":false},"featured_media":856,"template":"","meta":{"_gspb_post_css":""},"product_brand":[],"product_cat":[20,25],"product_tag":[555,554,488,556,553,413],"class_list":{"0":"post-855","1":"product","2":"type-product","3":"status-publish","4":"has-post-thumbnail","6":"product_cat-food-paper-tubes","7":"product_cat-spice-salt-paper-tubes","8":"product_tag-custom-printed-spice-tube","9":"product_tag-food-grade-powder-tube","10":"product_tag-kraft-paper-canister","11":"product_tag-matte-laminated-paper-can","12":"product_tag-spice-paper-tube-packaging","13":"product_tag-wholesale-paper-tube-box","15":"first","16":"instock","17":"shipping-taxable","18":"product-type-simple"},"_links":{"self":[{"href":"https:\/\/custompapertubeboxes.com\/es\/wp-json\/wp\/v2\/product\/855","targetHints":{"allow":["GET"]}}],"collection":[{"href":"https:\/\/custompapertubeboxes.com\/es\/wp-json\/wp\/v2\/product"}],"about":[{"href":"https:\/\/custompapertubeboxes.com\/es\/wp-json\/wp\/v2\/types\/product"}],"wp:featuredmedia":[{"embeddable":true,"href":"https:\/\/custompapertubeboxes.com\/es\/wp-json\/wp\/v2\/media\/856"}],"wp:attachment":[{"href":"https:\/\/custompapertubeboxes.com\/es\/wp-json\/wp\/v2\/media?parent=855"}],"wp:term":[{"taxonomy":"product_brand","embeddable":true,"href":"https:\/\/custompapertubeboxes.com\/es\/wp-json\/wp\/v2\/product_brand?post=855"},{"taxonomy":"product_cat","embeddable":true,"href":"https:\/\/custompapertubeboxes.com\/es\/wp-json\/wp\/v2\/product_cat?post=855"},{"taxonomy":"product_tag","embeddable":true,"href":"https:\/\/custompapertubeboxes.com\/es\/wp-json\/wp\/v2\/product_tag?post=855"}],"curies":[{"name":"wp","href":"https:\/\/api.w.org\/{rel}","templated":true}]}}