{"id":983,"date":"2025-12-30T03:56:35","date_gmt":"2025-12-30T03:56:35","guid":{"rendered":"https:\/\/custompapertubeboxes.com\/?post_type=product&#038;p=983"},"modified":"2025-12-30T03:56:35","modified_gmt":"2025-12-30T03:56:35","slug":"custom-printed-cardboard-tube-candles-box-eco-friendly-candle-jar-paper-tube-box-packaging","status":"publish","type":"product","link":"https:\/\/custompapertubeboxes.com\/es\/custom-printed-cardboard-tube-candles-box-eco-friendly-candle-jar-paper-tube-box-packaging\/","title":{"rendered":"Personalizado impreso tubo de cart\u00f3n caja de velas, respetuoso del medio ambiente vela Jar tubo de papel Caja de embalaje"},"content":{"rendered":"<p>la caja tubo de cart\u00f3n para velas impresa a medida, el embalaje ecol\u00f3gico de la caja tubo de papel para tarros de velas le da a su vela un aspecto de \u201ccons\u00e9rvela\u201d y no de cart\u00f3n desechable. el n\u00facleo de papel r\u00edgido de 800 g\/m\u00b2 ayuda a proteger los tarros de cristal durante el env\u00edo y el regalo, mientras que el papel art\u00edstico de 125 g\/m\u00b2 ofrece una impresi\u00f3n offset n\u00edtida para envoltorios fotogr\u00e1ficos y marcas de marca. el estampado en caliente a\u00f1ade un toque refinado y el plastificado mate deja un tacto suave que oculta las huellas dactilares y los ara\u00f1azos. la forma de tubo redondo se apila bien, tiene un aspecto de primera calidad en las estanter\u00edas y al abrirlo da la sensaci\u00f3n de estar levantando la tapa de algo especial. tama\u00f1o: 7*12 cm, ideal para tarros de velas y sets.<\/p>","protected":false},"excerpt":{"rendered":"<p>caja tubular de papel premium para tarros de velas con atrevidos gr\u00e1ficos envolventes y borde kraft natural. fabricada con papel r\u00edgido de 800 g\/m\u00b2, envoltorio art\u00edstico, laminado mate, adem\u00e1s de impresi\u00f3n offset y detalles en l\u00e1mina. 7\u00d712 cm.<\/p>","protected":false},"featured_media":986,"template":"","meta":{"_gspb_post_css":""},"product_brand":[],"product_cat":[17],"product_tag":[619,621,620,110,622,496],"class_list":{"0":"post-983","1":"product","2":"type-product","3":"status-publish","4":"has-post-thumbnail","6":"product_cat-candle-paper-tubes","7":"product_tag-candle-jar-paper-tube-box","8":"product_tag-cardboard-cylinder-gift-box","9":"product_tag-custom-printed-candle-packaging","10":"product_tag-hot-foil-stamping","11":"product_tag-matt-laminated-tube-box","12":"product_tag-rigid-paper-tube-packaging","14":"first","15":"instock","16":"shipping-taxable","17":"product-type-simple"},"_links":{"self":[{"href":"https:\/\/custompapertubeboxes.com\/es\/wp-json\/wp\/v2\/product\/983","targetHints":{"allow":["GET"]}}],"collection":[{"href":"https:\/\/custompapertubeboxes.com\/es\/wp-json\/wp\/v2\/product"}],"about":[{"href":"https:\/\/custompapertubeboxes.com\/es\/wp-json\/wp\/v2\/types\/product"}],"wp:featuredmedia":[{"embeddable":true,"href":"https:\/\/custompapertubeboxes.com\/es\/wp-json\/wp\/v2\/media\/986"}],"wp:attachment":[{"href":"https:\/\/custompapertubeboxes.com\/es\/wp-json\/wp\/v2\/media?parent=983"}],"wp:term":[{"taxonomy":"product_brand","embeddable":true,"href":"https:\/\/custompapertubeboxes.com\/es\/wp-json\/wp\/v2\/product_brand?post=983"},{"taxonomy":"product_cat","embeddable":true,"href":"https:\/\/custompapertubeboxes.com\/es\/wp-json\/wp\/v2\/product_cat?post=983"},{"taxonomy":"product_tag","embeddable":true,"href":"https:\/\/custompapertubeboxes.com\/es\/wp-json\/wp\/v2\/product_tag?post=983"}],"curies":[{"name":"wp","href":"https:\/\/api.w.org\/{rel}","templated":true}]}}