{"id":1050,"date":"2025-12-30T06:44:37","date_gmt":"2025-12-30T06:44:37","guid":{"rendered":"https:\/\/custompapertubeboxes.com\/?post_type=product&#038;p=1050"},"modified":"2025-12-30T06:44:37","modified_gmt":"2025-12-30T06:44:37","slug":"custom-cbd-oil-dropper-bottles-paper-tubes-packaging-essential-oil-bottle-packaging-tubes","status":"publish","type":"product","link":"https:\/\/custompapertubeboxes.com\/fr\/custom-cbd-oil-dropper-bottles-paper-tubes-packaging-essential-oil-bottle-packaging-tubes\/","title":{"rendered":"Emballage de bouteilles d'huile CBD, tubes en papier, tubes d'emballage de bouteilles d'huile essentielle"},"content":{"rendered":"<p>cet emballage personnalis\u00e9 en tube papier pour flacons d'huile de cbd est con\u00e7u pour prot\u00e9ger les flacons en verre d\u00e9licats tout en am\u00e9liorant la pr\u00e9sentation de la marque. fabriqu\u00e9 \u00e0 partir de papier rigide 800 g\/m\u00b2 avec une doublure en papier d'art 125 g\/m\u00b2, il offre une grande solidit\u00e9 dans un format compact de 3 \u00d7 10 cm. la surface lamin\u00e9e mate et lisse est raffin\u00e9e au toucher, tandis que l'impression offset et la dorure \u00e0 chaud en option donnent vie aux logos et aux motifs avec clart\u00e9. sa structure cylindrique maintient les flacons compte-gouttes en s\u00e9curit\u00e9 pendant le transport et la pr\u00e9sentation. id\u00e9al pour les huiles de cbd, les huiles essentielles et les produits de bien-\u00eatre, cet emballage allie la fonction, la durabilit\u00e9 et un aspect moderne et accrocheur.<\/p>","protected":false},"excerpt":{"rendered":"<p>cet emballage en tube papier personnalis\u00e9 offre un moyen s\u00fbr et \u00e9l\u00e9gant de prot\u00e9ger les flacons compte-gouttes d'huile de cbd et d'huile essentielle. fabriqu\u00e9 \u00e0 partir de papier rigide avec une finition mate, il est de premi\u00e8re qualit\u00e9, durable et pr\u00eat \u00e0 \u00eatre mis en rayon.<\/p>","protected":false},"featured_media":1052,"template":"","meta":{"_gspb_post_css":""},"product_brand":[],"product_cat":[19],"product_tag":[664,369,666,665,653,667],"class_list":{"0":"post-1050","1":"product","2":"type-product","3":"status-publish","4":"has-post-thumbnail","6":"product_cat-essential-oil-paper-tubes","7":"product_tag-cbd-oil-paper-tube","8":"product_tag-custom-paper-tube-packaging","9":"product_tag-dropper-bottle-paper-tube","10":"product_tag-essential-oil-packaging-tube","11":"product_tag-rigid-cardboard-tube","12":"product_tag-round-oil-bottle-packaging","14":"first","15":"instock","16":"shipping-taxable","17":"product-type-simple"},"_links":{"self":[{"href":"https:\/\/custompapertubeboxes.com\/fr\/wp-json\/wp\/v2\/product\/1050","targetHints":{"allow":["GET"]}}],"collection":[{"href":"https:\/\/custompapertubeboxes.com\/fr\/wp-json\/wp\/v2\/product"}],"about":[{"href":"https:\/\/custompapertubeboxes.com\/fr\/wp-json\/wp\/v2\/types\/product"}],"wp:featuredmedia":[{"embeddable":true,"href":"https:\/\/custompapertubeboxes.com\/fr\/wp-json\/wp\/v2\/media\/1052"}],"wp:attachment":[{"href":"https:\/\/custompapertubeboxes.com\/fr\/wp-json\/wp\/v2\/media?parent=1050"}],"wp:term":[{"taxonomy":"product_brand","embeddable":true,"href":"https:\/\/custompapertubeboxes.com\/fr\/wp-json\/wp\/v2\/product_brand?post=1050"},{"taxonomy":"product_cat","embeddable":true,"href":"https:\/\/custompapertubeboxes.com\/fr\/wp-json\/wp\/v2\/product_cat?post=1050"},{"taxonomy":"product_tag","embeddable":true,"href":"https:\/\/custompapertubeboxes.com\/fr\/wp-json\/wp\/v2\/product_tag?post=1050"}],"curies":[{"name":"wp","href":"https:\/\/api.w.org\/{rel}","templated":true}]}}