{"id":1338,"date":"2025-12-30T09:22:04","date_gmt":"2025-12-30T09:22:04","guid":{"rendered":"https:\/\/custompapertubeboxes.com\/?post_type=product&#038;p=1338"},"modified":"2025-12-30T09:22:04","modified_gmt":"2025-12-30T09:22:04","slug":"eco-friendly-kraft-paper-cardboard-tube-box-container-salt-shaker-spice-tube-with-paper-sifter","status":"publish","type":"product","link":"https:\/\/custompapertubeboxes.com\/fr\/eco-friendly-kraft-paper-cardboard-tube-box-container-salt-shaker-spice-tube-with-paper-sifter\/","title":{"rendered":"Tube en carton kraft \u00e9cologique Bo\u00eete \u00e0 sel, tube \u00e0 \u00e9pices avec tamis en papier"},"content":{"rendered":"<p>cette bo\u00eete tubulaire en papier kraft \u00e9cologique est la solution parfaite pour les sali\u00e8res ou l'emballage des \u00e9pices. fabriqu\u00e9e en papier rigide 800 GSM, elle est durable et viable. la taille de 3\u00d712 cm offre une solution compacte et pratique avec un tamis en papier au fond pour faciliter la distribution des \u00e9pices ou du sel. le pelliculage mat ajoute une finition lisse et de haute qualit\u00e9 tout en renfor\u00e7ant la durabilit\u00e9 de la bo\u00eete. parfaite pour les marques qui cherchent \u00e0 offrir des emballages \u00e9cologiques et conviviaux, cette bo\u00eete tubulaire offre une option d'emballage \u00e9l\u00e9gante et fonctionnelle pour vos \u00e9pices et condiments.<\/p>","protected":false},"excerpt":{"rendered":"<p>cette bo\u00eete tubulaire en papier kraft \u00e9cologique est con\u00e7ue pour les sali\u00e8res et les \u00e9pices. elle est dot\u00e9e d'un tamis en papier pour distribuer facilement le contenu. durable, recyclable et fabriqu\u00e9e avec du papier rigide de 800 g\/m\u00b2.<\/p>","protected":false},"featured_media":1339,"template":"","meta":{"_gspb_post_css":""},"product_brand":[],"product_cat":[20,25],"product_tag":[39,580,808,187,807,806],"class_list":{"0":"post-1338","1":"product","2":"type-product","3":"status-publish","4":"has-post-thumbnail","6":"product_cat-food-paper-tubes","7":"product_cat-spice-salt-paper-tubes","8":"product_tag-eco-friendly-packaging","9":"product_tag-kraft-paper-tube","10":"product_tag-paper-sifter-tube","11":"product_tag-recyclable-packaging","12":"product_tag-salt-shaker-packaging","13":"product_tag-spice-packaging","15":"first","16":"instock","17":"shipping-taxable","18":"product-type-simple"},"_links":{"self":[{"href":"https:\/\/custompapertubeboxes.com\/fr\/wp-json\/wp\/v2\/product\/1338","targetHints":{"allow":["GET"]}}],"collection":[{"href":"https:\/\/custompapertubeboxes.com\/fr\/wp-json\/wp\/v2\/product"}],"about":[{"href":"https:\/\/custompapertubeboxes.com\/fr\/wp-json\/wp\/v2\/types\/product"}],"wp:featuredmedia":[{"embeddable":true,"href":"https:\/\/custompapertubeboxes.com\/fr\/wp-json\/wp\/v2\/media\/1339"}],"wp:attachment":[{"href":"https:\/\/custompapertubeboxes.com\/fr\/wp-json\/wp\/v2\/media?parent=1338"}],"wp:term":[{"taxonomy":"product_brand","embeddable":true,"href":"https:\/\/custompapertubeboxes.com\/fr\/wp-json\/wp\/v2\/product_brand?post=1338"},{"taxonomy":"product_cat","embeddable":true,"href":"https:\/\/custompapertubeboxes.com\/fr\/wp-json\/wp\/v2\/product_cat?post=1338"},{"taxonomy":"product_tag","embeddable":true,"href":"https:\/\/custompapertubeboxes.com\/fr\/wp-json\/wp\/v2\/product_tag?post=1338"}],"curies":[{"name":"wp","href":"https:\/\/api.w.org\/{rel}","templated":true}]}}