{"id":1436,"date":"2025-12-31T01:06:57","date_gmt":"2025-12-31T01:06:57","guid":{"rendered":"https:\/\/custompapertubeboxes.com\/?post_type=product&#038;p=1436"},"modified":"2025-12-31T01:06:57","modified_gmt":"2025-12-31T01:06:57","slug":"exquisite-stylish-blend-tea-paper-tube-packaging-round-box","status":"publish","type":"product","link":"https:\/\/custompapertubeboxes.com\/fr\/exquisite-stylish-blend-tea-paper-tube-packaging-round-box\/","title":{"rendered":"Bo\u00eete ronde en papier pour l'emballage des m\u00e9langes de th\u00e9"},"content":{"rendered":"<p>la bo\u00eete ronde d'emballage de th\u00e9 en tube de papier de style exquis garde les m\u00e9langes frais et dignes d'\u00eatre pr\u00e9sent\u00e9s. le cylindre en carton de qualit\u00e9 alimentaire est solide et l'impression verte botanique ajoute une touche propre et herbac\u00e9e. \u00e0 l'int\u00e9rieur, une doublure en feuille d'aluminium aide \u00e0 retenir l'ar\u00f4me et prot\u00e8ge les feuilles de la lumi\u00e8re et des odeurs parasites. le couvercle en fer blanc s'ajuste fermement pour cr\u00e9er une fermeture herm\u00e9tique \u00e0 l'humidit\u00e9 qui r\u00e9siste \u00e0 l'exp\u00e9dition, au stockage et \u00e0 l'utilisation quotidienne. Le couvercle en fer blanc s'embo\u00eete fermement, cr\u00e9ant une fermeture \u00e9tanche \u00e0 l'air et \u00e0 l'humidit\u00e9 qui r\u00e9siste \u00e0 l'exp\u00e9dition, au stockage et \u00e0 l'utilisation quotidienne. Utilisez-le pour le th\u00e9 en vrac, les sachets, les paquets d'\u00e9chantillons ou les coffrets cadeaux saisonniers. Le tube est r\u00e9utilisable, facile \u00e0 \u00e9tiqueter et a fi\u00e8re allure sur les \u00e9tag\u00e8res ou dans les paniers \u00e0 provisions.<\/p>","protected":false},"excerpt":{"rendered":"<p>Tube rond en papier botanique pour les m\u00e9langes de th\u00e9, fabriqu\u00e9 avec du carton de qualit\u00e9 alimentaire, doubl\u00e9 d'une feuille d'aluminium et d'un couvercle en fer blanc pour une fra\u00eecheur \u00e9tanche \u00e0 l'air et \u00e0 l'humidit\u00e9.<\/p>","protected":false},"featured_media":1440,"template":"","meta":{"_gspb_post_css":""},"product_brand":[],"product_cat":[20,22],"product_tag":[846,416,847,845,658,84],"class_list":{"0":"post-1436","1":"product","2":"type-product","3":"status-publish","4":"has-post-thumbnail","6":"product_cat-food-paper-tubes","7":"product_cat-tea-paper-tubes","8":"product_tag-airtight-moisture-proof","9":"product_tag-aluminum-foil-lining","10":"product_tag-botanical-printed-tube","11":"product_tag-round-tea-box","12":"product_tag-tea-paper-tube-packaging","13":"product_tag-tinplate-lid","15":"first","16":"instock","17":"shipping-taxable","18":"product-type-simple"},"_links":{"self":[{"href":"https:\/\/custompapertubeboxes.com\/fr\/wp-json\/wp\/v2\/product\/1436","targetHints":{"allow":["GET"]}}],"collection":[{"href":"https:\/\/custompapertubeboxes.com\/fr\/wp-json\/wp\/v2\/product"}],"about":[{"href":"https:\/\/custompapertubeboxes.com\/fr\/wp-json\/wp\/v2\/types\/product"}],"wp:featuredmedia":[{"embeddable":true,"href":"https:\/\/custompapertubeboxes.com\/fr\/wp-json\/wp\/v2\/media\/1440"}],"wp:attachment":[{"href":"https:\/\/custompapertubeboxes.com\/fr\/wp-json\/wp\/v2\/media?parent=1436"}],"wp:term":[{"taxonomy":"product_brand","embeddable":true,"href":"https:\/\/custompapertubeboxes.com\/fr\/wp-json\/wp\/v2\/product_brand?post=1436"},{"taxonomy":"product_cat","embeddable":true,"href":"https:\/\/custompapertubeboxes.com\/fr\/wp-json\/wp\/v2\/product_cat?post=1436"},{"taxonomy":"product_tag","embeddable":true,"href":"https:\/\/custompapertubeboxes.com\/fr\/wp-json\/wp\/v2\/product_tag?post=1436"}],"curies":[{"name":"wp","href":"https:\/\/api.w.org\/{rel}","templated":true}]}}