{"id":1459,"date":"2025-12-31T01:15:29","date_gmt":"2025-12-31T01:15:29","guid":{"rendered":"https:\/\/custompapertubeboxes.com\/?post_type=product&#038;p=1459"},"modified":"2025-12-31T01:15:29","modified_gmt":"2025-12-31T01:15:29","slug":"buy-best-custom-cardboard-tube-candles-packaging-boxes-with-candle-jars-holder","status":"publish","type":"product","link":"https:\/\/custompapertubeboxes.com\/fr\/buy-best-custom-cardboard-tube-candles-packaging-boxes-with-candle-jars-holder\/","title":{"rendered":"Acheter les meilleures bo\u00eetes d'emballage en carton pour bougies avec support pour photophores"},"content":{"rendered":"<p>achetez les meilleures bo\u00eetes d'emballage en carton pour bougies avec support pour photophores est con\u00e7u pour les marques qui souhaitent un d\u00e9ballage calme et de qualit\u00e9 et moins de casse. fabriqu\u00e9 \u00e0 partir de papier recycl\u00e9, le tube rigide prot\u00e8ge les photophores en verre des chocs, tandis qu'un support int\u00e9rieur maintient le pot centr\u00e9 pour qu'il ne s'entrechoque pas. Choisissez des tailles personnalis\u00e9es en fonction de la hauteur et du diam\u00e8tre de vos pots, puis ajoutez une impression personnalis\u00e9e pour donner vie \u00e0 votre histoire olfactive - des d\u00e9grad\u00e9s minimaux, des logos audacieux ou des illustrations compl\u00e8tes. La forme ronde se distingue sur les \u00e9tag\u00e8res et s'empile proprement pour le stockage. Il s'agit d'un emballage solide et r\u00e9utilisable qui semble pr\u00eat \u00e0 \u00eatre offert et qui soutient un message \u00e9co-responsable au meilleur prix.<\/p>","protected":false},"excerpt":{"rendered":"<p>emballage en tube de bougie en papier recycl\u00e9 avec porte-bocal int\u00e9rieur pour un ajustement parfait. les dimensions et l'impression personnalis\u00e9es cr\u00e9ent un aspect haut de gamme, pr\u00eat \u00e0 \u00eatre offert, tout en aidant \u00e0 prot\u00e9ger les bocaux pendant le transport.<\/p>","protected":false},"featured_media":1462,"template":"","meta":{"_gspb_post_css":""},"product_brand":[],"product_cat":[17],"product_tag":[854,113,51,400,855,856],"class_list":{"0":"post-1459","1":"product","2":"type-product","3":"status-publish","4":"has-post-thumbnail","6":"product_cat-candle-paper-tubes","7":"product_tag-candle-jar-holder","8":"product_tag-candle-tube-packaging","9":"product_tag-cardboard-tube-box","10":"product_tag-custom-printed-tube","11":"product_tag-recycled-paper-packaging","12":"product_tag-round-gift-tube-box","14":"first","15":"instock","16":"shipping-taxable","17":"product-type-simple"},"_links":{"self":[{"href":"https:\/\/custompapertubeboxes.com\/fr\/wp-json\/wp\/v2\/product\/1459","targetHints":{"allow":["GET"]}}],"collection":[{"href":"https:\/\/custompapertubeboxes.com\/fr\/wp-json\/wp\/v2\/product"}],"about":[{"href":"https:\/\/custompapertubeboxes.com\/fr\/wp-json\/wp\/v2\/types\/product"}],"wp:featuredmedia":[{"embeddable":true,"href":"https:\/\/custompapertubeboxes.com\/fr\/wp-json\/wp\/v2\/media\/1462"}],"wp:attachment":[{"href":"https:\/\/custompapertubeboxes.com\/fr\/wp-json\/wp\/v2\/media?parent=1459"}],"wp:term":[{"taxonomy":"product_brand","embeddable":true,"href":"https:\/\/custompapertubeboxes.com\/fr\/wp-json\/wp\/v2\/product_brand?post=1459"},{"taxonomy":"product_cat","embeddable":true,"href":"https:\/\/custompapertubeboxes.com\/fr\/wp-json\/wp\/v2\/product_cat?post=1459"},{"taxonomy":"product_tag","embeddable":true,"href":"https:\/\/custompapertubeboxes.com\/fr\/wp-json\/wp\/v2\/product_tag?post=1459"}],"curies":[{"name":"wp","href":"https:\/\/api.w.org\/{rel}","templated":true}]}}