{"id":1555,"date":"2025-12-31T01:50:21","date_gmt":"2025-12-31T01:50:21","guid":{"rendered":"https:\/\/custompapertubeboxes.com\/?post_type=product&#038;p=1555"},"modified":"2025-12-31T01:50:21","modified_gmt":"2025-12-31T01:50:21","slug":"gold-paper-tube-packaging-golden-cardboard-cylinder-box-for-30ml-tanning-drops","status":"publish","type":"product","link":"https:\/\/custompapertubeboxes.com\/fr\/gold-paper-tube-packaging-golden-cardboard-cylinder-box-for-30ml-tanning-drops\/","title":{"rendered":"Emballage de tube en papier dor\u00e9, bo\u00eete cylindrique en carton dor\u00e9 pour gouttes de bronzage 30ml"},"content":{"rendered":"<p>emballage en tube de papier dor\u00e9, bo\u00eete cylindrique en carton dor\u00e9 pour gouttes bronzantes de 30 ml est con\u00e7ue pour ressembler \u00e0 un petit projecteur sur votre \u00e9tag\u00e8re. un noyau de papier rigide de 800 g\/m\u00b2 prot\u00e8ge le flacon en verre contre les chocs, tandis que le papier d'art de 125 g\/m\u00b2 cr\u00e9e une enveloppe lisse pour une impression offset propre. ajoutez une dorure \u00e0 chaud pour donner \u00e0 votre logo une touche m\u00e9tallique chaleureuse, puis adoucissez l'\u00e9clat avec un pelliculage mat pour une touche soyeuse et moderne qui r\u00e9siste aux \u00e9raflures et aux traces de doigts. d'une taille de 4*12 cm, il convient \u00e0 de nombreux flacons compte-gouttes de 30 ml et les maintient centr\u00e9s pour la pr\u00e9sentation au d\u00e9tail et l'exp\u00e9dition. parfait pour les gouttes de bronzage, les s\u00e9rums pour le visage et les ensembles de soins de la peau de voyage. r\u00e9utilisable, pr\u00eat \u00e0 \u00eatre offert en cadeau, et \u00e0 l'avant-garde de la marque.<\/p>","protected":false},"excerpt":{"rendered":"<p>bo\u00eete en carton dor\u00e9 pour les gouttes de bronzage de 30ml. fabriqu\u00e9e avec du papier rigide 800gsm et du papier d'art 125gsm, imprim\u00e9e en offset avec des accents de feuille chaude et finie avec un laminage mat. taille 4*12 cm.<\/p>","protected":false},"featured_media":1559,"template":"","meta":{"_gspb_post_css":""},"product_brand":[],"product_cat":[15],"product_tag":[888,229,848,367,545,887],"class_list":{"0":"post-1555","1":"product","2":"type-product","3":"status-publish","4":"has-post-thumbnail","6":"product_cat-cosmetics-paper-tubes","7":"product_tag-30ml-bottle-packaging","8":"product_tag-custom-printed-cardboard-tube","9":"product_tag-gold-paper-tube-packaging","10":"product_tag-hot-foil-stamping-tube","11":"product_tag-matte-laminated-cylinder-box","12":"product_tag-tanning-drops-tube-box","14":"first","15":"instock","16":"shipping-taxable","17":"product-type-simple"},"_links":{"self":[{"href":"https:\/\/custompapertubeboxes.com\/fr\/wp-json\/wp\/v2\/product\/1555","targetHints":{"allow":["GET"]}}],"collection":[{"href":"https:\/\/custompapertubeboxes.com\/fr\/wp-json\/wp\/v2\/product"}],"about":[{"href":"https:\/\/custompapertubeboxes.com\/fr\/wp-json\/wp\/v2\/types\/product"}],"wp:featuredmedia":[{"embeddable":true,"href":"https:\/\/custompapertubeboxes.com\/fr\/wp-json\/wp\/v2\/media\/1559"}],"wp:attachment":[{"href":"https:\/\/custompapertubeboxes.com\/fr\/wp-json\/wp\/v2\/media?parent=1555"}],"wp:term":[{"taxonomy":"product_brand","embeddable":true,"href":"https:\/\/custompapertubeboxes.com\/fr\/wp-json\/wp\/v2\/product_brand?post=1555"},{"taxonomy":"product_cat","embeddable":true,"href":"https:\/\/custompapertubeboxes.com\/fr\/wp-json\/wp\/v2\/product_cat?post=1555"},{"taxonomy":"product_tag","embeddable":true,"href":"https:\/\/custompapertubeboxes.com\/fr\/wp-json\/wp\/v2\/product_tag?post=1555"}],"curies":[{"name":"wp","href":"https:\/\/api.w.org\/{rel}","templated":true}]}}