{"id":1747,"date":"2025-12-31T03:54:24","date_gmt":"2025-12-31T03:54:24","guid":{"rendered":"https:\/\/custompapertubeboxes.com\/?post_type=product&#038;p=1747"},"modified":"2025-12-31T03:54:24","modified_gmt":"2025-12-31T03:54:24","slug":"custom-cbd-lip-balm-deodorant-container-cardboard-cylinder-paper-tube-packaging","status":"publish","type":"product","link":"https:\/\/custompapertubeboxes.com\/fr\/custom-cbd-lip-balm-deodorant-container-cardboard-cylinder-paper-tube-packaging\/","title":{"rendered":"Emballage personnalis\u00e9 pour baume \u00e0 l\u00e8vres et d\u00e9odorant CBD Cylindre en carton Tube en papier"},"content":{"rendered":"<p>l'emballage personnalis\u00e9 en tube de papier cylindrique pour baume \u00e0 l\u00e8vres cbd est le m\u00e9lange parfait de style et de fonction pour les produits de soins personnels. fabriqu\u00e9 \u00e0 partir de papier rigide r\u00e9sistant de 800 g\/m\u00b2 et envelopp\u00e9 dans du papier d'art de 125 g\/m\u00b2, ce tube de 9\u00d710 cm prot\u00e8ge votre produit tout en le faisant ressortir dans les rayons. l'impression offset permet de capturer des designs vibrants, tandis que la dorure \u00e0 chaud rehausse votre logo d'une touche de qualit\u00e9. L'impression offset permet de capturer des motifs \u00e9clatants, tandis que la dorure \u00e0 chaud conf\u00e8re \u00e0 votre logo une touche haut de gamme. Le pelliculage mat offre un toucher lisse et sophistiqu\u00e9 et contribue \u00e0 r\u00e9duire les traces de doigts. Parfait pour les baumes \u00e0 l\u00e8vres au cbd, les d\u00e9odorants et autres produits de soin de la peau, ce tube constitue une solution \u00e9cologique de haute qualit\u00e9.<\/p>","protected":false},"excerpt":{"rendered":"<p>9\u00d710 cm emballage personnalis\u00e9 pour baume \u00e0 l\u00e8vres et d\u00e9odorant au cbd. fabriqu\u00e9 \u00e0 partir de papier rigide 800 g\/m\u00b2 et de papier d'art 125 g\/m\u00b2. imprim\u00e9 en offset avec d\u00e9tails en feuille chaude, finition avec pelliculage mat.<\/p>","protected":false},"featured_media":1754,"template":"","meta":{"_gspb_post_css":""},"product_brand":[],"product_cat":[15],"product_tag":[51,964,966,965,274,247],"class_list":{"0":"post-1747","1":"product","2":"type-product","3":"status-publish","4":"has-post-thumbnail","6":"product_cat-cosmetics-paper-tubes","7":"product_tag-cardboard-tube-box","8":"product_tag-cbd-lip-balm-tube","9":"product_tag-custom-cbd-packaging","10":"product_tag-deodorant-container-packaging","11":"product_tag-hot-foil-stamped-tube","12":"product_tag-matte-laminated-paper-tube","14":"first","15":"instock","16":"shipping-taxable","17":"product-type-simple"},"_links":{"self":[{"href":"https:\/\/custompapertubeboxes.com\/fr\/wp-json\/wp\/v2\/product\/1747","targetHints":{"allow":["GET"]}}],"collection":[{"href":"https:\/\/custompapertubeboxes.com\/fr\/wp-json\/wp\/v2\/product"}],"about":[{"href":"https:\/\/custompapertubeboxes.com\/fr\/wp-json\/wp\/v2\/types\/product"}],"wp:featuredmedia":[{"embeddable":true,"href":"https:\/\/custompapertubeboxes.com\/fr\/wp-json\/wp\/v2\/media\/1754"}],"wp:attachment":[{"href":"https:\/\/custompapertubeboxes.com\/fr\/wp-json\/wp\/v2\/media?parent=1747"}],"wp:term":[{"taxonomy":"product_brand","embeddable":true,"href":"https:\/\/custompapertubeboxes.com\/fr\/wp-json\/wp\/v2\/product_brand?post=1747"},{"taxonomy":"product_cat","embeddable":true,"href":"https:\/\/custompapertubeboxes.com\/fr\/wp-json\/wp\/v2\/product_cat?post=1747"},{"taxonomy":"product_tag","embeddable":true,"href":"https:\/\/custompapertubeboxes.com\/fr\/wp-json\/wp\/v2\/product_tag?post=1747"}],"curies":[{"name":"wp","href":"https:\/\/api.w.org\/{rel}","templated":true}]}}