{"id":1770,"date":"2025-12-31T06:00:24","date_gmt":"2025-12-31T06:00:24","guid":{"rendered":"https:\/\/custompapertubeboxes.com\/?post_type=product&#038;p=1770"},"modified":"2025-12-31T06:00:25","modified_gmt":"2025-12-31T06:00:25","slug":"textured-paper-tube-boxes-cardboard-round-box-paper-cans-for-masque-packaging","status":"publish","type":"product","link":"https:\/\/custompapertubeboxes.com\/fr\/textured-paper-tube-boxes-cardboard-round-box-paper-cans-for-masque-packaging\/","title":{"rendered":"Bo\u00eetes tubulaires en papier textur\u00e9 Bo\u00eetes rondes en carton Bo\u00eetes en papier pour l'emballage de masques"},"content":{"rendered":"<p>con\u00e7ue pour les emballages de masques qui se veulent calmes, propres et de qualit\u00e9 sup\u00e9rieure, cette bo\u00eete tube en papier textur\u00e9 prot\u00e8ge le pot et rehausse le moment o\u00f9 il est ouvert. le c\u0153ur en papier rigide de 800 g\/m\u00b2 r\u00e9siste \u00e0 l'\u00e9crasement, tandis que le papier d'art de 125 g\/m\u00b2 porte une impression offset nette et une dorure \u00e0 chaud pr\u00e9cise pour une mise en valeur raffin\u00e9e. le pelliculage mat ajoute un aspect doux au toucher et aide \u00e0 pr\u00e9venir les \u00e9raflures lors de la pr\u00e9sentation et de l'exp\u00e9dition. Le pelliculage mat ajoute un aspect doux au toucher et permet d'\u00e9viter les \u00e9raflures lors de la pr\u00e9sentation et de l'exp\u00e9dition. d'une taille de 8\u00d712 cm, la bo\u00eete ronde se ferme bien et s'ouvre en douceur, de sorte que les clients peuvent la r\u00e9utiliser pour le stockage. id\u00e9ale pour les masques capillaires, les masques pour le visage et les coffrets cadeaux pour le spa. les photos sont \u00e9galement magnifiques pour le commerce \u00e9lectronique.<\/p>","protected":false},"excerpt":{"rendered":"<p>bo\u00eete ronde en papier lamin\u00e9 mat avec un rev\u00eatement textur\u00e9 et des d\u00e9tails en feuille d'or, fabriqu\u00e9e \u00e0 partir d'un carton rigide de 800 g\/m\u00b2. Elle convient parfaitement aux pots de masque (8\u00d712 cm) et offre une sensation de salon de premi\u00e8re qualit\u00e9.<\/p>","protected":false},"featured_media":1777,"template":"","meta":{"_gspb_post_css":""},"product_brand":[],"product_cat":[15],"product_tag":[975,198,625,974,493,973],"class_list":{"0":"post-1770","1":"product","2":"type-product","3":"status-publish","4":"has-post-thumbnail","6":"product_cat-cosmetics-paper-tubes","7":"product_tag-8x12cm-paper-tube","8":"product_tag-cardboard-cylinder-packaging","9":"product_tag-hot-foil-stamping-packaging","10":"product_tag-masque-packaging-round-can","11":"product_tag-matte-laminated-tube-box","12":"product_tag-textured-paper-tube-box","14":"first","15":"instock","16":"shipping-taxable","17":"product-type-simple"},"_links":{"self":[{"href":"https:\/\/custompapertubeboxes.com\/fr\/wp-json\/wp\/v2\/product\/1770","targetHints":{"allow":["GET"]}}],"collection":[{"href":"https:\/\/custompapertubeboxes.com\/fr\/wp-json\/wp\/v2\/product"}],"about":[{"href":"https:\/\/custompapertubeboxes.com\/fr\/wp-json\/wp\/v2\/types\/product"}],"wp:featuredmedia":[{"embeddable":true,"href":"https:\/\/custompapertubeboxes.com\/fr\/wp-json\/wp\/v2\/media\/1777"}],"wp:attachment":[{"href":"https:\/\/custompapertubeboxes.com\/fr\/wp-json\/wp\/v2\/media?parent=1770"}],"wp:term":[{"taxonomy":"product_brand","embeddable":true,"href":"https:\/\/custompapertubeboxes.com\/fr\/wp-json\/wp\/v2\/product_brand?post=1770"},{"taxonomy":"product_cat","embeddable":true,"href":"https:\/\/custompapertubeboxes.com\/fr\/wp-json\/wp\/v2\/product_cat?post=1770"},{"taxonomy":"product_tag","embeddable":true,"href":"https:\/\/custompapertubeboxes.com\/fr\/wp-json\/wp\/v2\/product_tag?post=1770"}],"curies":[{"name":"wp","href":"https:\/\/api.w.org\/{rel}","templated":true}]}}