{"id":199,"date":"2025-12-27T10:56:42","date_gmt":"2025-12-27T10:56:42","guid":{"rendered":"https:\/\/custompapertubeboxes.com\/?post_type=product&#038;p=199"},"modified":"2025-12-29T07:39:14","modified_gmt":"2025-12-29T07:39:14","slug":"custom-logo-whisky-champagne-bottle-paper-round-tube-package","status":"publish","type":"product","link":"https:\/\/custompapertubeboxes.com\/fr\/custom-logo-whisky-champagne-bottle-paper-round-tube-package\/","title":{"rendered":"Logo personnalis\u00e9 Bouteille de champagne Whisky Papier Tube rond Emballage"},"content":{"rendered":"<p>le tube rond en papier pour bouteille de whisky ou de champagne avec logo personnalis\u00e9 est con\u00e7u pour prot\u00e9ger une seule bouteille tout en donnant une impression de qualit\u00e9 sup\u00e9rieure. un c\u0153ur en papier rigide de 800 g\/m\u00b2 conf\u00e8re au tube sa solidit\u00e9, envelopp\u00e9 dans un papier d'art lisse de 125 g\/m\u00b2 pour une impression offset nette. Le format de 8\u00d716 cm convient \u00e0 de nombreuses bouteilles de spiritueux et de mousseux standard, et le couvercle bien ajust\u00e9 maintient le tout stable pendant l'exp\u00e9dition, les cadeaux et la pr\u00e9sentation au d\u00e9tail. choisissez les couleurs, les am\u00e9nagements int\u00e9rieurs et les embouts pour correspondre parfaitement \u00e0 l'histoire de votre marque.<\/p>","protected":false},"excerpt":{"rendered":"<p>logo personnalis\u00e9 bouteille de whisky champagne papier tube rond fabriqu\u00e9 \u00e0 partir de carton rigide 800 g\/m\u00b2 avec du papier d'art 125 g\/m\u00b2, impression offset, marquage \u00e0 chaud et pelliculage mat dans un format \u00e9l\u00e9gant de 8\u00d716 cm.<\/p>","protected":false},"featured_media":202,"template":"","meta":{"_gspb_post_css":""},"product_brand":[],"product_cat":[20,26],"product_tag":[338,341,110,340,69,339],"class_list":{"0":"post-199","1":"product","2":"type-product","3":"status-publish","4":"has-post-thumbnail","6":"product_cat-food-paper-tubes","7":"product_cat-spirits-wine-paper-tubes","8":"product_tag-bottle-paper-tube-box","9":"product_tag-custom-logo-packaging","10":"product_tag-hot-foil-stamping","11":"product_tag-matte-lamination","12":"product_tag-paper-tube-packaging","13":"product_tag-rigid-paper-cylinder","15":"first","16":"instock","17":"shipping-taxable","18":"product-type-simple"},"_links":{"self":[{"href":"https:\/\/custompapertubeboxes.com\/fr\/wp-json\/wp\/v2\/product\/199","targetHints":{"allow":["GET"]}}],"collection":[{"href":"https:\/\/custompapertubeboxes.com\/fr\/wp-json\/wp\/v2\/product"}],"about":[{"href":"https:\/\/custompapertubeboxes.com\/fr\/wp-json\/wp\/v2\/types\/product"}],"wp:featuredmedia":[{"embeddable":true,"href":"https:\/\/custompapertubeboxes.com\/fr\/wp-json\/wp\/v2\/media\/202"}],"wp:attachment":[{"href":"https:\/\/custompapertubeboxes.com\/fr\/wp-json\/wp\/v2\/media?parent=199"}],"wp:term":[{"taxonomy":"product_brand","embeddable":true,"href":"https:\/\/custompapertubeboxes.com\/fr\/wp-json\/wp\/v2\/product_brand?post=199"},{"taxonomy":"product_cat","embeddable":true,"href":"https:\/\/custompapertubeboxes.com\/fr\/wp-json\/wp\/v2\/product_cat?post=199"},{"taxonomy":"product_tag","embeddable":true,"href":"https:\/\/custompapertubeboxes.com\/fr\/wp-json\/wp\/v2\/product_tag?post=199"}],"curies":[{"name":"wp","href":"https:\/\/api.w.org\/{rel}","templated":true}]}}