{"id":253,"date":"2025-12-27T13:14:42","date_gmt":"2025-12-27T13:14:42","guid":{"rendered":"https:\/\/custompapertubeboxes.com\/?post_type=product&#038;p=253"},"modified":"2025-12-29T07:26:02","modified_gmt":"2025-12-29T07:26:02","slug":"food-grade-biodegradable-cbd-cannabis-gummies-paper-tube-box","status":"publish","type":"product","link":"https:\/\/custompapertubeboxes.com\/fr\/food-grade-biodegradable-cbd-cannabis-gummies-paper-tube-box\/","title":{"rendered":"Bo\u00eete en papier biod\u00e9gradable de qualit\u00e9 alimentaire pour les gommes de cannabis CBD"},"content":{"rendered":"<p>con\u00e7u pour les marques modernes de produits comestibles, ce tube en papier prot\u00e8ge les gummies du moment o\u00f9 ils sont emball\u00e9s au moment o\u00f9 ils sont ouverts. le corps utilise un carton biod\u00e9gradable et un rev\u00eatement en papier cir\u00e9 de qualit\u00e9 alimentaire pour r\u00e9duire les traces de graisse et aider \u00e0 contr\u00f4ler les odeurs. le pelliculage brillant donne aux graphiques un \u00e9clat net tout en am\u00e9liorant la r\u00e9sistance aux \u00e9raflures pendant le transport. un bouchon \u00e0 l'\u00e9preuve des enfants ajoute une couche de s\u00e9curit\u00e9 pratique pour la vente au d\u00e9tail conforme. personnalisez la taille, l'impression et la finition, puis ajoutez un plateau int\u00e9rieur ou une pochette pour plus de fra\u00eecheur. sans ajouter d'encombrement suppl\u00e9mentaire en plastique.<\/p>","protected":false},"excerpt":{"rendered":"<p>tube en papier biod\u00e9gradable de qualit\u00e9 alimentaire pour les gommes au cbd\/cannabis. l'int\u00e9rieur recouvert de papier cir\u00e9 aide \u00e0 bloquer l'huile et les odeurs, le pelliculage brillant augmente la visibilit\u00e9 en rayon et le bouchon \u00e0 l'\u00e9preuve des enfants ajoute \u00e0 la s\u00e9curit\u00e9.<\/p>","protected":false},"featured_media":258,"template":"","meta":{"_gspb_post_css":""},"product_brand":[],"product_cat":[30],"product_tag":[316,315,72,319,318,317],"class_list":{"0":"post-253","1":"product","2":"type-product","3":"status-publish","4":"has-post-thumbnail","6":"product_cat-cannabis-paper-tubes","7":"product_tag-biodegradable-food-grade-packaging","8":"product_tag-cbd-gummy-paper-tube-box","9":"product_tag-child-resistant-paper-tube","10":"product_tag-custom-printed-gummy-tube","11":"product_tag-glossy-laminated-tube-packaging","12":"product_tag-wax-coated-inner-liner-tube","14":"first","15":"instock","16":"shipping-taxable","17":"product-type-simple"},"_links":{"self":[{"href":"https:\/\/custompapertubeboxes.com\/fr\/wp-json\/wp\/v2\/product\/253","targetHints":{"allow":["GET"]}}],"collection":[{"href":"https:\/\/custompapertubeboxes.com\/fr\/wp-json\/wp\/v2\/product"}],"about":[{"href":"https:\/\/custompapertubeboxes.com\/fr\/wp-json\/wp\/v2\/types\/product"}],"wp:featuredmedia":[{"embeddable":true,"href":"https:\/\/custompapertubeboxes.com\/fr\/wp-json\/wp\/v2\/media\/258"}],"wp:attachment":[{"href":"https:\/\/custompapertubeboxes.com\/fr\/wp-json\/wp\/v2\/media?parent=253"}],"wp:term":[{"taxonomy":"product_brand","embeddable":true,"href":"https:\/\/custompapertubeboxes.com\/fr\/wp-json\/wp\/v2\/product_brand?post=253"},{"taxonomy":"product_cat","embeddable":true,"href":"https:\/\/custompapertubeboxes.com\/fr\/wp-json\/wp\/v2\/product_cat?post=253"},{"taxonomy":"product_tag","embeddable":true,"href":"https:\/\/custompapertubeboxes.com\/fr\/wp-json\/wp\/v2\/product_tag?post=253"}],"curies":[{"name":"wp","href":"https:\/\/api.w.org\/{rel}","templated":true}]}}