{"id":4157,"date":"2026-04-30T11:10:41","date_gmt":"2026-04-30T11:10:41","guid":{"rendered":"https:\/\/custompapertubeboxes.com\/?post_type=product&#038;p=4157"},"modified":"2026-04-30T11:12:14","modified_gmt":"2026-04-30T11:12:14","slug":"custom-printed-paper-tube-packaging-for-skincare-mist-oils","status":"publish","type":"product","link":"https:\/\/custompapertubeboxes.com\/fr\/custom-printed-paper-tube-packaging-for-skincare-mist-oils\/","title":{"rendered":"Emballage en tube de papier imprim\u00e9 personnalis\u00e9 pour les huiles de brume de soin de la peau"},"content":{"rendered":"<p>Cet emballage en tube papier imprim\u00e9 personnalis\u00e9 est con\u00e7u pour les produits cosm\u00e9tiques, les soins de la peau et les produits de bien-\u00eatre tels que les brumes pour le visage, les huiles pour le corps, les s\u00e9rums, les huiles essentielles, les parfums et les produits de beaut\u00e9 \u00e0 base de plantes. La structure cylindrique conf\u00e8re \u00e0 l'emballage un aspect haut de gamme tout en prot\u00e9geant les bouteilles en verre ou en plastique lors du stockage, de la pr\u00e9sentation au d\u00e9tail et de l'exp\u00e9dition. L'\u00e9chantillon se compose d'un tube en deux parties avec un couvercle ajust\u00e9, une surface blanche imprim\u00e9e lisse, une illustration botanique naturelle et une section inf\u00e9rieure dor\u00e9e m\u00e9tallique pour une apparence luxueuse en rayon. En tant qu'usine chinoise d'emballage papier, nous pouvons personnaliser le diam\u00e8tre du tube, sa hauteur, l'\u00e9paisseur du papier, le style du couvercle, le support int\u00e9rieur, la couleur, le logo, le dessin, le pelliculage mat ou brillant, l'estampage, le gaufrage, le d\u00e9bossage et les effets UV ponctuels. Ce tube en carton \u00e9cologique convient aux marques de produits de beaut\u00e9 qui souhaitent un emballage recyclable, l\u00e9ger et attrayant. Il est id\u00e9al pour les lancements de produits, les coffrets cadeaux, les lignes de soins en boutique et les emballages pour le commerce \u00e9lectronique. Des quantit\u00e9s minimales de commande et une production en vrac sont disponibles dans le monde entier.<\/p>","protected":false},"excerpt":{"rendered":"<p>Emballage en papier personnalis\u00e9 de premi\u00e8re qualit\u00e9 pour les brumes, les huiles, les s\u00e9rums et les produits de beaut\u00e9. Le carton rond durable, l'impression en couleur, les accents de type feuille d'aluminium et le bouchon bien ajust\u00e9 prot\u00e8gent les flacons tout en pr\u00e9sentant une image de marque naturelle et luxueuse pour la vente au d\u00e9tail, les cadeaux et les besoins de pr\u00e9sentation du commerce \u00e9lectronique dans le monde entier.<\/p>","protected":false},"featured_media":4166,"template":"","meta":{"_gspb_post_css":""},"product_brand":[],"product_cat":[15],"product_tag":[584,369,1470,1489,1488,1487],"class_list":{"0":"post-4157","1":"product","2":"type-product","3":"status-publish","4":"has-post-thumbnail","6":"product_cat-cosmetics-paper-tubes","7":"product_tag-cosmetic-paper-tube-box","8":"product_tag-custom-paper-tube-packaging","9":"product_tag-eco-friendly-paper-packaging","10":"product_tag-luxury-beauty-packaging","11":"product_tag-printed-cardboard-tube","12":"product_tag-skincare-mist-packaging","14":"first","15":"instock","16":"shipping-taxable","17":"product-type-simple"},"_links":{"self":[{"href":"https:\/\/custompapertubeboxes.com\/fr\/wp-json\/wp\/v2\/product\/4157","targetHints":{"allow":["GET"]}}],"collection":[{"href":"https:\/\/custompapertubeboxes.com\/fr\/wp-json\/wp\/v2\/product"}],"about":[{"href":"https:\/\/custompapertubeboxes.com\/fr\/wp-json\/wp\/v2\/types\/product"}],"wp:featuredmedia":[{"embeddable":true,"href":"https:\/\/custompapertubeboxes.com\/fr\/wp-json\/wp\/v2\/media\/4166"}],"wp:attachment":[{"href":"https:\/\/custompapertubeboxes.com\/fr\/wp-json\/wp\/v2\/media?parent=4157"}],"wp:term":[{"taxonomy":"product_brand","embeddable":true,"href":"https:\/\/custompapertubeboxes.com\/fr\/wp-json\/wp\/v2\/product_brand?post=4157"},{"taxonomy":"product_cat","embeddable":true,"href":"https:\/\/custompapertubeboxes.com\/fr\/wp-json\/wp\/v2\/product_cat?post=4157"},{"taxonomy":"product_tag","embeddable":true,"href":"https:\/\/custompapertubeboxes.com\/fr\/wp-json\/wp\/v2\/product_tag?post=4157"}],"curies":[{"name":"wp","href":"https:\/\/api.w.org\/{rel}","templated":true}]}}