{"id":4218,"date":"2026-04-14T11:59:54","date_gmt":"2026-04-14T11:59:54","guid":{"rendered":"https:\/\/custompapertubeboxes.com\/?post_type=product&#038;p=4218"},"modified":"2026-04-14T12:02:28","modified_gmt":"2026-04-14T12:02:28","slug":"sealable-paper-tube-tamper-evident-premium-cardboard-tubes","status":"publish","type":"product","link":"https:\/\/custompapertubeboxes.com\/fr\/sealable-paper-tube-tamper-evident-premium-cardboard-tubes\/","title":{"rendered":"Tubes en papier scellables Tubes en carton de qualit\u00e9 sup\u00e9rieure \u00e0 t\u00e9moin d'int\u00e9grit\u00e9"},"content":{"rendered":"<p>Notre tube en papier scellable est une solution d'emballage haut de gamme con\u00e7ue pour les marques qui souhaitent une meilleure protection de leurs produits et un meilleur moment de d\u00e9ballage. Fabriqu\u00e9 en carton rigide recyclable, ce tube comporte une ligne de perforation d\u00e9coup\u00e9e avec pr\u00e9cision et une bande de fermeture \u00e0 glissi\u00e8re facile \u00e0 d\u00e9chirer qui permet une ouverture propre et satisfaisante. La structure d'inviolabilit\u00e9 permet de prouver que l'emballage n'a pas \u00e9t\u00e9 ouvert, ce qui donne aux clients l'assurance que l'article \u00e0 l'int\u00e9rieur est neuf et n'a pas \u00e9t\u00e9 touch\u00e9. Il s'agit d'un choix id\u00e9al sans plastique pour le commerce \u00e9lectronique, les pr\u00e9sentoirs de vente au d\u00e9tail, les bo\u00eetes d'abonnement et les emballages cadeaux. Les emballages imprim\u00e9s sur mesure vous permettent de mettre en valeur votre marque tout en augmentant l'attrait du produit en rayon. Parfait pour les th\u00e9s, le caf\u00e9, les compl\u00e9ments alimentaires, les cosm\u00e9tiques, les chaussettes, les v\u00eatements et les cadeaux sp\u00e9cialis\u00e9s, ce tube en papier s\u00e9curis\u00e9 allie durabilit\u00e9, fonctionnalit\u00e9 et pr\u00e9sentation dans un format intelligent. Choisissez-le pour r\u00e9duire l'utilisation du plastique, prot\u00e9ger les produits en transit et donner une premi\u00e8re impression m\u00e9morable. Sa forme cylindrique robuste r\u00e9siste mieux \u00e0 l'\u00e9crasement que les cartons ordinaires lors de la manutention et de l'exp\u00e9dition.<\/p>","protected":false},"excerpt":{"rendered":"<p>Prot\u00e9gez vos produits avec notre tube en papier scellable, con\u00e7u avec une bande de fermeture \u00e9clair d\u00e9coup\u00e9e \u00e0 l'emporte-pi\u00e8ce pour une ouverture en douceur. Cet emballage en carton rigide, inviolable et recyclable, s\u00e9curise les marchandises en transit, rehausse la pr\u00e9sentation et garantit aux clients que chaque article arrive scell\u00e9, neuf et intact, dans les d\u00e9lais impartis.<\/p>","protected":false},"featured_media":4219,"template":"","meta":{"_gspb_post_css":""},"product_brand":[],"product_cat":[20,24,27,25,22],"product_tag":[1035,1512,1513],"class_list":{"0":"post-4218","1":"product","2":"type-product","3":"status-publish","4":"has-post-thumbnail","6":"product_cat-food-paper-tubes","7":"product_cat-coffee-paper-tubes","8":"product_cat-kraft-paper-tubes","9":"product_cat-spice-salt-paper-tubes","10":"product_cat-tea-paper-tubes","11":"product_tag-recyclable-paper-tube","12":"product_tag-sealable-paper-tube","13":"product_tag-tamper-evident-packaging","15":"first","16":"instock","17":"shipping-taxable","18":"product-type-simple"},"_links":{"self":[{"href":"https:\/\/custompapertubeboxes.com\/fr\/wp-json\/wp\/v2\/product\/4218","targetHints":{"allow":["GET"]}}],"collection":[{"href":"https:\/\/custompapertubeboxes.com\/fr\/wp-json\/wp\/v2\/product"}],"about":[{"href":"https:\/\/custompapertubeboxes.com\/fr\/wp-json\/wp\/v2\/types\/product"}],"wp:featuredmedia":[{"embeddable":true,"href":"https:\/\/custompapertubeboxes.com\/fr\/wp-json\/wp\/v2\/media\/4219"}],"wp:attachment":[{"href":"https:\/\/custompapertubeboxes.com\/fr\/wp-json\/wp\/v2\/media?parent=4218"}],"wp:term":[{"taxonomy":"product_brand","embeddable":true,"href":"https:\/\/custompapertubeboxes.com\/fr\/wp-json\/wp\/v2\/product_brand?post=4218"},{"taxonomy":"product_cat","embeddable":true,"href":"https:\/\/custompapertubeboxes.com\/fr\/wp-json\/wp\/v2\/product_cat?post=4218"},{"taxonomy":"product_tag","embeddable":true,"href":"https:\/\/custompapertubeboxes.com\/fr\/wp-json\/wp\/v2\/product_tag?post=4218"}],"curies":[{"name":"wp","href":"https:\/\/api.w.org\/{rel}","templated":true}]}}