{"id":709,"date":"2025-12-30T01:33:32","date_gmt":"2025-12-30T01:33:32","guid":{"rendered":"https:\/\/custompapertubeboxes.com\/?post_type=product&#038;p=709"},"modified":"2025-12-30T01:33:32","modified_gmt":"2025-12-30T01:33:32","slug":"recyclable-water-bottle-cardboard-packaging-cylinder-tube-box","status":"publish","type":"product","link":"https:\/\/custompapertubeboxes.com\/fr\/recyclable-water-bottle-cardboard-packaging-cylinder-tube-box\/","title":{"rendered":"Emballage en carton pour bouteille d'eau recyclable Bo\u00eete pour tube cylindrique"},"content":{"rendered":"<p>l'emballage en carton recyclable de la bouteille d'eau donne \u00e0 votre bouteille un aspect propre et haut de gamme. le corps en carton \u00e9pais est solide et prot\u00e8ge le produit des chocs, de la poussi\u00e8re et de l'usure des \u00e9tag\u00e8res. l'impression de haute qualit\u00e9 permet de conserver la nettet\u00e9 des d\u00e9grad\u00e9s, des ic\u00f4nes et des textes fins, tout comme l'exemple de mise en page. ajoutez des motifs UV ponctuels pour mettre en valeur votre logo ou des caract\u00e9ristiques cl\u00e9s avec une brillance au toucher, puis terminez par un pelliculage brillant pour un \u00e9clat suppl\u00e9mentaire et une r\u00e9sistance aux rayures. le cylindre t\u00e9lescopique s'ouvre en douceur pour un d\u00e9ballage semblable \u00e0 celui d'un cadeau et s'empile proprement pour la vente au d\u00e9tail. personnalisez la taille, la couleur et les inserts pour votre gamme de bouteilles.<\/p>","protected":false},"excerpt":{"rendered":"<p>emballage en carton recyclable pour bouteilles d'eau bo\u00eete cylindrique : tube en carton solide avec impression vive, pelliculage brillant et d\u00e9tails UV qui ressortent \u00e0 la lumi\u00e8re, con\u00e7u pour prot\u00e9ger et impressionner.<\/p>","protected":false},"featured_media":716,"template":"","meta":{"_gspb_post_css":""},"product_brand":[],"product_cat":[20,26],"product_tag":[474,477,216,475,476,473],"class_list":{"0":"post-709","1":"product","2":"type-product","3":"status-publish","4":"has-post-thumbnail","6":"product_cat-food-paper-tubes","7":"product_cat-spirits-wine-paper-tubes","8":"product_tag-cardboard-cylinder-tube-box","9":"product_tag-custom-printed-cylinder-box","10":"product_tag-glossy-laminated-tube","11":"product_tag-recyclable-bottle-packaging","12":"product_tag-spot-uv-tube-box","13":"product_tag-water-bottle-tube-packaging","15":"first","16":"instock","17":"shipping-taxable","18":"product-type-simple"},"_links":{"self":[{"href":"https:\/\/custompapertubeboxes.com\/fr\/wp-json\/wp\/v2\/product\/709","targetHints":{"allow":["GET"]}}],"collection":[{"href":"https:\/\/custompapertubeboxes.com\/fr\/wp-json\/wp\/v2\/product"}],"about":[{"href":"https:\/\/custompapertubeboxes.com\/fr\/wp-json\/wp\/v2\/types\/product"}],"wp:featuredmedia":[{"embeddable":true,"href":"https:\/\/custompapertubeboxes.com\/fr\/wp-json\/wp\/v2\/media\/716"}],"wp:attachment":[{"href":"https:\/\/custompapertubeboxes.com\/fr\/wp-json\/wp\/v2\/media?parent=709"}],"wp:term":[{"taxonomy":"product_brand","embeddable":true,"href":"https:\/\/custompapertubeboxes.com\/fr\/wp-json\/wp\/v2\/product_brand?post=709"},{"taxonomy":"product_cat","embeddable":true,"href":"https:\/\/custompapertubeboxes.com\/fr\/wp-json\/wp\/v2\/product_cat?post=709"},{"taxonomy":"product_tag","embeddable":true,"href":"https:\/\/custompapertubeboxes.com\/fr\/wp-json\/wp\/v2\/product_tag?post=709"}],"curies":[{"name":"wp","href":"https:\/\/api.w.org\/{rel}","templated":true}]}}