{"id":723,"date":"2025-12-30T01:39:22","date_gmt":"2025-12-30T01:39:22","guid":{"rendered":"https:\/\/custompapertubeboxes.com\/?post_type=product&#038;p=723"},"modified":"2025-12-30T01:39:22","modified_gmt":"2025-12-30T01:39:22","slug":"child-resistant-paper-tube-box-for-concentrate-container","status":"publish","type":"product","link":"https:\/\/custompapertubeboxes.com\/fr\/child-resistant-paper-tube-box-for-concentrate-container\/","title":{"rendered":"Bo\u00eete en tube de papier \u00e0 l'\u00e9preuve des enfants pour les contenants de concentr\u00e9"},"content":{"rendered":"<p>la bo\u00eete tubulaire en papier \u00e0 l'\u00e9preuve des enfants pour les contenants de concentr\u00e9 est fabriqu\u00e9e \u00e0 partir d'un carton noir robuste qui donne une impression de douceur et de s\u00e9rieux sur l'\u00e9tag\u00e8re. la fermeture \u00e0 l'\u00e9preuve des enfants est con\u00e7ue pour r\u00e9pondre aux besoins de conformit\u00e9 tout en s'ouvrant facilement pour les adultes. \u00e0 l'int\u00e9rieur, un insert bien ajust\u00e9 ou de la mousse peut maintenir un petit pot stable, r\u00e9duisant ainsi les cliquetis pendant le transport. La dorure \u00e0 chaud met en valeur votre logo sans encombrer le design. lorsque le produit est \u00e9puis\u00e9, le corps en papier biod\u00e9gradable contribue \u00e0 r\u00e9duire les d\u00e9chets par rapport aux emballages en plastique. personnalisez le diam\u00e8tre, la hauteur et la finition pour les cosm\u00e9tiques, les compl\u00e9ments ou d'autres concentr\u00e9s. avec des inserts personnalis\u00e9s en option \u00e0 l'int\u00e9rieur.<\/p>","protected":false},"excerpt":{"rendered":"<p>bo\u00eete en papier \u00e0 l'\u00e9preuve des enfants pour les contenants de concentr\u00e9 : carton noir mat avec fermeture de type \"push-and-turn\", logo en feuille d'aluminium \u00e0 chaud et structure biod\u00e9gradable qui permet de garder les petits pots discrets et prot\u00e9g\u00e9s.<\/p>","protected":false},"featured_media":725,"template":"","meta":{"_gspb_post_css":""},"product_brand":[],"product_cat":[29],"product_tag":[485,484,72,486,487,274],"class_list":{"0":"post-723","1":"product","2":"type-product","3":"status-publish","4":"has-post-thumbnail","6":"product_cat-child-resistant-paper-tubes","7":"product_tag-biodegradable-cylinder-packaging","8":"product_tag-black-cardboard-tube-box","9":"product_tag-child-resistant-paper-tube","10":"product_tag-concentrate-container-packaging","11":"product_tag-custom-paper-tube-box","12":"product_tag-hot-foil-stamped-tube","14":"first","15":"instock","16":"shipping-taxable","17":"product-type-simple"},"_links":{"self":[{"href":"https:\/\/custompapertubeboxes.com\/fr\/wp-json\/wp\/v2\/product\/723","targetHints":{"allow":["GET"]}}],"collection":[{"href":"https:\/\/custompapertubeboxes.com\/fr\/wp-json\/wp\/v2\/product"}],"about":[{"href":"https:\/\/custompapertubeboxes.com\/fr\/wp-json\/wp\/v2\/types\/product"}],"wp:featuredmedia":[{"embeddable":true,"href":"https:\/\/custompapertubeboxes.com\/fr\/wp-json\/wp\/v2\/media\/725"}],"wp:attachment":[{"href":"https:\/\/custompapertubeboxes.com\/fr\/wp-json\/wp\/v2\/media?parent=723"}],"wp:term":[{"taxonomy":"product_brand","embeddable":true,"href":"https:\/\/custompapertubeboxes.com\/fr\/wp-json\/wp\/v2\/product_brand?post=723"},{"taxonomy":"product_cat","embeddable":true,"href":"https:\/\/custompapertubeboxes.com\/fr\/wp-json\/wp\/v2\/product_cat?post=723"},{"taxonomy":"product_tag","embeddable":true,"href":"https:\/\/custompapertubeboxes.com\/fr\/wp-json\/wp\/v2\/product_tag?post=723"}],"curies":[{"name":"wp","href":"https:\/\/api.w.org\/{rel}","templated":true}]}}