{"id":734,"date":"2025-12-30T01:45:53","date_gmt":"2025-12-30T01:45:53","guid":{"rendered":"https:\/\/custompapertubeboxes.com\/?post_type=product&#038;p=734"},"modified":"2025-12-30T01:45:53","modified_gmt":"2025-12-30T01:45:53","slug":"water-bottles-paper-tube-packaging-custom-round-cardboard-boxes-for-water-bottles","status":"publish","type":"product","link":"https:\/\/custompapertubeboxes.com\/fr\/water-bottles-paper-tube-packaging-custom-round-cardboard-boxes-for-water-bottles\/","title":{"rendered":"Emballage de bouteilles d'eau en tube de papier, bo\u00eetes en carton rondes personnalis\u00e9es pour bouteilles d'eau"},"content":{"rendered":"<p>l'emballage en tube papier pour bouteilles d'eau, les bo\u00eetes en carton rondes personnalis\u00e9es pour bouteilles d'eau sont con\u00e7ues pour prot\u00e9ger une bouteille et lui donner l'impression d'\u00eatre un cadeau. le c\u0153ur en papier rigide de 800 g\/m\u00b2 conf\u00e8re au tube une r\u00e9elle solidit\u00e9, tandis que l'emballage en papier d'art de 125 g\/m\u00b2 cr\u00e9e une surface lisse pour l'impression offset - id\u00e9ale pour les logos nets, les textes fins et les blocs de couleurs riches comme l'\u00e9chantillon rouge. ajoutez une dorure \u00e0 chaud pour donner vie \u00e0 votre marque avec un \u00e9clat m\u00e9tallique, puis terminez par un pelliculage mat pour une touche douce et moderne qui r\u00e9siste aux traces de doigts. d'une taille de 6\u00d715 cm, le tube t\u00e9lescopique s'ouvre proprement et se ferme en toute s\u00e9curit\u00e9 pour la vente au d\u00e9tail ou l'envoi de cadeaux.<\/p>","protected":false},"excerpt":{"rendered":"<p>emballage en tube papier pour bouteilles d'eau, bo\u00eetes rondes en carton personnalis\u00e9es pour bouteilles d'eau : Tube rigide de 6\u00d715 cm avec pelliculage mat, impression offset propre et logo \u00e0 chaud pour un aspect soign\u00e9 et pr\u00eat \u00e0 \u00eatre offert.<\/p>","protected":false},"featured_media":741,"template":"","meta":{"_gspb_post_css":""},"product_brand":[],"product_cat":[20,26],"product_tag":[179,274,493,496,495,494],"class_list":{"0":"post-734","1":"product","2":"type-product","3":"status-publish","4":"has-post-thumbnail","6":"product_cat-food-paper-tubes","7":"product_cat-spirits-wine-paper-tubes","8":"product_tag-custom-cylinder-packaging","9":"product_tag-hot-foil-stamped-tube","10":"product_tag-matte-laminated-tube-box","11":"product_tag-rigid-paper-tube-packaging","12":"product_tag-round-cardboard-bottle-box","13":"product_tag-water-bottle-paper-tube","15":"first","16":"instock","17":"shipping-taxable","18":"product-type-simple"},"_links":{"self":[{"href":"https:\/\/custompapertubeboxes.com\/fr\/wp-json\/wp\/v2\/product\/734","targetHints":{"allow":["GET"]}}],"collection":[{"href":"https:\/\/custompapertubeboxes.com\/fr\/wp-json\/wp\/v2\/product"}],"about":[{"href":"https:\/\/custompapertubeboxes.com\/fr\/wp-json\/wp\/v2\/types\/product"}],"wp:featuredmedia":[{"embeddable":true,"href":"https:\/\/custompapertubeboxes.com\/fr\/wp-json\/wp\/v2\/media\/741"}],"wp:attachment":[{"href":"https:\/\/custompapertubeboxes.com\/fr\/wp-json\/wp\/v2\/media?parent=734"}],"wp:term":[{"taxonomy":"product_brand","embeddable":true,"href":"https:\/\/custompapertubeboxes.com\/fr\/wp-json\/wp\/v2\/product_brand?post=734"},{"taxonomy":"product_cat","embeddable":true,"href":"https:\/\/custompapertubeboxes.com\/fr\/wp-json\/wp\/v2\/product_cat?post=734"},{"taxonomy":"product_tag","embeddable":true,"href":"https:\/\/custompapertubeboxes.com\/fr\/wp-json\/wp\/v2\/product_tag?post=734"}],"curies":[{"name":"wp","href":"https:\/\/api.w.org\/{rel}","templated":true}]}}