{"id":796,"date":"2025-12-30T02:13:57","date_gmt":"2025-12-30T02:13:57","guid":{"rendered":"https:\/\/custompapertubeboxes.com\/?post_type=product&#038;p=796"},"modified":"2025-12-30T02:13:58","modified_gmt":"2025-12-30T02:13:58","slug":"food-grade-marble-paper-tube-boxes-for-tea-packaging-with-silver-hot-stamping","status":"publish","type":"product","link":"https:\/\/custompapertubeboxes.com\/fr\/food-grade-marble-paper-tube-boxes-for-tea-packaging-with-silver-hot-stamping\/","title":{"rendered":"Bo\u00eetes en papier marbr\u00e9 de qualit\u00e9 alimentaire pour l'emballage du th\u00e9 avec marquage \u00e0 chaud en argent"},"content":{"rendered":"<p>les bo\u00eetes tubulaires en papier marbr\u00e9 de qualit\u00e9 alimentaire pour l'emballage du th\u00e9 avec marquage \u00e0 chaud argent\u00e9 sont con\u00e7ues pour les marques qui souhaitent une esth\u00e9tique propre, semblable \u00e0 celle d'un spa, tout en prot\u00e9geant le th\u00e9. la structure en papier rigide de 800 g\/m\u00b2 conf\u00e8re au tube r\u00e9sistance et stabilit\u00e9, et le papier d'art de 125 g\/m\u00b2 l'enveloppe pour une impression offset lisse avec une finition marbr\u00e9e r\u00e9aliste. Le laminage mat adoucit le toucher, r\u00e9duit l'\u00e9blouissement et aide \u00e0 r\u00e9sister aux empreintes digitales lors de la manipulation. D'une taille de 5\u00d713 cm, il est id\u00e9al pour le th\u00e9 en feuilles, les sachets ou les m\u00e9langes de bien-\u00eatre. personnalisez les illustrations, les encarts et les doublures int\u00e9rieures pour une fra\u00eecheur de qualit\u00e9 alimentaire.<\/p>","protected":false},"excerpt":{"rendered":"<p>bo\u00eetes en papier marbr\u00e9 de qualit\u00e9 alimentaire pour l'emballage du th\u00e9 avec marquage \u00e0 chaud en argent : Bo\u00eete rigide de 5\u00d713 cm avec pelliculage mat, impression marbr\u00e9e nette et accents de feuille d'argent pour un aspect calme et haut de gamme en rayon.<\/p>","protected":false},"featured_media":803,"template":"","meta":{"_gspb_post_css":""},"product_brand":[],"product_cat":[20,22],"product_tag":[526,524,528,371,527,525],"class_list":{"0":"post-796","1":"product","2":"type-product","3":"status-publish","4":"has-post-thumbnail","6":"product_cat-food-paper-tubes","7":"product_cat-tea-paper-tubes","8":"product_tag-food-grade-tube-packaging","9":"product_tag-marble-paper-tube-box","10":"product_tag-matte-laminated-tea-tube","11":"product_tag-rigid-cardboard-cylinder-box","12":"product_tag-silver-foil-stamped-tube","13":"product_tag-tea-packaging-paper-canister","15":"first","16":"instock","17":"shipping-taxable","18":"product-type-simple"},"_links":{"self":[{"href":"https:\/\/custompapertubeboxes.com\/fr\/wp-json\/wp\/v2\/product\/796","targetHints":{"allow":["GET"]}}],"collection":[{"href":"https:\/\/custompapertubeboxes.com\/fr\/wp-json\/wp\/v2\/product"}],"about":[{"href":"https:\/\/custompapertubeboxes.com\/fr\/wp-json\/wp\/v2\/types\/product"}],"wp:featuredmedia":[{"embeddable":true,"href":"https:\/\/custompapertubeboxes.com\/fr\/wp-json\/wp\/v2\/media\/803"}],"wp:attachment":[{"href":"https:\/\/custompapertubeboxes.com\/fr\/wp-json\/wp\/v2\/media?parent=796"}],"wp:term":[{"taxonomy":"product_brand","embeddable":true,"href":"https:\/\/custompapertubeboxes.com\/fr\/wp-json\/wp\/v2\/product_brand?post=796"},{"taxonomy":"product_cat","embeddable":true,"href":"https:\/\/custompapertubeboxes.com\/fr\/wp-json\/wp\/v2\/product_cat?post=796"},{"taxonomy":"product_tag","embeddable":true,"href":"https:\/\/custompapertubeboxes.com\/fr\/wp-json\/wp\/v2\/product_tag?post=796"}],"curies":[{"name":"wp","href":"https:\/\/api.w.org\/{rel}","templated":true}]}}