{"id":855,"date":"2025-12-30T02:44:20","date_gmt":"2025-12-30T02:44:20","guid":{"rendered":"https:\/\/custompapertubeboxes.com\/?post_type=product&#038;p=855"},"modified":"2026-01-30T02:39:25","modified_gmt":"2026-01-30T02:39:25","slug":"eco-friendly-spice-paper-tube-food-grade-wholesale-powder-food-packaging-paper-tube","status":"publish","type":"product","link":"https:\/\/custompapertubeboxes.com\/fr\/eco-friendly-spice-paper-tube-food-grade-wholesale-powder-food-packaging-paper-tube\/","title":{"rendered":"Tube en papier \u00e9cologique pour \u00e9pices de qualit\u00e9 alimentaire Tube en papier pour l'emballage de poudres alimentaires en gros"},"content":{"rendered":"<p>tube de papier \u00e0 \u00e9pices \u00e9cologique qualit\u00e9 alimentaire emballage alimentaire en gros en poudre le tube de papier est con\u00e7u pour les poudres qui m\u00e9ritent un emballage plus propre et plus naturel. le c\u0153ur en papier rigide de 800 g\/m\u00b2 permet au tube d'\u00eatre solide et empilable, tandis que le papier d'art de 125 g\/m\u00b2 permet une impression offset lisse pour les listes d'ingr\u00e9dients, les codes-barres et les graphiques de marque. Le pelliculage mat ajoute une touche de douceur et aide \u00e0 r\u00e9sister aux \u00e9raflures des cuisines occup\u00e9es et des cartons d'exp\u00e9dition. ajoutez une dorure \u00e0 chaud pour mettre en valeur votre logo ou le nom de l'ar\u00f4me avec une subtile touche m\u00e9tallique. d'une taille de 6\u00d710 cm, il convient aux m\u00e9langes d'\u00e9pices, aux assaisonnements en poudre, aux m\u00e9langes pour boissons ou aux suppl\u00e9ments. personnalisez le diam\u00e8tre, la hauteur, la profondeur du couvercle et les doublures int\u00e9rieures pour r\u00e9pondre aux besoins de qualit\u00e9 alimentaire et de fra\u00eecheur.<\/p>","protected":false},"excerpt":{"rendered":"<p>tube papier \u00e9pices \u00e9cologique qualit\u00e9 alimentaire emballage poudre alimentaire en gros tube papier : Bo\u00eete rigide de 6\u00d710 cm de style kraft avec pelliculage mat, impression nette et couvercle \u00e9tanche pour un rangement ordonn\u00e9 dans le garde-manger.<\/p>","protected":false},"featured_media":856,"template":"","meta":{"_gspb_post_css":""},"product_brand":[],"product_cat":[20,25],"product_tag":[555,554,488,556,553,413],"class_list":{"0":"post-855","1":"product","2":"type-product","3":"status-publish","4":"has-post-thumbnail","6":"product_cat-food-paper-tubes","7":"product_cat-spice-salt-paper-tubes","8":"product_tag-custom-printed-spice-tube","9":"product_tag-food-grade-powder-tube","10":"product_tag-kraft-paper-canister","11":"product_tag-matte-laminated-paper-can","12":"product_tag-spice-paper-tube-packaging","13":"product_tag-wholesale-paper-tube-box","15":"first","16":"instock","17":"shipping-taxable","18":"product-type-simple"},"_links":{"self":[{"href":"https:\/\/custompapertubeboxes.com\/fr\/wp-json\/wp\/v2\/product\/855","targetHints":{"allow":["GET"]}}],"collection":[{"href":"https:\/\/custompapertubeboxes.com\/fr\/wp-json\/wp\/v2\/product"}],"about":[{"href":"https:\/\/custompapertubeboxes.com\/fr\/wp-json\/wp\/v2\/types\/product"}],"wp:featuredmedia":[{"embeddable":true,"href":"https:\/\/custompapertubeboxes.com\/fr\/wp-json\/wp\/v2\/media\/856"}],"wp:attachment":[{"href":"https:\/\/custompapertubeboxes.com\/fr\/wp-json\/wp\/v2\/media?parent=855"}],"wp:term":[{"taxonomy":"product_brand","embeddable":true,"href":"https:\/\/custompapertubeboxes.com\/fr\/wp-json\/wp\/v2\/product_brand?post=855"},{"taxonomy":"product_cat","embeddable":true,"href":"https:\/\/custompapertubeboxes.com\/fr\/wp-json\/wp\/v2\/product_cat?post=855"},{"taxonomy":"product_tag","embeddable":true,"href":"https:\/\/custompapertubeboxes.com\/fr\/wp-json\/wp\/v2\/product_tag?post=855"}],"curies":[{"name":"wp","href":"https:\/\/api.w.org\/{rel}","templated":true}]}}