{"id":919,"date":"2025-12-30T03:20:14","date_gmt":"2025-12-30T03:20:14","guid":{"rendered":"https:\/\/custompapertubeboxes.com\/?post_type=product&#038;p=919"},"modified":"2025-12-30T03:20:15","modified_gmt":"2025-12-30T03:20:15","slug":"usa-certificated-child-resistant-vape-cartridge-paper-tube-packaging-cardboard-tube-boxes","status":"publish","type":"product","link":"https:\/\/custompapertubeboxes.com\/fr\/usa-certificated-child-resistant-vape-cartridge-paper-tube-packaging-cardboard-tube-boxes\/","title":{"rendered":"Cartouche de Vape en papier certifi\u00e9e USA Tube d'Emballage en carton Tube Boxes"},"content":{"rendered":"<p>Les cartouches de vape certifi\u00e9es par l'USA sont emball\u00e9es dans des tubes en carton (conception pr\u00eate \u00e0 l'emploi) pour les marques qui ont besoin de s\u00e9curit\u00e9 sans pour autant perdre leur attrait en rayon. Le tube de 3\u00d710 cm utilise un papier rigide de 800 g\/m\u00b2 envelopp\u00e9 d'un papier d'art de 125 g\/m\u00b2, puis recouvert d'un pelliculage mat pour un toucher doux et de qualit\u00e9. Une serrure \u00e0 bouton-poussoir permet une ouverture \u00e0 l'\u00e9preuve des enfants, tout en offrant une sensation de douceur pour les adultes. L'impression offset permet de conserver la nettet\u00e9 des couleurs ; l'estampage \u00e0 chaud ajoute une touche de nettet\u00e9 aux logos ou aux marques de lot. Des inserts optionnels permettent de maintenir les cartouches en position verticale pendant l'exp\u00e9dition. Personnalisation possible pour les gros tirages, rapidement. Choisissez le kraft, le noir ou les enveloppes assorties au pantone.<\/p>","protected":false},"excerpt":{"rendered":"<p>Tube en carton mince de 3\u00d710 cm avec fermeture \u00e0 bouton de s\u00e9curit\u00e9 enfant pour prot\u00e9ger les cartouches de vape. Impression offset + dorure \u00e0 chaud, finition lamin\u00e9e mate, avec de l'espace pour un marquage personnalis\u00e9 et des encarts.<\/p>","protected":false},"featured_media":926,"template":"","meta":{"_gspb_post_css":""},"product_brand":[],"product_cat":[29],"product_tag":[403,72,246,110,428,203],"class_list":{"0":"post-919","1":"product","2":"type-product","3":"status-publish","4":"has-post-thumbnail","6":"product_cat-child-resistant-paper-tubes","7":"product_tag-cardboard-cylinder-box","8":"product_tag-child-resistant-paper-tube","9":"product_tag-custom-printed-tube-box","10":"product_tag-hot-foil-stamping","11":"product_tag-matte-laminated-tube","12":"product_tag-vape-cartridge-packaging","14":"first","15":"instock","16":"shipping-taxable","17":"product-type-simple"},"_links":{"self":[{"href":"https:\/\/custompapertubeboxes.com\/fr\/wp-json\/wp\/v2\/product\/919","targetHints":{"allow":["GET"]}}],"collection":[{"href":"https:\/\/custompapertubeboxes.com\/fr\/wp-json\/wp\/v2\/product"}],"about":[{"href":"https:\/\/custompapertubeboxes.com\/fr\/wp-json\/wp\/v2\/types\/product"}],"wp:featuredmedia":[{"embeddable":true,"href":"https:\/\/custompapertubeboxes.com\/fr\/wp-json\/wp\/v2\/media\/926"}],"wp:attachment":[{"href":"https:\/\/custompapertubeboxes.com\/fr\/wp-json\/wp\/v2\/media?parent=919"}],"wp:term":[{"taxonomy":"product_brand","embeddable":true,"href":"https:\/\/custompapertubeboxes.com\/fr\/wp-json\/wp\/v2\/product_brand?post=919"},{"taxonomy":"product_cat","embeddable":true,"href":"https:\/\/custompapertubeboxes.com\/fr\/wp-json\/wp\/v2\/product_cat?post=919"},{"taxonomy":"product_tag","embeddable":true,"href":"https:\/\/custompapertubeboxes.com\/fr\/wp-json\/wp\/v2\/product_tag?post=919"}],"curies":[{"name":"wp","href":"https:\/\/api.w.org\/{rel}","templated":true}]}}