{"id":983,"date":"2025-12-30T03:56:35","date_gmt":"2025-12-30T03:56:35","guid":{"rendered":"https:\/\/custompapertubeboxes.com\/?post_type=product&#038;p=983"},"modified":"2025-12-30T03:56:35","modified_gmt":"2025-12-30T03:56:35","slug":"custom-printed-cardboard-tube-candles-box-eco-friendly-candle-jar-paper-tube-box-packaging","status":"publish","type":"product","link":"https:\/\/custompapertubeboxes.com\/fr\/custom-printed-cardboard-tube-candles-box-eco-friendly-candle-jar-paper-tube-box-packaging\/","title":{"rendered":"Bo\u00eete \u00e0 bougies en carton imprim\u00e9e personnalis\u00e9e, emballage \u00e9cologique de bougies en tube papier"},"content":{"rendered":"<p>bo\u00eete \u00e0 bougies en carton imprim\u00e9e personnalis\u00e9e, bo\u00eete \u00e0 bougies en papier \u00e9cologique en forme de tube, pour que votre bougie soit conserv\u00e9e et non jet\u00e9e. le papier rigide de 800 g\/m\u00b2 prot\u00e8ge les pots en verre pendant l'exp\u00e9dition et le cadeau, tandis que le papier d'art de 125 g\/m\u00b2 offre une impression offset nette pour les emballages photographiques et les marques de fabrique. la forme ronde du tube s'empile bien, donne un aspect haut de gamme aux \u00e9tag\u00e8res et donne l'impression de soulever les empreintes digitales et les \u00e9raflures. La dorure \u00e0 chaud ajoute une touche de raffinement, et le pelliculage mat laisse un toucher lisse qui dissimule les empreintes digitales et les \u00e9raflures. La forme ronde du tube s'empile bien, donne une impression de qualit\u00e9 sup\u00e9rieure sur les \u00e9tag\u00e8res, et donne l'impression de soulever le couvercle de quelque chose de sp\u00e9cial en l'ouvrant.<\/p>","protected":false},"excerpt":{"rendered":"<p>bo\u00eete tubulaire en papier de qualit\u00e9 sup\u00e9rieure pour photophores avec des graphiques audacieux et un bord en kraft naturel. fabriqu\u00e9e avec du papier rigide 800 g\/m\u00b2, du papier d'art, un pelliculage mat, ainsi qu'une impression offset et des d\u00e9tails en feuille. 7\u00d712 cm.<\/p>","protected":false},"featured_media":986,"template":"","meta":{"_gspb_post_css":""},"product_brand":[],"product_cat":[17],"product_tag":[619,621,620,110,622,496],"class_list":{"0":"post-983","1":"product","2":"type-product","3":"status-publish","4":"has-post-thumbnail","6":"product_cat-candle-paper-tubes","7":"product_tag-candle-jar-paper-tube-box","8":"product_tag-cardboard-cylinder-gift-box","9":"product_tag-custom-printed-candle-packaging","10":"product_tag-hot-foil-stamping","11":"product_tag-matt-laminated-tube-box","12":"product_tag-rigid-paper-tube-packaging","14":"first","15":"instock","16":"shipping-taxable","17":"product-type-simple"},"_links":{"self":[{"href":"https:\/\/custompapertubeboxes.com\/fr\/wp-json\/wp\/v2\/product\/983","targetHints":{"allow":["GET"]}}],"collection":[{"href":"https:\/\/custompapertubeboxes.com\/fr\/wp-json\/wp\/v2\/product"}],"about":[{"href":"https:\/\/custompapertubeboxes.com\/fr\/wp-json\/wp\/v2\/types\/product"}],"wp:featuredmedia":[{"embeddable":true,"href":"https:\/\/custompapertubeboxes.com\/fr\/wp-json\/wp\/v2\/media\/986"}],"wp:attachment":[{"href":"https:\/\/custompapertubeboxes.com\/fr\/wp-json\/wp\/v2\/media?parent=983"}],"wp:term":[{"taxonomy":"product_brand","embeddable":true,"href":"https:\/\/custompapertubeboxes.com\/fr\/wp-json\/wp\/v2\/product_brand?post=983"},{"taxonomy":"product_cat","embeddable":true,"href":"https:\/\/custompapertubeboxes.com\/fr\/wp-json\/wp\/v2\/product_cat?post=983"},{"taxonomy":"product_tag","embeddable":true,"href":"https:\/\/custompapertubeboxes.com\/fr\/wp-json\/wp\/v2\/product_tag?post=983"}],"curies":[{"name":"wp","href":"https:\/\/api.w.org\/{rel}","templated":true}]}}