{"id":1182,"date":"2025-12-30T08:02:17","date_gmt":"2025-12-30T08:02:17","guid":{"rendered":"https:\/\/custompapertubeboxes.com\/?post_type=product&#038;p=1182"},"modified":"2025-12-30T08:02:17","modified_gmt":"2025-12-30T08:02:17","slug":"custom-food-grade-recycled-cylinder-cardboard-supplement-loose-leaf-tea-coffee-round-box","status":"publish","type":"product","link":"https:\/\/custompapertubeboxes.com\/it\/custom-food-grade-recycled-cylinder-cardboard-supplement-loose-leaf-tea-coffee-round-box\/","title":{"rendered":"Scatola rotonda del caff\u00e8 del t\u00e8 della foglia sciolto del supplemento del cartone riciclato del grado alimentare su ordinazione"},"content":{"rendered":"<p>questa scatola rotonda in cartone riciclato alimentare \u00e8 stata realizzata per prodotti che vengono aperti ogni giorno, quindi deve essere pulita, robusta e di facile affidabilit\u00e0. l'anima in carta rigida da 800 g\/m\u00b2 conferisce una struttura solida, mentre la carta artistica da 125 g\/m\u00b2 avvolge il tubo per una stampa uniforme e dettagli nitidi. La stampa offset mantiene le etichette chiare e coerenti, la stampa a caldo aggiunge un tocco raffinato, mentre la laminazione opaca riduce i riflessi e aiuta a resistere ai graffi. una confezione semplice e moderna che fa bella mostra di s\u00e9 sugli scaffali e rimane pratica in mano.<\/p>","protected":false},"excerpt":{"rendered":"<p>scatola a tubo in carta riciclata per alimenti, 4\u00d711 cm, per integratori, t\u00e8 in foglie sfuso o caff\u00e8. carta rigida e resistente, stampa offset nitida, accenti in lamina e finitura liscia e opaca per una conservazione pulita.<\/p>","protected":false},"featured_media":1187,"template":"","meta":{"_gspb_post_css":""},"product_brand":[],"product_cat":[20,24],"product_tag":[727,212,209,247,726,728],"class_list":{"0":"post-1182","1":"product","2":"type-product","3":"status-publish","4":"has-post-thumbnail","6":"product_cat-food-paper-tubes","7":"product_cat-coffee-paper-tubes","8":"product_tag-coffee-tea-paper-can","9":"product_tag-custom-printed-round-box","10":"product_tag-food-grade-paper-tube","11":"product_tag-matte-laminated-paper-tube","12":"product_tag-recycled-cylinder-box","13":"product_tag-supplement-tube-packaging","15":"first","16":"instock","17":"shipping-taxable","18":"product-type-simple"},"_links":{"self":[{"href":"https:\/\/custompapertubeboxes.com\/it\/wp-json\/wp\/v2\/product\/1182","targetHints":{"allow":["GET"]}}],"collection":[{"href":"https:\/\/custompapertubeboxes.com\/it\/wp-json\/wp\/v2\/product"}],"about":[{"href":"https:\/\/custompapertubeboxes.com\/it\/wp-json\/wp\/v2\/types\/product"}],"wp:featuredmedia":[{"embeddable":true,"href":"https:\/\/custompapertubeboxes.com\/it\/wp-json\/wp\/v2\/media\/1187"}],"wp:attachment":[{"href":"https:\/\/custompapertubeboxes.com\/it\/wp-json\/wp\/v2\/media?parent=1182"}],"wp:term":[{"taxonomy":"product_brand","embeddable":true,"href":"https:\/\/custompapertubeboxes.com\/it\/wp-json\/wp\/v2\/product_brand?post=1182"},{"taxonomy":"product_cat","embeddable":true,"href":"https:\/\/custompapertubeboxes.com\/it\/wp-json\/wp\/v2\/product_cat?post=1182"},{"taxonomy":"product_tag","embeddable":true,"href":"https:\/\/custompapertubeboxes.com\/it\/wp-json\/wp\/v2\/product_tag?post=1182"}],"curies":[{"name":"wp","href":"https:\/\/api.w.org\/{rel}","templated":true}]}}