{"id":1338,"date":"2025-12-30T09:22:04","date_gmt":"2025-12-30T09:22:04","guid":{"rendered":"https:\/\/custompapertubeboxes.com\/?post_type=product&#038;p=1338"},"modified":"2025-12-30T09:22:04","modified_gmt":"2025-12-30T09:22:04","slug":"eco-friendly-kraft-paper-cardboard-tube-box-container-salt-shaker-spice-tube-with-paper-sifter","status":"publish","type":"product","link":"https:\/\/custompapertubeboxes.com\/it\/eco-friendly-kraft-paper-cardboard-tube-box-container-salt-shaker-spice-tube-with-paper-sifter\/","title":{"rendered":"Eco Friendly Kraft carta tubo scatola di cartone contenitore sale Shaker, spezie tubo con setaccio di carta"},"content":{"rendered":"<p>questa scatola a tubo in carta kraft ecologica \u00e8 la soluzione perfetta per le saliere o le confezioni di spezie. realizzata in carta rigida da 800 gsm, \u00e8 durevole e sostenibile. il formato 3\u00d712 cm offre una soluzione compatta e pratica, con un setaccio di carta sul fondo per dosare facilmente le spezie o il sale. la laminazione opaca aggiunge una finitura liscia e di alta qualit\u00e0, migliorando al contempo la durata della scatola. perfetta per i marchi che desiderano offrire confezioni ecologiche e facili da usare, questa scatola a tubo offre un'opzione di confezionamento elegante e funzionale per le spezie e i condimenti.<\/p>","protected":false},"excerpt":{"rendered":"<p>questa scatola ecologica in carta kraft \u00e8 progettata per saliere e spezie. \u00e8 dotata di un setaccio di carta per distribuire facilmente il contenuto. resistente, riciclabile e realizzata con carta rigida da 800 g\/m\u00b2.<\/p>","protected":false},"featured_media":1339,"template":"","meta":{"_gspb_post_css":""},"product_brand":[],"product_cat":[20,25],"product_tag":[39,580,808,187,807,806],"class_list":{"0":"post-1338","1":"product","2":"type-product","3":"status-publish","4":"has-post-thumbnail","6":"product_cat-food-paper-tubes","7":"product_cat-spice-salt-paper-tubes","8":"product_tag-eco-friendly-packaging","9":"product_tag-kraft-paper-tube","10":"product_tag-paper-sifter-tube","11":"product_tag-recyclable-packaging","12":"product_tag-salt-shaker-packaging","13":"product_tag-spice-packaging","15":"first","16":"instock","17":"shipping-taxable","18":"product-type-simple"},"_links":{"self":[{"href":"https:\/\/custompapertubeboxes.com\/it\/wp-json\/wp\/v2\/product\/1338","targetHints":{"allow":["GET"]}}],"collection":[{"href":"https:\/\/custompapertubeboxes.com\/it\/wp-json\/wp\/v2\/product"}],"about":[{"href":"https:\/\/custompapertubeboxes.com\/it\/wp-json\/wp\/v2\/types\/product"}],"wp:featuredmedia":[{"embeddable":true,"href":"https:\/\/custompapertubeboxes.com\/it\/wp-json\/wp\/v2\/media\/1339"}],"wp:attachment":[{"href":"https:\/\/custompapertubeboxes.com\/it\/wp-json\/wp\/v2\/media?parent=1338"}],"wp:term":[{"taxonomy":"product_brand","embeddable":true,"href":"https:\/\/custompapertubeboxes.com\/it\/wp-json\/wp\/v2\/product_brand?post=1338"},{"taxonomy":"product_cat","embeddable":true,"href":"https:\/\/custompapertubeboxes.com\/it\/wp-json\/wp\/v2\/product_cat?post=1338"},{"taxonomy":"product_tag","embeddable":true,"href":"https:\/\/custompapertubeboxes.com\/it\/wp-json\/wp\/v2\/product_tag?post=1338"}],"curies":[{"name":"wp","href":"https:\/\/api.w.org\/{rel}","templated":true}]}}