{"id":1876,"date":"2025-12-31T06:53:18","date_gmt":"2025-12-31T06:53:18","guid":{"rendered":"https:\/\/custompapertubeboxes.com\/?post_type=product&#038;p=1876"},"modified":"2025-12-31T07:40:00","modified_gmt":"2025-12-31T07:40:00","slug":"custom-food-grade-metal-tinplate-cover-kraft-paper-tube-boxes-for-tea-packaging","status":"publish","type":"product","link":"https:\/\/custompapertubeboxes.com\/it\/custom-food-grade-metal-tinplate-cover-kraft-paper-tube-boxes-for-tea-packaging\/","title":{"rendered":"Scatole della metropolitana di carta kraft della copertura della latta del metallo del commestibile su ordinazione per l'imballaggio del t\u00e8"},"content":{"rendered":"<p>le scatole a tubo in carta kraft con coperchio in banda stagnata, personalizzate per alimenti, abbinano la calda struttura kraft a un coperchio in metallo per proteggere il sapore. il coperchio in banda stagnata si chiude con un clic rassicurante, aiutando a bloccare l'umidit\u00e0, la luce e gli odori. Realizzato in carta rigida da 800 g\/m\u00b2 e avvolto in carta patinata da 125 g\/m\u00b2, ogni tubo \u00e8 robusto e ben impilato. il formato \u00e8 di 6\u00d715 cm, ideale per 20 bustine di t\u00e8 o foglie sfuse. la decorazione utilizza la stampa offset e la stampa a caldo, rifinita con laminazione opaca per un tocco morbido e pregiato. personalizzare le etichette e le pellicole in base alla storia del proprio marchio.<\/p>","protected":false},"excerpt":{"rendered":"<p>tubo in carta eco kraft con copertura in banda stagnata per alimenti, mantiene il t\u00e8 asciutto e aromatico. 6\u00d715 cm, anima rigida da 800 g\/m\u00b2, involucro artistico da 125 g\/m\u00b2, plastificazione opaca, offset + lamina.<\/p>","protected":false},"featured_media":1882,"template":"","meta":{"_gspb_post_css":""},"product_brand":[],"product_cat":[20,22],"product_tag":[1032,1031,580,1033,794,84],"class_list":{"0":"post-1876","1":"product","2":"type-product","3":"status-publish","4":"has-post-thumbnail","6":"product_cat-food-paper-tubes","7":"product_cat-tea-paper-tubes","8":"product_tag-custom-printed-box","9":"product_tag-food-grade-container","10":"product_tag-kraft-paper-tube","11":"product_tag-matte-laminating","12":"product_tag-tea-packaging","13":"product_tag-tinplate-lid","15":"first","16":"instock","17":"shipping-taxable","18":"product-type-simple"},"_links":{"self":[{"href":"https:\/\/custompapertubeboxes.com\/it\/wp-json\/wp\/v2\/product\/1876","targetHints":{"allow":["GET"]}}],"collection":[{"href":"https:\/\/custompapertubeboxes.com\/it\/wp-json\/wp\/v2\/product"}],"about":[{"href":"https:\/\/custompapertubeboxes.com\/it\/wp-json\/wp\/v2\/types\/product"}],"wp:featuredmedia":[{"embeddable":true,"href":"https:\/\/custompapertubeboxes.com\/it\/wp-json\/wp\/v2\/media\/1882"}],"wp:attachment":[{"href":"https:\/\/custompapertubeboxes.com\/it\/wp-json\/wp\/v2\/media?parent=1876"}],"wp:term":[{"taxonomy":"product_brand","embeddable":true,"href":"https:\/\/custompapertubeboxes.com\/it\/wp-json\/wp\/v2\/product_brand?post=1876"},{"taxonomy":"product_cat","embeddable":true,"href":"https:\/\/custompapertubeboxes.com\/it\/wp-json\/wp\/v2\/product_cat?post=1876"},{"taxonomy":"product_tag","embeddable":true,"href":"https:\/\/custompapertubeboxes.com\/it\/wp-json\/wp\/v2\/product_tag?post=1876"}],"curies":[{"name":"wp","href":"https:\/\/api.w.org\/{rel}","templated":true}]}}