{"id":3931,"date":"2026-03-02T11:44:17","date_gmt":"2026-03-02T11:44:17","guid":{"rendered":"https:\/\/custompapertubeboxes.com\/?post_type=product&#038;p=3931"},"modified":"2026-03-02T11:50:25","modified_gmt":"2026-03-02T11:50:25","slug":"eco-friendly-sushi-push-pop-paper-tube-boxes-with-soy-sauce","status":"publish","type":"product","link":"https:\/\/custompapertubeboxes.com\/it\/eco-friendly-sushi-push-pop-paper-tube-boxes-with-soy-sauce\/","title":{"rendered":"Scatole di carta per Sushi Push-Pop ecologiche con salsa di soia"},"content":{"rendered":"<p>Con il nostro contenitore a tubo push up, il sushi diventa un'esperienza moderna, da prendere al volo. Costruito con materiali di qualit\u00e0 alimentare, \u00e8 progettato per mantenere il sapore e la consistenza protetti dal momento in cui viene confezionato fino al momento in cui viene gustato.<\/p>\n<p>All'interno, un rivestimento in foglio di alluminio aggiunge un elevato strato barriera. Negli imballaggi flessibili, il foglio di alluminio viene utilizzato perch\u00e9 forma un'efficace barriera alla luce, ai gas e all'umidit\u00e0, contribuendo a ridurre l'essiccazione e il trasferimento di odori durante il trasporto. Il risultato \u00e8 una presentazione pi\u00f9 pulita e fresca quando i clienti aprono la confezione.<\/p>\n<p>La struttura pop-up \u00e8 semplice: premendo la base si solleva il sushi fino al bordo per servirlo facilmente con una sola mano. Funziona per molti formati, dai nigiri impilati agli involtini, e possiamo fornire tubi di diversi diametri e altezze per adattarli alle dimensioni delle porzioni. Il cilindro rigido resiste anche allo schiacciamento nei sacchetti per la consegna, rendendolo un'opzione pratica per gli espositori da asporto, per le consegne e per la vendita al dettaglio.<\/p>\n<p>Questo stile a tubo push up \u00e8 una scelta sempre pi\u00f9 popolare per le moderne confezioni di sushi, perch\u00e9 \u00e8 interattivo e portatile. Aggiungete il vostro logo con una stampa personalizzata per trasformare ogni ordine in un momento di marca. Utilizzatela per piatti singoli, set di assaggi e promozioni senza modificare il vostro flusso di lavoro di confezionamento.<\/p>\n<div style=\"width: 720px;\" class=\"wp-video\"><video class=\"wp-video-shortcode\" id=\"video-3931-1\" width=\"720\" height=\"1280\" preload=\"metadata\" controls=\"controls\"><source type=\"video\/mp4\" src=\"https:\/\/custompapertubeboxes.com\/wp-content\/uploads\/2026\/03\/sushi-paper.mp4?_=1\" \/><a href=\"https:\/\/custompapertubeboxes.com\/wp-content\/uploads\/2026\/03\/sushi-paper.mp4\">https:\/\/custompapertubeboxes.com\/wp-content\/uploads\/2026\/03\/sushi-paper.mp4<\/a><\/video><\/div>","protected":false},"excerpt":{"rendered":"<p>Tubo push up per sushi di qualit\u00e0 alimentare con rivestimento in foglio di alluminio che aiuta a bloccare la luce, i gas e l'umidit\u00e0 per un gusto pi\u00f9 fresco. Le dimensioni multiple si adattano a nigiri, maki e futomaki. La base pop-up \u00e8 facile da trasportare, servire e gustare, con un aspetto pulito e privo di confusione. Un formato moderno e popolare.<\/p>","protected":false},"featured_media":3932,"template":"","meta":{"_gspb_post_css":""},"product_brand":[],"product_cat":[20],"product_tag":[],"class_list":{"0":"post-3931","1":"product","2":"type-product","3":"status-publish","4":"has-post-thumbnail","6":"product_cat-food-paper-tubes","8":"first","9":"instock","10":"shipping-taxable","11":"product-type-simple"},"_links":{"self":[{"href":"https:\/\/custompapertubeboxes.com\/it\/wp-json\/wp\/v2\/product\/3931","targetHints":{"allow":["GET"]}}],"collection":[{"href":"https:\/\/custompapertubeboxes.com\/it\/wp-json\/wp\/v2\/product"}],"about":[{"href":"https:\/\/custompapertubeboxes.com\/it\/wp-json\/wp\/v2\/types\/product"}],"wp:featuredmedia":[{"embeddable":true,"href":"https:\/\/custompapertubeboxes.com\/it\/wp-json\/wp\/v2\/media\/3932"}],"wp:attachment":[{"href":"https:\/\/custompapertubeboxes.com\/it\/wp-json\/wp\/v2\/media?parent=3931"}],"wp:term":[{"taxonomy":"product_brand","embeddable":true,"href":"https:\/\/custompapertubeboxes.com\/it\/wp-json\/wp\/v2\/product_brand?post=3931"},{"taxonomy":"product_cat","embeddable":true,"href":"https:\/\/custompapertubeboxes.com\/it\/wp-json\/wp\/v2\/product_cat?post=3931"},{"taxonomy":"product_tag","embeddable":true,"href":"https:\/\/custompapertubeboxes.com\/it\/wp-json\/wp\/v2\/product_tag?post=3931"}],"curies":[{"name":"wp","href":"https:\/\/api.w.org\/{rel}","templated":true}]}}