{"id":709,"date":"2025-12-30T01:33:32","date_gmt":"2025-12-30T01:33:32","guid":{"rendered":"https:\/\/custompapertubeboxes.com\/?post_type=product&#038;p=709"},"modified":"2025-12-30T01:33:32","modified_gmt":"2025-12-30T01:33:32","slug":"recyclable-water-bottle-cardboard-packaging-cylinder-tube-box","status":"publish","type":"product","link":"https:\/\/custompapertubeboxes.com\/it\/recyclable-water-bottle-cardboard-packaging-cylinder-tube-box\/","title":{"rendered":"Bottiglia d'acqua riciclabile cartone Packaging Cylinder Tube Box"},"content":{"rendered":"<p>la scatola cilindrica in cartone riciclabile per bottiglie d'acqua conferisce alla vostra bottiglia un aspetto pulito e di qualit\u00e0. il corpo in cartoncino spesso \u00e8 solido e protegge il prodotto da urti, polvere e usura da scaffale. la stampa di alta qualit\u00e0 mantiene nitidi i gradienti, le icone e il testo fine, proprio come il layout del campione. Aggiungete la stampa uv spot per evidenziare il vostro logo o le caratteristiche principali con una lucentezza che si sente al tatto, quindi rifinite con una laminazione lucida per una maggiore lucentezza e resistenza ai graffi. il cilindro telescopico si apre senza problemi per un'apertura simile a quella di un regalo e si impila ordinatamente per la vendita al dettaglio. personalizzate dimensioni, colori e inserti per la vostra linea di bottiglie.<\/p>","protected":false},"excerpt":{"rendered":"<p>confezione in cartone riciclabile per bottiglie d'acqua scatola cilindrica: tubo di cartone resistente con stampa vivace, laminazione lucida e dettagli uv che risaltano sotto la luce, fatto per proteggere e impressionare.<\/p>","protected":false},"featured_media":716,"template":"","meta":{"_gspb_post_css":""},"product_brand":[],"product_cat":[20,26],"product_tag":[474,477,216,475,476,473],"class_list":{"0":"post-709","1":"product","2":"type-product","3":"status-publish","4":"has-post-thumbnail","6":"product_cat-food-paper-tubes","7":"product_cat-spirits-wine-paper-tubes","8":"product_tag-cardboard-cylinder-tube-box","9":"product_tag-custom-printed-cylinder-box","10":"product_tag-glossy-laminated-tube","11":"product_tag-recyclable-bottle-packaging","12":"product_tag-spot-uv-tube-box","13":"product_tag-water-bottle-tube-packaging","15":"first","16":"instock","17":"shipping-taxable","18":"product-type-simple"},"_links":{"self":[{"href":"https:\/\/custompapertubeboxes.com\/it\/wp-json\/wp\/v2\/product\/709","targetHints":{"allow":["GET"]}}],"collection":[{"href":"https:\/\/custompapertubeboxes.com\/it\/wp-json\/wp\/v2\/product"}],"about":[{"href":"https:\/\/custompapertubeboxes.com\/it\/wp-json\/wp\/v2\/types\/product"}],"wp:featuredmedia":[{"embeddable":true,"href":"https:\/\/custompapertubeboxes.com\/it\/wp-json\/wp\/v2\/media\/716"}],"wp:attachment":[{"href":"https:\/\/custompapertubeboxes.com\/it\/wp-json\/wp\/v2\/media?parent=709"}],"wp:term":[{"taxonomy":"product_brand","embeddable":true,"href":"https:\/\/custompapertubeboxes.com\/it\/wp-json\/wp\/v2\/product_brand?post=709"},{"taxonomy":"product_cat","embeddable":true,"href":"https:\/\/custompapertubeboxes.com\/it\/wp-json\/wp\/v2\/product_cat?post=709"},{"taxonomy":"product_tag","embeddable":true,"href":"https:\/\/custompapertubeboxes.com\/it\/wp-json\/wp\/v2\/product_tag?post=709"}],"curies":[{"name":"wp","href":"https:\/\/api.w.org\/{rel}","templated":true}]}}