{"id":752,"date":"2025-12-30T01:53:04","date_gmt":"2025-12-30T01:53:04","guid":{"rendered":"https:\/\/custompapertubeboxes.com\/?post_type=product&#038;p=752"},"modified":"2025-12-30T01:53:04","modified_gmt":"2025-12-30T01:53:04","slug":"cheap-cardboard-consumer-electronics-tube-box-packaging","status":"publish","type":"product","link":"https:\/\/custompapertubeboxes.com\/it\/cheap-cardboard-consumer-electronics-tube-box-packaging\/","title":{"rendered":"Imballaggio economico della scatola della metropolitana di elettronica di consumo del cartone"},"content":{"rendered":"<p>Il corpo in cartone pieno mantiene la sua forma, aiutando a proteggere i prodotti da graffi e urti leggeri e mantenendo il peso basso. la stampa offset rende nitidi loghi, istruzioni e icone, in modo che anche un design minimalista appaia nitido e professionale. la laminazione opaca aggiunge una finitura liscia e antiriflesso che resiste alle impronte digitali e fa s\u00ec che la scatola risulti pi\u00f9 pregiata del suo prezzo. essendo biodegradabile, favorisce un unboxing pi\u00f9 pulito per gli acquirenti moderni. ideale per cavi, adattatori, piccoli utensili, componenti per la casa intelligente o kit dimostrativi. sono disponibili formati e inserti personalizzati.<\/p>","protected":false},"excerpt":{"rendered":"<p>Imballaggio a tubo di cartone economico per l'elettronica di consumo: tubo di cartone pieno con stampa offset pulita, laminazione morbida e opaca e struttura biodegradabile: una protezione semplice e robusta per accessori e parti tecnologiche.<\/p>","protected":false},"featured_media":760,"template":"","meta":{"_gspb_post_css":""},"product_brand":[],"product_cat":[31],"product_tag":[505,403,504,246,503,247],"class_list":{"0":"post-752","1":"product","2":"type-product","3":"status-publish","4":"has-post-thumbnail","6":"product_cat-consumer-electronics-packaging","7":"product_tag-biodegradable-cardboard-packaging","8":"product_tag-cardboard-cylinder-box","9":"product_tag-cheap-tube-box-packaging","10":"product_tag-custom-printed-tube-box","11":"product_tag-electronics-tube-packaging","12":"product_tag-matte-laminated-paper-tube","14":"first","15":"instock","16":"shipping-taxable","17":"product-type-simple"},"_links":{"self":[{"href":"https:\/\/custompapertubeboxes.com\/it\/wp-json\/wp\/v2\/product\/752","targetHints":{"allow":["GET"]}}],"collection":[{"href":"https:\/\/custompapertubeboxes.com\/it\/wp-json\/wp\/v2\/product"}],"about":[{"href":"https:\/\/custompapertubeboxes.com\/it\/wp-json\/wp\/v2\/types\/product"}],"wp:featuredmedia":[{"embeddable":true,"href":"https:\/\/custompapertubeboxes.com\/it\/wp-json\/wp\/v2\/media\/760"}],"wp:attachment":[{"href":"https:\/\/custompapertubeboxes.com\/it\/wp-json\/wp\/v2\/media?parent=752"}],"wp:term":[{"taxonomy":"product_brand","embeddable":true,"href":"https:\/\/custompapertubeboxes.com\/it\/wp-json\/wp\/v2\/product_brand?post=752"},{"taxonomy":"product_cat","embeddable":true,"href":"https:\/\/custompapertubeboxes.com\/it\/wp-json\/wp\/v2\/product_cat?post=752"},{"taxonomy":"product_tag","embeddable":true,"href":"https:\/\/custompapertubeboxes.com\/it\/wp-json\/wp\/v2\/product_tag?post=752"}],"curies":[{"name":"wp","href":"https:\/\/api.w.org\/{rel}","templated":true}]}}