{"id":771,"date":"2025-12-30T02:02:05","date_gmt":"2025-12-30T02:02:05","guid":{"rendered":"https:\/\/custompapertubeboxes.com\/?post_type=product&#038;p=771"},"modified":"2025-12-30T02:02:05","modified_gmt":"2025-12-30T02:02:05","slug":"free-sample-tea-cylinder-paper-box-airtight-food-grade-packaging-tube-can-paper-tea-canister","status":"publish","type":"product","link":"https:\/\/custompapertubeboxes.com\/it\/free-sample-tea-cylinder-paper-box-airtight-food-grade-packaging-tube-can-paper-tea-canister\/","title":{"rendered":"Scatola di carta del cilindro del t\u00e8 del campione libero, barattolo ermetico della metropolitana dell'imballaggio del commestibile, contenitore di carta del t\u00e8"},"content":{"rendered":"<p>campione gratuito di t\u00e8 cilindro di carta, scatola ermetica per alimenti, contenitore di carta per il t\u00e8 \u00e8 fatto per mantenere l'aroma dove appartiene - all'interno del tubo. la struttura in carta rigida da 800 gsm mantiene la sua forma, mentre la carta artistica da 125 gsm avvolge l'esterno per una stampa offset liscia. la stampa a caldo aggiunge dettagli di foglie luminose che sembrano festosi senza sembrare rumorosi. La plastificazione opaca conferisce una finitura morbida, da boutique, e aiuta a resistere ai graffi durante il trasporto. con dimensioni di 5\u00d710 cm, \u00e8 ideale per i set di campionari, il t\u00e8 in foglie sfuso, le bustine di matcha o i piccoli snack. aggiungete immagini personalizzate, rivestimenti interni o inserti per sostenere una presentazione ermetica e di qualit\u00e0 alimentare per la vendita al dettaglio e il regalo.<\/p>","protected":false},"excerpt":{"rendered":"<p>scatola di carta per cilindro di t\u00e8 campione gratuito, tubo di imballaggio ermetico per alimenti, contenitore di carta per t\u00e8: Tubo rigido da 5\u00d710 cm con laminazione opaca, stampa nitida e foglie in lamina d'oro per una freschezza da regalo.<\/p>","protected":false},"featured_media":777,"template":"","meta":{"_gspb_post_css":""},"product_brand":[],"product_cat":[20,22],"product_tag":[514,515,209,516,517,513],"class_list":{"0":"post-771","1":"product","2":"type-product","3":"status-publish","4":"has-post-thumbnail","6":"product_cat-food-paper-tubes","7":"product_cat-tea-paper-tubes","8":"product_tag-airtight-tea-tube-packaging","9":"product_tag-cylinder-tea-box","10":"product_tag-food-grade-paper-tube","11":"product_tag-hot-foil-stamped-tea-can","12":"product_tag-matte-laminated-paper-canister","13":"product_tag-tea-paper-canister","15":"first","16":"instock","17":"shipping-taxable","18":"product-type-simple"},"_links":{"self":[{"href":"https:\/\/custompapertubeboxes.com\/it\/wp-json\/wp\/v2\/product\/771","targetHints":{"allow":["GET"]}}],"collection":[{"href":"https:\/\/custompapertubeboxes.com\/it\/wp-json\/wp\/v2\/product"}],"about":[{"href":"https:\/\/custompapertubeboxes.com\/it\/wp-json\/wp\/v2\/types\/product"}],"wp:featuredmedia":[{"embeddable":true,"href":"https:\/\/custompapertubeboxes.com\/it\/wp-json\/wp\/v2\/media\/777"}],"wp:attachment":[{"href":"https:\/\/custompapertubeboxes.com\/it\/wp-json\/wp\/v2\/media?parent=771"}],"wp:term":[{"taxonomy":"product_brand","embeddable":true,"href":"https:\/\/custompapertubeboxes.com\/it\/wp-json\/wp\/v2\/product_brand?post=771"},{"taxonomy":"product_cat","embeddable":true,"href":"https:\/\/custompapertubeboxes.com\/it\/wp-json\/wp\/v2\/product_cat?post=771"},{"taxonomy":"product_tag","embeddable":true,"href":"https:\/\/custompapertubeboxes.com\/it\/wp-json\/wp\/v2\/product_tag?post=771"}],"curies":[{"name":"wp","href":"https:\/\/api.w.org\/{rel}","templated":true}]}}