{"id":1038,"date":"2025-12-30T06:37:30","date_gmt":"2025-12-30T06:37:30","guid":{"rendered":"https:\/\/custompapertubeboxes.com\/?post_type=product&#038;p=1038"},"modified":"2025-12-30T06:37:31","modified_gmt":"2025-12-30T06:37:31","slug":"aluminum-foil-easy-peel-off-lid-food-grade-tea-coffee-lemon-slice-paper-canister-packaging","status":"publish","type":"product","link":"https:\/\/custompapertubeboxes.com\/pt\/aluminum-foil-easy-peel-off-lid-food-grade-tea-coffee-lemon-slice-paper-canister-packaging\/","title":{"rendered":"Folha de alum\u00ednio Tampa f\u00e1cil de retirar Ch\u00e1 de qualidade alimentar Caf\u00e9 Lim\u00e3o Fatia de papel Embalagem de lata"},"content":{"rendered":"<p>Esta embalagem de papel canister com tampa f\u00e1cil de retirar em folha de alum\u00ednio foi concebida para produtos alimentares que necessitam de prote\u00e7\u00e3o e apresenta\u00e7\u00e3o. Fabricada em papel r\u00edgido de 800 g\/m\u00b2 com um forro de papel art\u00edstico de 125 g\/m\u00b2, a embalagem oferece resist\u00eancia num tamanho compacto de 4 \u00d7 12 cm. A tampa em folha de alum\u00ednio de qualidade alimentar sela a frescura e abre de forma limpa, tornando-a pr\u00e1tica para utiliza\u00e7\u00e3o di\u00e1ria.<\/p>","protected":false},"excerpt":{"rendered":"<p>este recipiente de papel com uma tampa de folha de alum\u00ednio f\u00e1cil de descascar mant\u00e9m o ch\u00e1, o caf\u00e9 e as rodelas de lim\u00e3o frescos e protegidos. resistente, seguro para alimentos e com uma superf\u00edcie mate lisa para um aspeto refinado.<\/p>","protected":false},"featured_media":1040,"template":"","meta":{"_gspb_post_css":""},"product_brand":[],"product_cat":[20,23],"product_tag":[660,659,469,168,661,658],"class_list":{"0":"post-1038","1":"product","2":"type-product","3":"status-publish","4":"has-post-thumbnail","6":"product_cat-food-paper-tubes","7":"product_cat-food-supplement-paper-tubes","8":"product_tag-aluminum-foil-lid-tube","9":"product_tag-coffee-paper-canister","10":"product_tag-custom-paper-canister","11":"product_tag-food-grade-paper-canister","12":"product_tag-round-food-packaging","13":"product_tag-tea-paper-tube-packaging","15":"first","16":"instock","17":"shipping-taxable","18":"product-type-simple"},"_links":{"self":[{"href":"https:\/\/custompapertubeboxes.com\/pt\/wp-json\/wp\/v2\/product\/1038","targetHints":{"allow":["GET"]}}],"collection":[{"href":"https:\/\/custompapertubeboxes.com\/pt\/wp-json\/wp\/v2\/product"}],"about":[{"href":"https:\/\/custompapertubeboxes.com\/pt\/wp-json\/wp\/v2\/types\/product"}],"wp:featuredmedia":[{"embeddable":true,"href":"https:\/\/custompapertubeboxes.com\/pt\/wp-json\/wp\/v2\/media\/1040"}],"wp:attachment":[{"href":"https:\/\/custompapertubeboxes.com\/pt\/wp-json\/wp\/v2\/media?parent=1038"}],"wp:term":[{"taxonomy":"product_brand","embeddable":true,"href":"https:\/\/custompapertubeboxes.com\/pt\/wp-json\/wp\/v2\/product_brand?post=1038"},{"taxonomy":"product_cat","embeddable":true,"href":"https:\/\/custompapertubeboxes.com\/pt\/wp-json\/wp\/v2\/product_cat?post=1038"},{"taxonomy":"product_tag","embeddable":true,"href":"https:\/\/custompapertubeboxes.com\/pt\/wp-json\/wp\/v2\/product_tag?post=1038"}],"curies":[{"name":"wp","href":"https:\/\/api.w.org\/{rel}","templated":true}]}}