{"id":1050,"date":"2025-12-30T06:44:37","date_gmt":"2025-12-30T06:44:37","guid":{"rendered":"https:\/\/custompapertubeboxes.com\/?post_type=product&#038;p=1050"},"modified":"2025-12-30T06:44:37","modified_gmt":"2025-12-30T06:44:37","slug":"custom-cbd-oil-dropper-bottles-paper-tubes-packaging-essential-oil-bottle-packaging-tubes","status":"publish","type":"product","link":"https:\/\/custompapertubeboxes.com\/pt\/custom-cbd-oil-dropper-bottles-paper-tubes-packaging-essential-oil-bottle-packaging-tubes\/","title":{"rendered":"Frascos conta-gotas de \u00f3leo CBD personalizados Embalagem de tubos de papel, tubos de embalagem de frascos de \u00f3leo essencial"},"content":{"rendered":"<p>esta embalagem personalizada em tubo de papel para frascos conta-gotas de \u00f3leo cbd foi concebida para proteger os frascos de vidro delicados, ao mesmo tempo que melhora a apresenta\u00e7\u00e3o da marca. fabricada em papel r\u00edgido de 800 g\/m\u00b2 com um forro de papel art\u00edstico de 125 g\/m\u00b2, proporciona resist\u00eancia num tamanho compacto de 3 \u00d7 10 cm. A sua estrutura cil\u00edndrica mant\u00e9m os frascos conta-gotas seguros durante o transporte e a exposi\u00e7\u00e3o. Ideal para \u00f3leos cbd, \u00f3leos essenciais e produtos de bem-estar, esta embalagem equilibra fun\u00e7\u00e3o, durabilidade e um aspeto moderno e apelativo.<\/p>","protected":false},"excerpt":{"rendered":"<p>esta embalagem de tubo de papel personalizada oferece uma forma segura e elegante de proteger os frascos de \u00f3leo de cbd e conta-gotas de \u00f3leo essencial. feita de papel r\u00edgido com um acabamento mate, parece premium, dur\u00e1vel e pronta para a prateleira.<\/p>","protected":false},"featured_media":1052,"template":"","meta":{"_gspb_post_css":""},"product_brand":[],"product_cat":[19],"product_tag":[664,369,666,665,653,667],"class_list":{"0":"post-1050","1":"product","2":"type-product","3":"status-publish","4":"has-post-thumbnail","6":"product_cat-essential-oil-paper-tubes","7":"product_tag-cbd-oil-paper-tube","8":"product_tag-custom-paper-tube-packaging","9":"product_tag-dropper-bottle-paper-tube","10":"product_tag-essential-oil-packaging-tube","11":"product_tag-rigid-cardboard-tube","12":"product_tag-round-oil-bottle-packaging","14":"first","15":"instock","16":"shipping-taxable","17":"product-type-simple"},"_links":{"self":[{"href":"https:\/\/custompapertubeboxes.com\/pt\/wp-json\/wp\/v2\/product\/1050","targetHints":{"allow":["GET"]}}],"collection":[{"href":"https:\/\/custompapertubeboxes.com\/pt\/wp-json\/wp\/v2\/product"}],"about":[{"href":"https:\/\/custompapertubeboxes.com\/pt\/wp-json\/wp\/v2\/types\/product"}],"wp:featuredmedia":[{"embeddable":true,"href":"https:\/\/custompapertubeboxes.com\/pt\/wp-json\/wp\/v2\/media\/1052"}],"wp:attachment":[{"href":"https:\/\/custompapertubeboxes.com\/pt\/wp-json\/wp\/v2\/media?parent=1050"}],"wp:term":[{"taxonomy":"product_brand","embeddable":true,"href":"https:\/\/custompapertubeboxes.com\/pt\/wp-json\/wp\/v2\/product_brand?post=1050"},{"taxonomy":"product_cat","embeddable":true,"href":"https:\/\/custompapertubeboxes.com\/pt\/wp-json\/wp\/v2\/product_cat?post=1050"},{"taxonomy":"product_tag","embeddable":true,"href":"https:\/\/custompapertubeboxes.com\/pt\/wp-json\/wp\/v2\/product_tag?post=1050"}],"curies":[{"name":"wp","href":"https:\/\/api.w.org\/{rel}","templated":true}]}}