{"id":1352,"date":"2025-12-30T09:30:26","date_gmt":"2025-12-30T09:30:26","guid":{"rendered":"https:\/\/custompapertubeboxes.com\/?post_type=product&#038;p=1352"},"modified":"2025-12-30T09:30:26","modified_gmt":"2025-12-30T09:30:26","slug":"custom-paper-tubes-for-candle-packaging-kraft-paper-round-candle-box-tube-packaging","status":"publish","type":"product","link":"https:\/\/custompapertubeboxes.com\/pt\/custom-paper-tubes-for-candle-packaging-kraft-paper-round-candle-box-tube-packaging\/","title":{"rendered":"Tubos de papel personalizados para embalagem de velas, embalagem de tubo de caixa de vela redonda de papel Kraft"},"content":{"rendered":"<p>esta embalagem em tubo de caixa de velas redonda em papel kraft foi concebida para fazer com que a sua vela pare\u00e7a um presente no momento em que \u00e9 recolhida. o corpo em papel r\u00edgido de 800 g\/m\u00b2 mant\u00e9m o tubo firme e protetor, enquanto o inv\u00f3lucro em papel art\u00edstico de 125 g\/m\u00b2 lhe proporciona uma superf\u00edcie lisa para uma impress\u00e3o offset n\u00edtida. A lamina\u00e7\u00e3o mate confere-lhe um aspeto suave ao toque e uma melhor resist\u00eancia aos arranh\u00f5es durante o transporte. Com um tamanho de 6\u00d710 cm, adapta-se a muitos frascos de velas normais e empilha-se perfeitamente para exposi\u00e7\u00e3o a retalho. personalize o trabalho art\u00edstico, as cores e os acabamentos para corresponder \u00e0 hist\u00f3ria da sua marca.<\/p>","protected":false},"excerpt":{"rendered":"<p>Tubo de vela redondo em kraft fabricado com um n\u00facleo r\u00edgido de 800 g\/m\u00b2 e revestimento de 125 g\/m\u00b2. Tamanho 6\u00d710 cm, impress\u00e3o offset limpa, estampagem opcional em folha met\u00e1lica e lamina\u00e7\u00e3o mate para um toque suave e de qualidade superior.<\/p>","protected":false},"featured_media":1357,"template":"","meta":{"_gspb_post_css":""},"product_brand":[],"product_cat":[27],"product_tag":[629,487,110,812,307,813],"class_list":{"0":"post-1352","1":"product","2":"type-product","3":"status-publish","4":"has-post-thumbnail","6":"product_cat-kraft-paper-tubes","7":"product_tag-candle-packaging-tube","8":"product_tag-custom-paper-tube-box","9":"product_tag-hot-foil-stamping","10":"product_tag-kraft-candle-tube","11":"product_tag-matte-laminated-packaging","12":"product_tag-round-cardboard-cylinder","14":"first","15":"instock","16":"shipping-taxable","17":"product-type-simple"},"_links":{"self":[{"href":"https:\/\/custompapertubeboxes.com\/pt\/wp-json\/wp\/v2\/product\/1352","targetHints":{"allow":["GET"]}}],"collection":[{"href":"https:\/\/custompapertubeboxes.com\/pt\/wp-json\/wp\/v2\/product"}],"about":[{"href":"https:\/\/custompapertubeboxes.com\/pt\/wp-json\/wp\/v2\/types\/product"}],"wp:featuredmedia":[{"embeddable":true,"href":"https:\/\/custompapertubeboxes.com\/pt\/wp-json\/wp\/v2\/media\/1357"}],"wp:attachment":[{"href":"https:\/\/custompapertubeboxes.com\/pt\/wp-json\/wp\/v2\/media?parent=1352"}],"wp:term":[{"taxonomy":"product_brand","embeddable":true,"href":"https:\/\/custompapertubeboxes.com\/pt\/wp-json\/wp\/v2\/product_brand?post=1352"},{"taxonomy":"product_cat","embeddable":true,"href":"https:\/\/custompapertubeboxes.com\/pt\/wp-json\/wp\/v2\/product_cat?post=1352"},{"taxonomy":"product_tag","embeddable":true,"href":"https:\/\/custompapertubeboxes.com\/pt\/wp-json\/wp\/v2\/product_tag?post=1352"}],"curies":[{"name":"wp","href":"https:\/\/api.w.org\/{rel}","templated":true}]}}