{"id":1459,"date":"2025-12-31T01:15:29","date_gmt":"2025-12-31T01:15:29","guid":{"rendered":"https:\/\/custompapertubeboxes.com\/?post_type=product&#038;p=1459"},"modified":"2025-12-31T01:15:29","modified_gmt":"2025-12-31T01:15:29","slug":"buy-best-custom-cardboard-tube-candles-packaging-boxes-with-candle-jars-holder","status":"publish","type":"product","link":"https:\/\/custompapertubeboxes.com\/pt\/buy-best-custom-cardboard-tube-candles-packaging-boxes-with-candle-jars-holder\/","title":{"rendered":"Comprar as melhores caixas de embalagem de velas em tubo de cart\u00e3o personalizadas com suporte para frascos de velas"},"content":{"rendered":"<p>comprar as melhores caixas de embalagem de velas em tubo de cart\u00e3o personalizadas com suporte para frascos de velas foi concebido para marcas que pretendem um unboxing calmo e de qualidade e menos quebras. feito de papel reciclado, o tubo r\u00edgido protege os frascos de velas de vidro de choques, enquanto um suporte interior mant\u00e9m o frasco centrado para que n\u00e3o chocalhe. Escolha tamanhos personalizados para corresponder \u00e0 altura e ao di\u00e2metro do seu frasco e, em seguida, adicione uma impress\u00e3o personalizada para dar vida \u00e0 sua hist\u00f3ria de aromas - gradientes m\u00ednimos, log\u00f3tipos arrojados ou arte completa. a forma redonda destaca-se nas prateleiras e empilha-se ordenadamente para arruma\u00e7\u00e3o. \u00e9 uma embalagem forte e reutiliz\u00e1vel que parece pronta para oferecer e apoia uma mensagem ecol\u00f3gica ao melhor pre\u00e7o.<\/p>","protected":false},"excerpt":{"rendered":"<p>embalagem em tubo de vela de papel reciclado com suporte interior para frascos para um ajuste confort\u00e1vel. os tamanhos e a impress\u00e3o personalizados criam um aspeto de qualidade superior, pronto a oferecer, ajudando a proteger os frascos durante o transporte.<\/p>","protected":false},"featured_media":1462,"template":"","meta":{"_gspb_post_css":""},"product_brand":[],"product_cat":[17],"product_tag":[854,113,51,400,855,856],"class_list":{"0":"post-1459","1":"product","2":"type-product","3":"status-publish","4":"has-post-thumbnail","6":"product_cat-candle-paper-tubes","7":"product_tag-candle-jar-holder","8":"product_tag-candle-tube-packaging","9":"product_tag-cardboard-tube-box","10":"product_tag-custom-printed-tube","11":"product_tag-recycled-paper-packaging","12":"product_tag-round-gift-tube-box","14":"first","15":"instock","16":"shipping-taxable","17":"product-type-simple"},"_links":{"self":[{"href":"https:\/\/custompapertubeboxes.com\/pt\/wp-json\/wp\/v2\/product\/1459","targetHints":{"allow":["GET"]}}],"collection":[{"href":"https:\/\/custompapertubeboxes.com\/pt\/wp-json\/wp\/v2\/product"}],"about":[{"href":"https:\/\/custompapertubeboxes.com\/pt\/wp-json\/wp\/v2\/types\/product"}],"wp:featuredmedia":[{"embeddable":true,"href":"https:\/\/custompapertubeboxes.com\/pt\/wp-json\/wp\/v2\/media\/1462"}],"wp:attachment":[{"href":"https:\/\/custompapertubeboxes.com\/pt\/wp-json\/wp\/v2\/media?parent=1459"}],"wp:term":[{"taxonomy":"product_brand","embeddable":true,"href":"https:\/\/custompapertubeboxes.com\/pt\/wp-json\/wp\/v2\/product_brand?post=1459"},{"taxonomy":"product_cat","embeddable":true,"href":"https:\/\/custompapertubeboxes.com\/pt\/wp-json\/wp\/v2\/product_cat?post=1459"},{"taxonomy":"product_tag","embeddable":true,"href":"https:\/\/custompapertubeboxes.com\/pt\/wp-json\/wp\/v2\/product_tag?post=1459"}],"curies":[{"name":"wp","href":"https:\/\/api.w.org\/{rel}","templated":true}]}}