{"id":1665,"date":"2025-12-31T03:21:45","date_gmt":"2025-12-31T03:21:45","guid":{"rendered":"https:\/\/custompapertubeboxes.com\/?post_type=product&#038;p=1665"},"modified":"2025-12-31T03:21:45","modified_gmt":"2025-12-31T03:21:45","slug":"aluminum-foil-tea-paper-tube-packaging-cardboard-cylinder-container-with-metal-lid","status":"publish","type":"product","link":"https:\/\/custompapertubeboxes.com\/pt\/aluminum-foil-tea-paper-tube-packaging-cardboard-cylinder-container-with-metal-lid\/","title":{"rendered":"Embalagem de ch\u00e1 em folha de alum\u00ednio Tubo de papel para ch\u00e1 Recipiente cil\u00edndrico de cart\u00e3o com tampa de metal"},"content":{"rendered":"<p>a embalagem em tubo de papel de ch\u00e1 em folha de alum\u00ednio mant\u00e9m o ch\u00e1 fresco, com um aspeto calmo e de qualidade superior na prateleira. o cilindro de cart\u00e3o de 5\u00d713 cm \u00e9 fabricado com papel r\u00edgido de 800 g\/m\u00b2 para um corpo robusto e, em seguida, envolto em papel art\u00edstico de 125 g\/m\u00b2 para gr\u00e1ficos suaves e detalhados. no interior, uma camada de folha de alum\u00ednio ajuda a retardar a transfer\u00eancia de humidade e odor, protegendo o aroma e o sabor. A tampa met\u00e1lica ajustada proporciona um fecho satisfat\u00f3rio e permite uma utiliza\u00e7\u00e3o repetida, para que os clientes a mantenham no balc\u00e3o em vez de a deitarem fora. A impress\u00e3o em offset proporciona um texto e padr\u00f5es n\u00edtidos, a estampagem a quente eleva a marca e a lamina\u00e7\u00e3o mate reduz os riscos.<\/p>","protected":false},"excerpt":{"rendered":"<p>Recipiente em tubo de papel para ch\u00e1 de 5\u00d713 cm com tampa met\u00e1lica e forro em folha de alum\u00ednio. Constru\u00eddo em papel r\u00edgido de 800 g\/m\u00b2, embrulhado em papel art\u00edstico de 125 g\/m\u00b2, impresso em offset, estampado em folha, com acabamento mate.<\/p>","protected":false},"featured_media":1672,"template":"","meta":{"_gspb_post_css":""},"product_brand":[],"product_cat":[20,22],"product_tag":[169,838,822,493,934,658],"class_list":{"0":"post-1665","1":"product","2":"type-product","3":"status-publish","4":"has-post-thumbnail","6":"product_cat-food-paper-tubes","7":"product_cat-tea-paper-tubes","8":"product_tag-aluminum-foil-lined-tube","9":"product_tag-cardboard-cylinder-container","10":"product_tag-hot-foil-stamped-packaging","11":"product_tag-matte-laminated-tube-box","12":"product_tag-metal-lid-tea-canister","13":"product_tag-tea-paper-tube-packaging","15":"first","16":"instock","17":"shipping-taxable","18":"product-type-simple"},"_links":{"self":[{"href":"https:\/\/custompapertubeboxes.com\/pt\/wp-json\/wp\/v2\/product\/1665","targetHints":{"allow":["GET"]}}],"collection":[{"href":"https:\/\/custompapertubeboxes.com\/pt\/wp-json\/wp\/v2\/product"}],"about":[{"href":"https:\/\/custompapertubeboxes.com\/pt\/wp-json\/wp\/v2\/types\/product"}],"wp:featuredmedia":[{"embeddable":true,"href":"https:\/\/custompapertubeboxes.com\/pt\/wp-json\/wp\/v2\/media\/1672"}],"wp:attachment":[{"href":"https:\/\/custompapertubeboxes.com\/pt\/wp-json\/wp\/v2\/media?parent=1665"}],"wp:term":[{"taxonomy":"product_brand","embeddable":true,"href":"https:\/\/custompapertubeboxes.com\/pt\/wp-json\/wp\/v2\/product_brand?post=1665"},{"taxonomy":"product_cat","embeddable":true,"href":"https:\/\/custompapertubeboxes.com\/pt\/wp-json\/wp\/v2\/product_cat?post=1665"},{"taxonomy":"product_tag","embeddable":true,"href":"https:\/\/custompapertubeboxes.com\/pt\/wp-json\/wp\/v2\/product_tag?post=1665"}],"curies":[{"name":"wp","href":"https:\/\/api.w.org\/{rel}","templated":true}]}}