{"id":1778,"date":"2025-12-31T06:03:10","date_gmt":"2025-12-31T06:03:10","guid":{"rendered":"https:\/\/custompapertubeboxes.com\/?post_type=product&#038;p=1778"},"modified":"2025-12-31T06:03:11","modified_gmt":"2025-12-31T06:03:11","slug":"aluminum-foil-easy-peel-off-lid-cbd-paper-tube-packaging-paper-cans-paper-canister","status":"publish","type":"product","link":"https:\/\/custompapertubeboxes.com\/pt\/aluminum-foil-easy-peel-off-lid-cbd-paper-tube-packaging-paper-cans-paper-canister\/","title":{"rendered":"Folha de alum\u00ednio Tampa f\u00e1cil de retirar CBD Tubo de papel Embalagem Latas de papel Latas de papel"},"content":{"rendered":"<p>O corpo em papel r\u00edgido de 800 g\/m\u00b2 mant\u00e9m a sua forma durante o transporte, enquanto o papel art\u00edstico de 125 g\/m\u00b2 suporta uma impress\u00e3o offset n\u00edtida e uma estampagem opcional em folha quente para um aspeto limpo e de qualidade superior. no interior, uma tampa de alum\u00ednio de f\u00e1cil remo\u00e7\u00e3o adiciona um selo inviol\u00e1vel e ajuda a manter a frescura, depois a tampa fecha-se bem para o transporte di\u00e1rio. com acabamento em lamina\u00e7\u00e3o mate, resiste a arranh\u00f5es e impress\u00f5es digitais para que se mantenha pronta para a fotografia. com 6\u00d710 cm, \u00e9 ideal para gomas, rebu\u00e7ados, c\u00e1psulas ou pequenos suplementos. f\u00e1cil de reutilizar e f\u00e1cil de abrir.<\/p>","protected":false},"excerpt":{"rendered":"<p>Recipiente de papel mate compacto para gomas de cbd, constru\u00eddo com um n\u00facleo r\u00edgido de 800 gsm e um encaixe de 6\u00d710 cm. possui um selo de folha de alum\u00ednio f\u00e1cil de descascar e uma tampa confort\u00e1vel para frescura e viagem.<\/p>","protected":false},"featured_media":1785,"template":"","meta":{"_gspb_post_css":""},"product_brand":[],"product_cat":[20,23],"product_tag":[980,977,976,978,609,979],"class_list":{"0":"post-1778","1":"product","2":"type-product","3":"status-publish","4":"has-post-thumbnail","6":"product_cat-food-paper-tubes","7":"product_cat-food-supplement-paper-tubes","8":"product_tag-6x10cm-paper-canister","9":"product_tag-aluminum-foil-peel-lid-canister","10":"product_tag-cbd-paper-tube-packaging","11":"product_tag-gummies-paper-can","12":"product_tag-matte-laminated-cylinder-packaging","13":"product_tag-rigid-cardboard-tube-box","15":"first","16":"instock","17":"shipping-taxable","18":"product-type-simple"},"_links":{"self":[{"href":"https:\/\/custompapertubeboxes.com\/pt\/wp-json\/wp\/v2\/product\/1778","targetHints":{"allow":["GET"]}}],"collection":[{"href":"https:\/\/custompapertubeboxes.com\/pt\/wp-json\/wp\/v2\/product"}],"about":[{"href":"https:\/\/custompapertubeboxes.com\/pt\/wp-json\/wp\/v2\/types\/product"}],"wp:featuredmedia":[{"embeddable":true,"href":"https:\/\/custompapertubeboxes.com\/pt\/wp-json\/wp\/v2\/media\/1785"}],"wp:attachment":[{"href":"https:\/\/custompapertubeboxes.com\/pt\/wp-json\/wp\/v2\/media?parent=1778"}],"wp:term":[{"taxonomy":"product_brand","embeddable":true,"href":"https:\/\/custompapertubeboxes.com\/pt\/wp-json\/wp\/v2\/product_brand?post=1778"},{"taxonomy":"product_cat","embeddable":true,"href":"https:\/\/custompapertubeboxes.com\/pt\/wp-json\/wp\/v2\/product_cat?post=1778"},{"taxonomy":"product_tag","embeddable":true,"href":"https:\/\/custompapertubeboxes.com\/pt\/wp-json\/wp\/v2\/product_tag?post=1778"}],"curies":[{"name":"wp","href":"https:\/\/api.w.org\/{rel}","templated":true}]}}