{"id":253,"date":"2025-12-27T13:14:42","date_gmt":"2025-12-27T13:14:42","guid":{"rendered":"https:\/\/custompapertubeboxes.com\/?post_type=product&#038;p=253"},"modified":"2025-12-29T07:26:02","modified_gmt":"2025-12-29T07:26:02","slug":"food-grade-biodegradable-cbd-cannabis-gummies-paper-tube-box","status":"publish","type":"product","link":"https:\/\/custompapertubeboxes.com\/pt\/food-grade-biodegradable-cbd-cannabis-gummies-paper-tube-box\/","title":{"rendered":"Caixa de tubo de papel para gomas de can\u00e1bis CBD biodegrad\u00e1vel de qualidade alimentar"},"content":{"rendered":"<p>Concebido para marcas modernas de produtos comest\u00edveis, este tubo de papel mant\u00e9m as gomas protegidas desde o momento em que s\u00e3o embaladas at\u00e9 ao momento em que s\u00e3o abertas. O corpo utiliza cart\u00e3o biodegrad\u00e1vel e um revestimento de papel encerado de qualidade alimentar para reduzir as marcas de gordura e ajudar a controlar o odor.<\/p>","protected":false},"excerpt":{"rendered":"<p>tubo de papel biodegrad\u00e1vel de qualidade alimentar para gomas de cbd\/cannabis. o interior revestido a papel encerado ajuda a bloquear o \u00f3leo e o odor, a lamina\u00e7\u00e3o brilhante aumenta a visibilidade na prateleira e a tampa resistente a crian\u00e7as aumenta a seguran\u00e7a.<\/p>","protected":false},"featured_media":258,"template":"","meta":{"_gspb_post_css":""},"product_brand":[],"product_cat":[30],"product_tag":[316,315,72,319,318,317],"class_list":{"0":"post-253","1":"product","2":"type-product","3":"status-publish","4":"has-post-thumbnail","6":"product_cat-cannabis-paper-tubes","7":"product_tag-biodegradable-food-grade-packaging","8":"product_tag-cbd-gummy-paper-tube-box","9":"product_tag-child-resistant-paper-tube","10":"product_tag-custom-printed-gummy-tube","11":"product_tag-glossy-laminated-tube-packaging","12":"product_tag-wax-coated-inner-liner-tube","14":"first","15":"instock","16":"shipping-taxable","17":"product-type-simple"},"_links":{"self":[{"href":"https:\/\/custompapertubeboxes.com\/pt\/wp-json\/wp\/v2\/product\/253","targetHints":{"allow":["GET"]}}],"collection":[{"href":"https:\/\/custompapertubeboxes.com\/pt\/wp-json\/wp\/v2\/product"}],"about":[{"href":"https:\/\/custompapertubeboxes.com\/pt\/wp-json\/wp\/v2\/types\/product"}],"wp:featuredmedia":[{"embeddable":true,"href":"https:\/\/custompapertubeboxes.com\/pt\/wp-json\/wp\/v2\/media\/258"}],"wp:attachment":[{"href":"https:\/\/custompapertubeboxes.com\/pt\/wp-json\/wp\/v2\/media?parent=253"}],"wp:term":[{"taxonomy":"product_brand","embeddable":true,"href":"https:\/\/custompapertubeboxes.com\/pt\/wp-json\/wp\/v2\/product_brand?post=253"},{"taxonomy":"product_cat","embeddable":true,"href":"https:\/\/custompapertubeboxes.com\/pt\/wp-json\/wp\/v2\/product_cat?post=253"},{"taxonomy":"product_tag","embeddable":true,"href":"https:\/\/custompapertubeboxes.com\/pt\/wp-json\/wp\/v2\/product_tag?post=253"}],"curies":[{"name":"wp","href":"https:\/\/api.w.org\/{rel}","templated":true}]}}