{"id":4157,"date":"2026-04-30T11:10:41","date_gmt":"2026-04-30T11:10:41","guid":{"rendered":"https:\/\/custompapertubeboxes.com\/?post_type=product&#038;p=4157"},"modified":"2026-04-30T11:12:14","modified_gmt":"2026-04-30T11:12:14","slug":"custom-printed-paper-tube-packaging-for-skincare-mist-oils","status":"publish","type":"product","link":"https:\/\/custompapertubeboxes.com\/pt\/custom-printed-paper-tube-packaging-for-skincare-mist-oils\/","title":{"rendered":"Embalagem de tubo de papel impresso personalizado para \u00f3leos de n\u00e9voa para cuidados com a pele"},"content":{"rendered":"<p>Esta embalagem de tubo de papel impressa personalizada foi concebida para produtos cosm\u00e9ticos, de cuidados da pele e de bem-estar, tais como n\u00e9voas faciais, \u00f3leos corporais, soros, \u00f3leos essenciais, perfumes e artigos de beleza \u00e0 base de plantas. A estrutura cil\u00edndrica confere \u00e0 embalagem um aspeto de qualidade superior, ao mesmo tempo que ajuda a proteger os frascos de vidro ou de pl\u00e1stico durante o armazenamento, a exposi\u00e7\u00e3o a retalho e a expedi\u00e7\u00e3o. A amostra apresenta um tubo de duas pe\u00e7as com uma tampa ajustada, uma superf\u00edcie impressa branca lisa, obras de arte bot\u00e2nicas naturais e uma sec\u00e7\u00e3o inferior dourada met\u00e1lica para um aspeto de prateleira de luxo. Como f\u00e1brica de embalagens de papel na China, podemos personalizar o di\u00e2metro do tubo, a altura, a espessura do papel, o estilo da tampa, o suporte interior, a cor, o log\u00f3tipo, o trabalho art\u00edstico, a lamina\u00e7\u00e3o mate ou brilhante, a estampagem em folha met\u00e1lica, a estampagem em relevo, a debossing e os efeitos UV pontuais. Este tubo de cart\u00e3o ecol\u00f3gico \u00e9 adequado para marcas de beleza que pretendem embalagens recicl\u00e1veis, leves e atractivas. \u00c9 ideal para lan\u00e7amentos de produtos, conjuntos de oferta, linhas de cuidados da pele de boutique e embalagens de com\u00e9rcio eletr\u00f3nico. Est\u00e3o dispon\u00edveis quantidades m\u00ednimas de encomenda e produ\u00e7\u00e3o a granel em todo o mundo.<\/p>","protected":false},"excerpt":{"rendered":"<p>Embalagens de tubo de papel personalizadas de qualidade superior para n\u00e9voas de cuidados da pele, \u00f3leos, soros e produtos de beleza. O cart\u00e3o redondo dur\u00e1vel, a impress\u00e3o a cores, os detalhes em estilo de folha de alum\u00ednio e uma tampa apertada ajudam a proteger os frascos, ao mesmo tempo que apresentam uma imagem de marca natural e luxuosa para as necessidades de exposi\u00e7\u00e3o de retalho, presentes e com\u00e9rcio eletr\u00f3nico em todo o mundo.<\/p>","protected":false},"featured_media":4166,"template":"","meta":{"_gspb_post_css":""},"product_brand":[],"product_cat":[15],"product_tag":[584,369,1470,1489,1488,1487],"class_list":{"0":"post-4157","1":"product","2":"type-product","3":"status-publish","4":"has-post-thumbnail","6":"product_cat-cosmetics-paper-tubes","7":"product_tag-cosmetic-paper-tube-box","8":"product_tag-custom-paper-tube-packaging","9":"product_tag-eco-friendly-paper-packaging","10":"product_tag-luxury-beauty-packaging","11":"product_tag-printed-cardboard-tube","12":"product_tag-skincare-mist-packaging","14":"first","15":"instock","16":"shipping-taxable","17":"product-type-simple"},"_links":{"self":[{"href":"https:\/\/custompapertubeboxes.com\/pt\/wp-json\/wp\/v2\/product\/4157","targetHints":{"allow":["GET"]}}],"collection":[{"href":"https:\/\/custompapertubeboxes.com\/pt\/wp-json\/wp\/v2\/product"}],"about":[{"href":"https:\/\/custompapertubeboxes.com\/pt\/wp-json\/wp\/v2\/types\/product"}],"wp:featuredmedia":[{"embeddable":true,"href":"https:\/\/custompapertubeboxes.com\/pt\/wp-json\/wp\/v2\/media\/4166"}],"wp:attachment":[{"href":"https:\/\/custompapertubeboxes.com\/pt\/wp-json\/wp\/v2\/media?parent=4157"}],"wp:term":[{"taxonomy":"product_brand","embeddable":true,"href":"https:\/\/custompapertubeboxes.com\/pt\/wp-json\/wp\/v2\/product_brand?post=4157"},{"taxonomy":"product_cat","embeddable":true,"href":"https:\/\/custompapertubeboxes.com\/pt\/wp-json\/wp\/v2\/product_cat?post=4157"},{"taxonomy":"product_tag","embeddable":true,"href":"https:\/\/custompapertubeboxes.com\/pt\/wp-json\/wp\/v2\/product_tag?post=4157"}],"curies":[{"name":"wp","href":"https:\/\/api.w.org\/{rel}","templated":true}]}}