{"id":4174,"date":"2026-04-30T11:22:55","date_gmt":"2026-04-30T11:22:55","guid":{"rendered":"https:\/\/custompapertubeboxes.com\/?post_type=product&#038;p=4174"},"modified":"2026-04-30T11:22:56","modified_gmt":"2026-04-30T11:22:56","slug":"custom-printed-essential-oil-paper-tube-packaging-boxes-2","status":"publish","type":"product","link":"https:\/\/custompapertubeboxes.com\/pt\/custom-printed-essential-oil-paper-tube-packaging-boxes-2\/","title":{"rendered":"Caixas de embalagem de tubo de papel para \u00f3leo essencial impressas e personalizadas"},"content":{"rendered":"<p>Esta embalagem em tubo de papel impressa personalizada foi concebida para colec\u00e7\u00f5es de \u00f3leos essenciais, \u00f3leos arom\u00e1ticos, soros cosm\u00e9ticos e conjuntos de oferta de bem-estar de qualidade superior. A estrutura cil\u00edndrica r\u00edgida do tubo confere aos produtos um aspeto requintado de venda a retalho, protegendo simultaneamente os frascos de vidro durante o armazenamento e a entrega. Como se pode ver nas imagens, a caixa pode ser produzida com uma manga exterior impressa a preto, base branca, rebordo em papel laminado, impress\u00e3o do log\u00f3tipo na tampa superior e um encaixe interior com v\u00e1rios orif\u00edcios para garrafas. A inser\u00e7\u00e3o ajuda a manter cada garrafa separada, est\u00e1vel e bem exposta. Oferecemos personaliza\u00e7\u00e3o total para o di\u00e2metro, altura, espessura do papel, arte de impress\u00e3o, estampagem de folha met\u00e1lica, relevo, lamina\u00e7\u00e3o mate ou brilhante e material de inser\u00e7\u00e3o. Esta embalagem \u00e9 adequada para marcas de luxo de cuidados com a pele, empresas de aromaterapia, conjuntos de presentes de spa e fornecedores de \u00f3leos essenciais de marca pr\u00f3pria. Como f\u00e1brica de embalagens de papel na China, apoiamos encomendas OEM e ODM com estrutura personalizada, marca e produ\u00e7\u00e3o em massa. As amostras podem ser organizadas antes da produ\u00e7\u00e3o em massa.<\/p>","protected":false},"excerpt":{"rendered":"<p>Embalagem de tubo de papel cil\u00edndrico de qualidade superior para colec\u00e7\u00f5es de \u00f3leos essenciais, com impress\u00e3o personalizada a preto, uma base branca, tampa com rebordo enrolado e inser\u00e7\u00e3o de garrafa protetora. Ideal para conjuntos de oferta, marcas de aromaterapia, cosm\u00e9ticos e exposi\u00e7\u00e3o a retalho de luxo com op\u00e7\u00f5es de tamanho, acabamento, log\u00f3tipo e inser\u00e7\u00e3o OEM.<\/p>","protected":false},"featured_media":4175,"template":"","meta":{"_gspb_post_css":""},"product_brand":[],"product_cat":[19],"product_tag":[1491,1492,369,810,1490,1463],"class_list":{"0":"post-4174","1":"product","2":"type-product","3":"status-publish","4":"has-post-thumbnail","6":"product_cat-essential-oil-paper-tubes","7":"product_tag-aromatherapy-packaging","8":"product_tag-cosmetic-tube-box","9":"product_tag-custom-paper-tube-packaging","10":"product_tag-cylindrical-gift-box","11":"product_tag-essential-oil-paper-tube","12":"product_tag-luxury-paper-packaging","14":"first","15":"instock","16":"shipping-taxable","17":"product-type-simple"},"_links":{"self":[{"href":"https:\/\/custompapertubeboxes.com\/pt\/wp-json\/wp\/v2\/product\/4174","targetHints":{"allow":["GET"]}}],"collection":[{"href":"https:\/\/custompapertubeboxes.com\/pt\/wp-json\/wp\/v2\/product"}],"about":[{"href":"https:\/\/custompapertubeboxes.com\/pt\/wp-json\/wp\/v2\/types\/product"}],"wp:featuredmedia":[{"embeddable":true,"href":"https:\/\/custompapertubeboxes.com\/pt\/wp-json\/wp\/v2\/media\/4175"}],"wp:attachment":[{"href":"https:\/\/custompapertubeboxes.com\/pt\/wp-json\/wp\/v2\/media?parent=4174"}],"wp:term":[{"taxonomy":"product_brand","embeddable":true,"href":"https:\/\/custompapertubeboxes.com\/pt\/wp-json\/wp\/v2\/product_brand?post=4174"},{"taxonomy":"product_cat","embeddable":true,"href":"https:\/\/custompapertubeboxes.com\/pt\/wp-json\/wp\/v2\/product_cat?post=4174"},{"taxonomy":"product_tag","embeddable":true,"href":"https:\/\/custompapertubeboxes.com\/pt\/wp-json\/wp\/v2\/product_tag?post=4174"}],"curies":[{"name":"wp","href":"https:\/\/api.w.org\/{rel}","templated":true}]}}