{"id":4227,"date":"2026-05-07T11:59:38","date_gmt":"2026-05-07T11:59:38","guid":{"rendered":"https:\/\/custompapertubeboxes.com\/?post_type=product&#038;p=4227"},"modified":"2026-05-07T11:59:38","modified_gmt":"2026-05-07T11:59:38","slug":"custom-black-paper-tube-packaging-for-wine-glass-gift-boxes","status":"publish","type":"product","link":"https:\/\/custompapertubeboxes.com\/pt\/custom-black-paper-tube-packaging-for-wine-glass-gift-boxes\/","title":{"rendered":"Embalagem de tubo de papel preto personalizada para caixas de oferta de copo de vinho"},"content":{"rendered":"<p>Esta embalagem em tubo de papel personalizada foi concebida para copos de vinho, copos de champanhe, ch\u00e1venas de aroma e conjuntos de oferta de bebidas de qualidade superior. A estrutura cil\u00edndrica proporciona uma forte prote\u00e7\u00e3o, ao mesmo tempo que cria um aspeto elegante de venda a retalho. O papel exterior com textura preta mate confere um toque de luxo, enquanto o forro interior branco mant\u00e9m a apresenta\u00e7\u00e3o limpa e requintada. Os rebordos enrolados, as tampas bem ajustadas e as paredes de cart\u00e3o resistentes ajudam a proteger os objectos de vidro fr\u00e1geis durante o armazenamento, a exposi\u00e7\u00e3o e a entrega. A sua f\u00e1brica pode personalizar o di\u00e2metro do tubo, a altura, a espessura do papel, a inser\u00e7\u00e3o interior, a coloca\u00e7\u00e3o do log\u00f3tipo e o acabamento da superf\u00edcie para corresponder a diferentes tamanhos de produtos e estilos de marca. A estampagem em folha de ouro, a impress\u00e3o UV, a grava\u00e7\u00e3o em relevo, a grava\u00e7\u00e3o em relevo, a impress\u00e3o a cores diretas e o trabalho art\u00edstico a cores est\u00e3o dispon\u00edveis para projectos de marca pr\u00f3pria. Esta embalagem \u00e9 adequada para marcas de copos de vinho, brindes para o lar, artigos promocionais para bebidas, caixas de oferta para f\u00e9rias, embalagens para com\u00e9rcio eletr\u00f3nico e expositores para lojas. Os materiais de papel ecol\u00f3gicos tornam-na uma alternativa pr\u00e1tica \u00e0s embalagens de pl\u00e1stico para as necessidades de embalagens modernas e sustent\u00e1veis.<\/p>","protected":false},"excerpt":{"rendered":"<p>Embalagem em tubo de papel r\u00edgido de qualidade superior para copos de vinho e brindes de bebidas, com uma superf\u00edcie texturizada preta mate, forro interior branco, cantos enrolados e impress\u00e3o personalizada em folha de ouro. Ideal para exposi\u00e7\u00e3o a retalho, promo\u00e7\u00e3o da marca, envio por com\u00e9rcio eletr\u00f3nico e apresenta\u00e7\u00e3o de presentes de luxo com log\u00f3tipos e acabamentos OEM.<\/p>","protected":false},"featured_media":4231,"template":"","meta":{"_gspb_post_css":""},"product_brand":[],"product_cat":[26],"product_tag":[1513,487,1515,1514,979,1512],"class_list":{"0":"post-4227","1":"product","2":"type-product","3":"status-publish","4":"has-post-thumbnail","6":"product_cat-spirits-wine-paper-tubes","7":"product_tag-black-cylinder-gift-box","8":"product_tag-custom-paper-tube-box","9":"product_tag-gold-foil-printed-tube","10":"product_tag-luxury-drinkware-packaging","11":"product_tag-rigid-cardboard-tube-box","12":"product_tag-wine-glass-paper-tube-packaging","14":"first","15":"instock","16":"shipping-taxable","17":"product-type-simple"},"_links":{"self":[{"href":"https:\/\/custompapertubeboxes.com\/pt\/wp-json\/wp\/v2\/product\/4227","targetHints":{"allow":["GET"]}}],"collection":[{"href":"https:\/\/custompapertubeboxes.com\/pt\/wp-json\/wp\/v2\/product"}],"about":[{"href":"https:\/\/custompapertubeboxes.com\/pt\/wp-json\/wp\/v2\/types\/product"}],"wp:featuredmedia":[{"embeddable":true,"href":"https:\/\/custompapertubeboxes.com\/pt\/wp-json\/wp\/v2\/media\/4231"}],"wp:attachment":[{"href":"https:\/\/custompapertubeboxes.com\/pt\/wp-json\/wp\/v2\/media?parent=4227"}],"wp:term":[{"taxonomy":"product_brand","embeddable":true,"href":"https:\/\/custompapertubeboxes.com\/pt\/wp-json\/wp\/v2\/product_brand?post=4227"},{"taxonomy":"product_cat","embeddable":true,"href":"https:\/\/custompapertubeboxes.com\/pt\/wp-json\/wp\/v2\/product_cat?post=4227"},{"taxonomy":"product_tag","embeddable":true,"href":"https:\/\/custompapertubeboxes.com\/pt\/wp-json\/wp\/v2\/product_tag?post=4227"}],"curies":[{"name":"wp","href":"https:\/\/api.w.org\/{rel}","templated":true}]}}