{"id":522,"date":"2025-12-29T07:57:46","date_gmt":"2025-12-29T07:57:46","guid":{"rendered":"https:\/\/custompapertubeboxes.com\/?post_type=product&#038;p=522"},"modified":"2025-12-29T07:57:46","modified_gmt":"2025-12-29T07:57:46","slug":"custom-glossy-lamination-perfume-paper-tube-packaging-box","status":"publish","type":"product","link":"https:\/\/custompapertubeboxes.com\/pt\/custom-glossy-lamination-perfume-paper-tube-packaging-box\/","title":{"rendered":"Caixa de embalagem de tubo de papel para perfumes com lamina\u00e7\u00e3o brilhante personalizada"},"content":{"rendered":"<p>D\u00ea \u00e0 sua fragr\u00e2ncia uma primeira impress\u00e3o arrojada com uma caixa de embalagem de tubo de papel para perfume com lamina\u00e7\u00e3o brilhante personalizada. Fabricado em cart\u00e3o preto resistente e materiais ecol\u00f3gicos, este tubo redondo protege os frascos de vidro de arranh\u00f5es, press\u00e3o e manuseamento ligeiro durante o transporte e a exposi\u00e7\u00e3o. O acabamento de alto brilho acrescenta profundidade e um toque suave e moderno, enquanto a estampagem a quente em folha de prata confere um brilho n\u00edtido aos log\u00f3tipos e aos principais detalhes. Uma tampa bem ajustada mant\u00e9m a apresenta\u00e7\u00e3o limpa e pronta a oferecer. Ideal para conjuntos de eau de parfum e col\u00f3nia, este tubo pode ser personalizado em termos de tamanho, arte e op\u00e7\u00f5es de ajuste interior para corresponder \u00e0 forma do seu frasco e estilo de desembalagem.<\/p>","protected":false},"excerpt":{"rendered":"<p>Embalagem elegante em tubo de papel preto para perfume, com acabamento em lamina\u00e7\u00e3o brilhante e estampagem a quente em folha de prata. Resistente, ecol\u00f3gica e concebida para proteger os frascos e, ao mesmo tempo, ter um aspeto de qualidade superior.<\/p>","protected":false},"featured_media":523,"template":"","meta":{"_gspb_post_css":""},"product_brand":[],"product_cat":[18],"product_tag":[354,351,39,352,197,353],"class_list":{"0":"post-522","1":"product","2":"type-product","3":"status-publish","4":"has-post-thumbnail","6":"product_cat-perfume-paper-tubes","7":"product_tag-black-cardboard-tube","8":"product_tag-custom-fragrance-packaging","9":"product_tag-eco-friendly-packaging","10":"product_tag-glossy-lamination-tube","11":"product_tag-perfume-paper-tube-box","12":"product_tag-silver-foil-stamping","14":"first","15":"instock","16":"shipping-taxable","17":"product-type-simple"},"_links":{"self":[{"href":"https:\/\/custompapertubeboxes.com\/pt\/wp-json\/wp\/v2\/product\/522","targetHints":{"allow":["GET"]}}],"collection":[{"href":"https:\/\/custompapertubeboxes.com\/pt\/wp-json\/wp\/v2\/product"}],"about":[{"href":"https:\/\/custompapertubeboxes.com\/pt\/wp-json\/wp\/v2\/types\/product"}],"wp:featuredmedia":[{"embeddable":true,"href":"https:\/\/custompapertubeboxes.com\/pt\/wp-json\/wp\/v2\/media\/523"}],"wp:attachment":[{"href":"https:\/\/custompapertubeboxes.com\/pt\/wp-json\/wp\/v2\/media?parent=522"}],"wp:term":[{"taxonomy":"product_brand","embeddable":true,"href":"https:\/\/custompapertubeboxes.com\/pt\/wp-json\/wp\/v2\/product_brand?post=522"},{"taxonomy":"product_cat","embeddable":true,"href":"https:\/\/custompapertubeboxes.com\/pt\/wp-json\/wp\/v2\/product_cat?post=522"},{"taxonomy":"product_tag","embeddable":true,"href":"https:\/\/custompapertubeboxes.com\/pt\/wp-json\/wp\/v2\/product_tag?post=522"}],"curies":[{"name":"wp","href":"https:\/\/api.w.org\/{rel}","templated":true}]}}