{"id":533,"date":"2025-12-29T08:03:17","date_gmt":"2025-12-29T08:03:17","guid":{"rendered":"https:\/\/custompapertubeboxes.com\/?post_type=product&#038;p=533"},"modified":"2025-12-29T08:03:17","modified_gmt":"2025-12-29T08:03:17","slug":"tea-lights-rigid-cardboard-tube-presentation-box-packaging","status":"publish","type":"product","link":"https:\/\/custompapertubeboxes.com\/pt\/tea-lights-rigid-cardboard-tube-presentation-box-packaging\/","title":{"rendered":"Tea Lights Tubo de cart\u00e3o r\u00edgido Caixa de apresenta\u00e7\u00e3o Embalagem"},"content":{"rendered":"<p>esta caixa de apresenta\u00e7\u00e3o em tubo de cart\u00e3o r\u00edgido para velas de ch\u00e1 foi concebida para pequenas velas que merecem uma melhor primeira impress\u00e3o. a forma fina e comprida poupa espa\u00e7o, mantendo cada vela protegida de arranh\u00f5es, p\u00f3 e press\u00e3o de transporte. uma tampa biselada desliza suavemente para um fecho elegante e de qualidade superior. a impress\u00e3o de alta qualidade suporta padr\u00f5es detalhados, transi\u00e7\u00f5es de cor suaves e marcas de marca que se mant\u00eam n\u00edtidas na m\u00e3o. escolha tamanhos, acabamentos e inser\u00e7\u00f5es personalizados para encaixar velas simples ou empilhadas e transforme velas simples em momentos prontos a oferecer. \u00e9 recicl\u00e1vel, f\u00e1cil de etiquetar e suficientemente resistente para ganchos de retalho, conjuntos ou kits sazonais.<\/p>","protected":false},"excerpt":{"rendered":"<p>Tubo de papel r\u00edgido fino para velas de ilumina\u00e7\u00e3o, com acabamento em bisel e impress\u00e3o limpa. Protege a cera de amolgadelas e p\u00f3 e tem um aspeto polido para oferecer.<\/p>","protected":false},"featured_media":534,"template":"","meta":{"_gspb_post_css":""},"product_brand":[],"product_cat":[31],"product_tag":[358,356,359,246,357,355],"class_list":{"0":"post-533","1":"product","2":"type-product","3":"status-publish","4":"has-post-thumbnail","6":"product_cat-consumer-electronics-packaging","7":"product_tag-bevel-cap-tube-packaging","8":"product_tag-candle-cardboard-tube","9":"product_tag-candle-presentation-packaging","10":"product_tag-custom-printed-tube-box","11":"product_tag-rigid-paper-tube-box","12":"product_tag-tea-lights-packaging","14":"first","15":"instock","16":"shipping-taxable","17":"product-type-simple"},"_links":{"self":[{"href":"https:\/\/custompapertubeboxes.com\/pt\/wp-json\/wp\/v2\/product\/533","targetHints":{"allow":["GET"]}}],"collection":[{"href":"https:\/\/custompapertubeboxes.com\/pt\/wp-json\/wp\/v2\/product"}],"about":[{"href":"https:\/\/custompapertubeboxes.com\/pt\/wp-json\/wp\/v2\/types\/product"}],"wp:featuredmedia":[{"embeddable":true,"href":"https:\/\/custompapertubeboxes.com\/pt\/wp-json\/wp\/v2\/media\/534"}],"wp:attachment":[{"href":"https:\/\/custompapertubeboxes.com\/pt\/wp-json\/wp\/v2\/media?parent=533"}],"wp:term":[{"taxonomy":"product_brand","embeddable":true,"href":"https:\/\/custompapertubeboxes.com\/pt\/wp-json\/wp\/v2\/product_brand?post=533"},{"taxonomy":"product_cat","embeddable":true,"href":"https:\/\/custompapertubeboxes.com\/pt\/wp-json\/wp\/v2\/product_cat?post=533"},{"taxonomy":"product_tag","embeddable":true,"href":"https:\/\/custompapertubeboxes.com\/pt\/wp-json\/wp\/v2\/product_tag?post=533"}],"curies":[{"name":"wp","href":"https:\/\/api.w.org\/{rel}","templated":true}]}}