{"id":554,"date":"2025-12-29T08:15:35","date_gmt":"2025-12-29T08:15:35","guid":{"rendered":"https:\/\/custompapertubeboxes.com\/?post_type=product&#038;p=554"},"modified":"2025-12-29T08:15:35","modified_gmt":"2025-12-29T08:15:35","slug":"creative-custom-water-bottle-paper-tube-packaging-wholesale","status":"publish","type":"product","link":"https:\/\/custompapertubeboxes.com\/pt\/creative-custom-water-bottle-paper-tube-packaging-wholesale\/","title":{"rendered":"Embalagem de tubo de papel para garrafa de \u00e1gua personalizada criativa por atacado"},"content":{"rendered":"<p>A embalagem em tubo de papel personalizada para garrafas de \u00e1gua foi concebida para marcas que pretendem uma apresenta\u00e7\u00e3o calma e moderna sem volume extra. O corpo em cart\u00e3o branco r\u00edgido mant\u00e9m a sua forma durante o transporte, enquanto a lamina\u00e7\u00e3o mate mant\u00e9m a superf\u00edcie sedosa e resistente a riscos. A estampagem a quente prateada confere um destaque n\u00edtido a log\u00f3tipos, \u00edcones ou c\u00f3pias m\u00ednimas. ideal para garrafas de \u00e1gua, conjuntos de oferta e edi\u00e7\u00f5es limitadas, este tubo \u00e9 bem enviado, abre suavemente e deixa os clientes com uma caixa que vale a pena guardar. as inser\u00e7\u00f5es opcionais mant\u00eam as garrafas centradas e protegidas.<\/p>","protected":false},"excerpt":{"rendered":"<p>A embalagem em tubo de papel personalizada e criativa para garrafas de \u00e1gua por atacado oferece um aspeto limpo e pronto a oferecer em cart\u00e3o branco com lamina\u00e7\u00e3o mate, uma tampa de borda plana e detalhes em folha de prata.<\/p>","protected":false},"featured_media":555,"template":"","meta":{"_gspb_post_css":""},"product_brand":[],"product_cat":[20],"product_tag":[347,373,371,372,370,374],"class_list":{"0":"post-554","1":"product","2":"type-product","3":"status-publish","4":"has-post-thumbnail","6":"product_cat-food-paper-tubes","7":"product_tag-custom-round-tube-packaging","8":"product_tag-matte-lamination-packaging","9":"product_tag-rigid-cardboard-cylinder-box","10":"product_tag-silver-hot-foil-stamping","11":"product_tag-water-bottle-paper-tube-packaging","12":"product_tag-wholesale-paper-tube-boxes","14":"first","15":"instock","16":"shipping-taxable","17":"product-type-simple"},"_links":{"self":[{"href":"https:\/\/custompapertubeboxes.com\/pt\/wp-json\/wp\/v2\/product\/554","targetHints":{"allow":["GET"]}}],"collection":[{"href":"https:\/\/custompapertubeboxes.com\/pt\/wp-json\/wp\/v2\/product"}],"about":[{"href":"https:\/\/custompapertubeboxes.com\/pt\/wp-json\/wp\/v2\/types\/product"}],"wp:featuredmedia":[{"embeddable":true,"href":"https:\/\/custompapertubeboxes.com\/pt\/wp-json\/wp\/v2\/media\/555"}],"wp:attachment":[{"href":"https:\/\/custompapertubeboxes.com\/pt\/wp-json\/wp\/v2\/media?parent=554"}],"wp:term":[{"taxonomy":"product_brand","embeddable":true,"href":"https:\/\/custompapertubeboxes.com\/pt\/wp-json\/wp\/v2\/product_brand?post=554"},{"taxonomy":"product_cat","embeddable":true,"href":"https:\/\/custompapertubeboxes.com\/pt\/wp-json\/wp\/v2\/product_cat?post=554"},{"taxonomy":"product_tag","embeddable":true,"href":"https:\/\/custompapertubeboxes.com\/pt\/wp-json\/wp\/v2\/product_tag?post=554"}],"curies":[{"name":"wp","href":"https:\/\/api.w.org\/{rel}","templated":true}]}}