{"id":631,"date":"2025-12-29T09:21:23","date_gmt":"2025-12-29T09:21:23","guid":{"rendered":"https:\/\/custompapertubeboxes.com\/?post_type=product&#038;p=631"},"modified":"2025-12-29T09:21:23","modified_gmt":"2025-12-29T09:21:23","slug":"medlar-tea-paper-cardboard-tea-tube-container-packaging","status":"publish","type":"product","link":"https:\/\/custompapertubeboxes.com\/pt\/medlar-tea-paper-cardboard-tea-tube-container-packaging\/","title":{"rendered":"Embalagem de recipiente de tubo de papel\u00e3o para ch\u00e1 Medlar Tea"},"content":{"rendered":"<p>a embalagem do tubo de ch\u00e1 em cart\u00e3o para ch\u00e1 medlar tea foi concebida para marcas que se preocupam com a frescura e o acabamento. o corpo de qualidade alimentar \u00e9 combinado com um revestimento de folha de alum\u00ednio para bloquear a humidade e os odores, ajudando o delicado ch\u00e1 de frutas a manter-se brilhante. uma tampa e um fundo met\u00e1licos adicionam uma veda\u00e7\u00e3o satisfat\u00f3ria e um empilhamento mais forte para o transporte. a impress\u00e3o limpa e de alta defini\u00e7\u00e3o transforma o tubo numa pe\u00e7a de exposi\u00e7\u00e3o em prateleiras ou conjuntos de oferta. utilize-o para folhas soltas, n\u00easperas, ervas ou kits de amostras - depois reutilize o recipiente para arruma\u00e7\u00e3o na despensa. escolha acabamentos mate ou brilhantes, grava\u00e7\u00e3o em relevo ou folha de alum\u00ednio para combinar com a sua hist\u00f3ria, sem volume extra hoje.<\/p>","protected":false},"excerpt":{"rendered":"<p>A embalagem do tubo de ch\u00e1 em cart\u00e3o para ch\u00e1 medlar tea paper mant\u00e9m o ch\u00e1 estaladi\u00e7o com um revestimento em folha de alum\u00ednio e extremidades met\u00e1licas apertadas.<\/p>","protected":false},"featured_media":633,"template":"","meta":{"_gspb_post_css":""},"product_brand":[],"product_cat":[20,22],"product_tag":[416,229,417,349,415,414],"class_list":{"0":"post-631","1":"product","2":"type-product","3":"status-publish","4":"has-post-thumbnail","6":"product_cat-food-paper-tubes","7":"product_cat-tea-paper-tubes","8":"product_tag-aluminum-foil-lining","9":"product_tag-custom-printed-cardboard-tube","10":"product_tag-food-grade-tea-container","11":"product_tag-metal-lid-paper-tube","12":"product_tag-paper-canister-tube","13":"product_tag-tea-tube-packaging","15":"first","16":"instock","17":"shipping-taxable","18":"product-type-simple"},"_links":{"self":[{"href":"https:\/\/custompapertubeboxes.com\/pt\/wp-json\/wp\/v2\/product\/631","targetHints":{"allow":["GET"]}}],"collection":[{"href":"https:\/\/custompapertubeboxes.com\/pt\/wp-json\/wp\/v2\/product"}],"about":[{"href":"https:\/\/custompapertubeboxes.com\/pt\/wp-json\/wp\/v2\/types\/product"}],"wp:featuredmedia":[{"embeddable":true,"href":"https:\/\/custompapertubeboxes.com\/pt\/wp-json\/wp\/v2\/media\/633"}],"wp:attachment":[{"href":"https:\/\/custompapertubeboxes.com\/pt\/wp-json\/wp\/v2\/media?parent=631"}],"wp:term":[{"taxonomy":"product_brand","embeddable":true,"href":"https:\/\/custompapertubeboxes.com\/pt\/wp-json\/wp\/v2\/product_brand?post=631"},{"taxonomy":"product_cat","embeddable":true,"href":"https:\/\/custompapertubeboxes.com\/pt\/wp-json\/wp\/v2\/product_cat?post=631"},{"taxonomy":"product_tag","embeddable":true,"href":"https:\/\/custompapertubeboxes.com\/pt\/wp-json\/wp\/v2\/product_tag?post=631"}],"curies":[{"name":"wp","href":"https:\/\/api.w.org\/{rel}","templated":true}]}}