{"id":709,"date":"2025-12-30T01:33:32","date_gmt":"2025-12-30T01:33:32","guid":{"rendered":"https:\/\/custompapertubeboxes.com\/?post_type=product&#038;p=709"},"modified":"2025-12-30T01:33:32","modified_gmt":"2025-12-30T01:33:32","slug":"recyclable-water-bottle-cardboard-packaging-cylinder-tube-box","status":"publish","type":"product","link":"https:\/\/custompapertubeboxes.com\/pt\/recyclable-water-bottle-cardboard-packaging-cylinder-tube-box\/","title":{"rendered":"Embalagem de cart\u00e3o para garrafa de \u00e1gua recicl\u00e1vel Caixa de tubo cil\u00edndrico"},"content":{"rendered":"<p>a caixa em cart\u00e3o recicl\u00e1vel para embalagem de garrafas de \u00e1gua em tubo cil\u00edndrico d\u00e1 \u00e0 sua garrafa um aspeto limpo e de qualidade superior. o corpo em cart\u00e3o espesso \u00e9 s\u00f3lido, pelo que o produto se mant\u00e9m protegido de choques, p\u00f3 e desgaste nas prateleiras. a impress\u00e3o de alta qualidade mant\u00e9m os gradientes, \u00edcones e texto fino n\u00edtidos, tal como a disposi\u00e7\u00e3o da amostra. adicione um padr\u00e3o uv pontual para real\u00e7ar o seu log\u00f3tipo ou carater\u00edsticas-chave com um brilho que pode ser sentido ao toque e, em seguida, termine com uma lamina\u00e7\u00e3o brilhante para um polimento extra e resist\u00eancia a riscos. o cilindro telesc\u00f3pico abre-se suavemente para um desempacotamento semelhante a um presente e empilha-se ordenadamente para a venda a retalho. personalize o tamanho, a cor e as inser\u00e7\u00f5es para a sua linha de garrafas.<\/p>","protected":false},"excerpt":{"rendered":"<p>embalagem de cart\u00e3o recicl\u00e1vel para garrafas de \u00e1gua caixa de tubo cil\u00edndrico: tubo de cart\u00e3o resistente com impress\u00e3o v\u00edvida, lamina\u00e7\u00e3o brilhante e pormenores uv pontuais que sobressaem \u00e0 luz, feito para proteger e impressionar.<\/p>","protected":false},"featured_media":716,"template":"","meta":{"_gspb_post_css":""},"product_brand":[],"product_cat":[20,26],"product_tag":[474,477,216,475,476,473],"class_list":{"0":"post-709","1":"product","2":"type-product","3":"status-publish","4":"has-post-thumbnail","6":"product_cat-food-paper-tubes","7":"product_cat-spirits-wine-paper-tubes","8":"product_tag-cardboard-cylinder-tube-box","9":"product_tag-custom-printed-cylinder-box","10":"product_tag-glossy-laminated-tube","11":"product_tag-recyclable-bottle-packaging","12":"product_tag-spot-uv-tube-box","13":"product_tag-water-bottle-tube-packaging","15":"first","16":"instock","17":"shipping-taxable","18":"product-type-simple"},"_links":{"self":[{"href":"https:\/\/custompapertubeboxes.com\/pt\/wp-json\/wp\/v2\/product\/709","targetHints":{"allow":["GET"]}}],"collection":[{"href":"https:\/\/custompapertubeboxes.com\/pt\/wp-json\/wp\/v2\/product"}],"about":[{"href":"https:\/\/custompapertubeboxes.com\/pt\/wp-json\/wp\/v2\/types\/product"}],"wp:featuredmedia":[{"embeddable":true,"href":"https:\/\/custompapertubeboxes.com\/pt\/wp-json\/wp\/v2\/media\/716"}],"wp:attachment":[{"href":"https:\/\/custompapertubeboxes.com\/pt\/wp-json\/wp\/v2\/media?parent=709"}],"wp:term":[{"taxonomy":"product_brand","embeddable":true,"href":"https:\/\/custompapertubeboxes.com\/pt\/wp-json\/wp\/v2\/product_brand?post=709"},{"taxonomy":"product_cat","embeddable":true,"href":"https:\/\/custompapertubeboxes.com\/pt\/wp-json\/wp\/v2\/product_cat?post=709"},{"taxonomy":"product_tag","embeddable":true,"href":"https:\/\/custompapertubeboxes.com\/pt\/wp-json\/wp\/v2\/product_tag?post=709"}],"curies":[{"name":"wp","href":"https:\/\/api.w.org\/{rel}","templated":true}]}}