{"id":723,"date":"2025-12-30T01:39:22","date_gmt":"2025-12-30T01:39:22","guid":{"rendered":"https:\/\/custompapertubeboxes.com\/?post_type=product&#038;p=723"},"modified":"2025-12-30T01:39:22","modified_gmt":"2025-12-30T01:39:22","slug":"child-resistant-paper-tube-box-for-concentrate-container","status":"publish","type":"product","link":"https:\/\/custompapertubeboxes.com\/pt\/child-resistant-paper-tube-box-for-concentrate-container\/","title":{"rendered":"Caixa de tubo de papel resistente a crian\u00e7as para recipiente de concentrado"},"content":{"rendered":"<p>a caixa tubular de papel resistente a crian\u00e7as para recipientes de concentrados \u00e9 fabricada em cart\u00e3o preto robusto que se sente suave e s\u00e9rio na prateleira. o fecho resistente a crian\u00e7as foi concebido para suportar as necessidades de conformidade, abrindo ao mesmo tempo facilmente para os adultos. no interior, uma inser\u00e7\u00e3o confort\u00e1vel ou espuma pode manter um pequeno frasco est\u00e1vel, reduzindo o chocalhar em tr\u00e2nsito. a estampagem a quente d\u00e1 um destaque especial ao seu log\u00f3tipo sem sobrecarregar o design. quando o produto se esgota, o corpo de papel biodegrad\u00e1vel ajuda a reduzir os res\u00edduos em compara\u00e7\u00e3o com as embalagens de pl\u00e1stico. personalize o di\u00e2metro, a altura e o acabamento para cosm\u00e9ticos, suplementos ou outros concentrados. com inser\u00e7\u00f5es personalizadas opcionais no interior.<\/p>","protected":false},"excerpt":{"rendered":"<p>Caixa em tubo de papel resistente \u00e0s crian\u00e7as para recipiente de concentrado: cart\u00e3o preto mate com fecho de empurrar e rodar, log\u00f3tipo em folha quente e estrutura biodegrad\u00e1vel que mant\u00e9m os pequenos frascos discretos e protegidos.<\/p>","protected":false},"featured_media":725,"template":"","meta":{"_gspb_post_css":""},"product_brand":[],"product_cat":[29],"product_tag":[485,484,72,486,487,274],"class_list":{"0":"post-723","1":"product","2":"type-product","3":"status-publish","4":"has-post-thumbnail","6":"product_cat-child-resistant-paper-tubes","7":"product_tag-biodegradable-cylinder-packaging","8":"product_tag-black-cardboard-tube-box","9":"product_tag-child-resistant-paper-tube","10":"product_tag-concentrate-container-packaging","11":"product_tag-custom-paper-tube-box","12":"product_tag-hot-foil-stamped-tube","14":"first","15":"instock","16":"shipping-taxable","17":"product-type-simple"},"_links":{"self":[{"href":"https:\/\/custompapertubeboxes.com\/pt\/wp-json\/wp\/v2\/product\/723","targetHints":{"allow":["GET"]}}],"collection":[{"href":"https:\/\/custompapertubeboxes.com\/pt\/wp-json\/wp\/v2\/product"}],"about":[{"href":"https:\/\/custompapertubeboxes.com\/pt\/wp-json\/wp\/v2\/types\/product"}],"wp:featuredmedia":[{"embeddable":true,"href":"https:\/\/custompapertubeboxes.com\/pt\/wp-json\/wp\/v2\/media\/725"}],"wp:attachment":[{"href":"https:\/\/custompapertubeboxes.com\/pt\/wp-json\/wp\/v2\/media?parent=723"}],"wp:term":[{"taxonomy":"product_brand","embeddable":true,"href":"https:\/\/custompapertubeboxes.com\/pt\/wp-json\/wp\/v2\/product_brand?post=723"},{"taxonomy":"product_cat","embeddable":true,"href":"https:\/\/custompapertubeboxes.com\/pt\/wp-json\/wp\/v2\/product_cat?post=723"},{"taxonomy":"product_tag","embeddable":true,"href":"https:\/\/custompapertubeboxes.com\/pt\/wp-json\/wp\/v2\/product_tag?post=723"}],"curies":[{"name":"wp","href":"https:\/\/api.w.org\/{rel}","templated":true}]}}