{"id":734,"date":"2025-12-30T01:45:53","date_gmt":"2025-12-30T01:45:53","guid":{"rendered":"https:\/\/custompapertubeboxes.com\/?post_type=product&#038;p=734"},"modified":"2025-12-30T01:45:53","modified_gmt":"2025-12-30T01:45:53","slug":"water-bottles-paper-tube-packaging-custom-round-cardboard-boxes-for-water-bottles","status":"publish","type":"product","link":"https:\/\/custompapertubeboxes.com\/pt\/water-bottles-paper-tube-packaging-custom-round-cardboard-boxes-for-water-bottles\/","title":{"rendered":"Embalagem de tubo de papel para garrafas de \u00e1gua, Caixas de cart\u00e3o redondas personalizadas para garrafas de \u00e1gua"},"content":{"rendered":"<p>a embalagem em tubo de papel para garrafas de \u00e1gua, as caixas de cart\u00e3o redondas personalizadas para garrafas de \u00e1gua s\u00e3o feitas para proteger uma garrafa e faz\u00ea-la sentir-se como um presente. o n\u00facleo de papel r\u00edgido de 800 g\/m\u00b2 d\u00e1 ao tubo uma for\u00e7a real, enquanto o inv\u00f3lucro de papel art\u00edstico de 125 g\/m\u00b2 cria uma superf\u00edcie lisa para impress\u00e3o offset - \u00f3ptima para log\u00f3tipos n\u00edtidos, texto fino e blocos de cores ricas como a amostra vermelha. adicione estampagem a quente para dar vida \u00e0 sua marca com um brilho met\u00e1lico e, em seguida, termine com lamina\u00e7\u00e3o mate para um toque suave e moderno que resiste a impress\u00f5es digitais. com 6\u00d715 cm, o tubo telesc\u00f3pico abre-se de forma limpa e fecha-se de forma segura para venda a retalho ou para oferta.<\/p>","protected":false},"excerpt":{"rendered":"<p>Embalagem em tubo de papel para garrafas de \u00e1gua, caixas de cart\u00e3o redondas personalizadas para garrafas de \u00e1gua: Tubo r\u00edgido de 6\u00d715 cm com lamina\u00e7\u00e3o mate, impress\u00e3o offset limpa e log\u00f3tipo em folha quente para um aspeto polido e pronto a oferecer.<\/p>","protected":false},"featured_media":741,"template":"","meta":{"_gspb_post_css":""},"product_brand":[],"product_cat":[20,26],"product_tag":[179,274,493,496,495,494],"class_list":{"0":"post-734","1":"product","2":"type-product","3":"status-publish","4":"has-post-thumbnail","6":"product_cat-food-paper-tubes","7":"product_cat-spirits-wine-paper-tubes","8":"product_tag-custom-cylinder-packaging","9":"product_tag-hot-foil-stamped-tube","10":"product_tag-matte-laminated-tube-box","11":"product_tag-rigid-paper-tube-packaging","12":"product_tag-round-cardboard-bottle-box","13":"product_tag-water-bottle-paper-tube","15":"first","16":"instock","17":"shipping-taxable","18":"product-type-simple"},"_links":{"self":[{"href":"https:\/\/custompapertubeboxes.com\/pt\/wp-json\/wp\/v2\/product\/734","targetHints":{"allow":["GET"]}}],"collection":[{"href":"https:\/\/custompapertubeboxes.com\/pt\/wp-json\/wp\/v2\/product"}],"about":[{"href":"https:\/\/custompapertubeboxes.com\/pt\/wp-json\/wp\/v2\/types\/product"}],"wp:featuredmedia":[{"embeddable":true,"href":"https:\/\/custompapertubeboxes.com\/pt\/wp-json\/wp\/v2\/media\/741"}],"wp:attachment":[{"href":"https:\/\/custompapertubeboxes.com\/pt\/wp-json\/wp\/v2\/media?parent=734"}],"wp:term":[{"taxonomy":"product_brand","embeddable":true,"href":"https:\/\/custompapertubeboxes.com\/pt\/wp-json\/wp\/v2\/product_brand?post=734"},{"taxonomy":"product_cat","embeddable":true,"href":"https:\/\/custompapertubeboxes.com\/pt\/wp-json\/wp\/v2\/product_cat?post=734"},{"taxonomy":"product_tag","embeddable":true,"href":"https:\/\/custompapertubeboxes.com\/pt\/wp-json\/wp\/v2\/product_tag?post=734"}],"curies":[{"name":"wp","href":"https:\/\/api.w.org\/{rel}","templated":true}]}}