{"id":761,"date":"2025-12-30T01:56:47","date_gmt":"2025-12-30T01:56:47","guid":{"rendered":"https:\/\/custompapertubeboxes.com\/?post_type=product&#038;p=761"},"modified":"2025-12-30T01:56:47","modified_gmt":"2025-12-30T01:56:47","slug":"plastic-free-cardboard-cosmetic-tube-eco-friendly-paper-tube","status":"publish","type":"product","link":"https:\/\/custompapertubeboxes.com\/pt\/plastic-free-cardboard-cosmetic-tube-eco-friendly-paper-tube\/","title":{"rendered":"Tubo de cosm\u00e9ticos de cart\u00e3o sem pl\u00e1stico Tubo de papel ecol\u00f3gico"},"content":{"rendered":"<p>o tubo de cosm\u00e9tica em cart\u00e3o sem pl\u00e1stico \u00e9 um tubo de papel ecol\u00f3gico concebido para marcas de beleza que pretendem um aspeto luxuoso nas prateleiras sem grandes desperd\u00edcios de pl\u00e1stico. o corpo do tubo de papel \u00e9 biodegrad\u00e1vel e tem um toque aveludado na m\u00e3o, como uma embalagem de oferta de qualidade superior. a estampagem a quente em folha de ouro confere um brilho quente aos log\u00f3tipos e \u00e0 tipografia, combinando com a paleta rica e escura da amostra. no interior, um suporte em forma de espuma aconchega os pequenos frascos ou potes de cuidados labiais, para que n\u00e3o chocalhem, n\u00e3o se inclinem, nem se amachuquem durante o transporte. a tampa telesc\u00f3pica fecha-se confortavelmente para um desembalamento arrumado. personalize o di\u00e2metro, a altura, as inser\u00e7\u00f5es e os acabamentos para b\u00e1lsamos labiais, perfumes s\u00f3lidos, minis ou cuidados de pele de viagem.<\/p>","protected":false},"excerpt":{"rendered":"<p>tubo de cosm\u00e9tica em cart\u00e3o sem pl\u00e1stico tubo de papel ecol\u00f3gico: cilindro biodegrad\u00e1vel com log\u00f3tipo em folha quente dourada e um suporte em forma de espuma que mant\u00e9m os frascos de b\u00e1lsamo firmes, prontos a oferecer e bem protegidos.<\/p>","protected":false},"featured_media":764,"template":"","meta":{"_gspb_post_css":""},"product_brand":[],"product_cat":[15],"product_tag":[508,507,429,394,500,506],"class_list":{"0":"post-761","1":"product","2":"type-product","3":"status-publish","4":"has-post-thumbnail","6":"product_cat-cosmetics-paper-tubes","7":"product_tag-biodegradable-cosmetic-tube","8":"product_tag-cardboard-cosmetic-tube","9":"product_tag-eco-friendly-paper-tube","10":"product_tag-foam-insert-tube-box","11":"product_tag-gold-foil-stamped-tube","12":"product_tag-plastic-free-cosmetic-packaging","14":"first","15":"instock","16":"shipping-taxable","17":"product-type-simple"},"_links":{"self":[{"href":"https:\/\/custompapertubeboxes.com\/pt\/wp-json\/wp\/v2\/product\/761","targetHints":{"allow":["GET"]}}],"collection":[{"href":"https:\/\/custompapertubeboxes.com\/pt\/wp-json\/wp\/v2\/product"}],"about":[{"href":"https:\/\/custompapertubeboxes.com\/pt\/wp-json\/wp\/v2\/types\/product"}],"wp:featuredmedia":[{"embeddable":true,"href":"https:\/\/custompapertubeboxes.com\/pt\/wp-json\/wp\/v2\/media\/764"}],"wp:attachment":[{"href":"https:\/\/custompapertubeboxes.com\/pt\/wp-json\/wp\/v2\/media?parent=761"}],"wp:term":[{"taxonomy":"product_brand","embeddable":true,"href":"https:\/\/custompapertubeboxes.com\/pt\/wp-json\/wp\/v2\/product_brand?post=761"},{"taxonomy":"product_cat","embeddable":true,"href":"https:\/\/custompapertubeboxes.com\/pt\/wp-json\/wp\/v2\/product_cat?post=761"},{"taxonomy":"product_tag","embeddable":true,"href":"https:\/\/custompapertubeboxes.com\/pt\/wp-json\/wp\/v2\/product_tag?post=761"}],"curies":[{"name":"wp","href":"https:\/\/api.w.org\/{rel}","templated":true}]}}